{"id":3609,"date":"2019-12-12T20:37:38","date_gmt":"2019-12-12T19:37:38","guid":{"rendered":"http:\/\/sp1.hrubieszow.info\/?page_id=3609"},"modified":"2019-12-12T20:38:03","modified_gmt":"2019-12-12T19:38:03","slug":"podopieczni-pana-leszka-kryszczuka","status":"publish","type":"page","link":"https:\/\/sp1hrubieszow.pl\/index.php\/kronika-2019-2020\/podopieczni-pana-leszka-kryszczuka\/","title":{"rendered":"Podopieczni pana Leszka Kryszczuka"},"content":{"rendered":"\n<p align=\"JUSTIFY\"><span style=\"color: #000066;\"><span style=\"font-family: Times New Roman, serif;\"><span style=\"font-size: medium;\"><span style=\"font-family: Arial, serif;\">Podopieczni Leszka Kryszczuka \u2013 instruktora sekcji Modelarstwa Lotniczego Uczniowskiego Klubu Sportowego \u201eJedynka\u201d w Hrubieszowie mieli wyj\u0105tkow\u0105 okazj\u0119 rywalizowa\u0107 pod ziemi\u0105 \u2013 w kopalni soli w Bochni.<\/span><\/span><\/span><\/span><\/p>\n<p align=\"JUSTIFY\"><span style=\"color: #000066;\"><span style=\"font-family: Times New Roman, serif;\"><span style=\"font-size: medium;\"><span style=\"font-family: Arial, serif;\">W ostatni weekend rozegrano ostatnie w tym roku zawody Modeli Halowych, aren\u0105 zmaga\u0144 zawodnik\u00f3w by\u0142a hala sportowa zlokalizowana w&nbsp;kopalni soli na g\u0142\u0119boko\u015bci 250 m pod ziemi\u0105.&nbsp;Warunki panuj\u0105ce w tym miejscu s\u0105 optymalne, \u017cadnego ruchu powietrza, a temperatura sta\u0142a ok. 18<\/span><sup><span style=\"font-family: Arial, serif;\"><span style=\"font-size: small;\">0<\/span><\/span><\/sup><span style=\"font-family: Arial, serif;\">C.<\/span><\/span><\/span><\/span><\/p>\n<p align=\"JUSTIFY\"><span style=\"color: #000066;\"><span style=\"font-family: Times New Roman, serif;\"><span style=\"font-size: medium;\"><span style=\"font-family: Arial, serif;\">W konkurencji F1N m\u0142odzik\u00f3w wystartowali Karol Szumiata i Filip Pasieka,&nbsp;w&nbsp;klasyfikacji junior\u00f3w m\u0142odszych Mateusz Mi\u0119czak, a w\u015br\u00f3d junior\u00f3w Jakub Wezgraj, kt\u00f3ry stan\u0105\u0142 na najwy\u017cszym stopniu podium i Kacper Kaczmarek zaj\u0105\u0142 III miejsce. <\/span><\/span><\/span><\/span><\/p>\n<p align=\"JUSTIFY\"><span style=\"color: #000066;\"><span style=\"font-family: Times New Roman, serif;\"><span style=\"font-size: medium;\"><span style=\"font-family: Arial, serif;\">W dniu 08.12.2019r. modelarze udali si\u0119 na Og\u00f3lnopolskie Zawody Modeli Halowych w Niepo\u0142omicach, gdzie i tam odnie\u015bli sukcesy. Karol Szumiata zaj\u0105\u0142 III miejsce w&nbsp;kategorii wiekowej m\u0142odzik\u00f3w, a w kategorii junior\u00f3w wygra\u0142 Kacper Kaczmarek, kt\u00f3ry zdoby\u0142 g\u0142\u00f3wna nagrod\u0119 w postaci modelu szybowca.<\/span><\/span><\/span><\/span><\/p>\nngg_shortcode_0_placeholder\n","protected":false},"excerpt":{"rendered":"<p>Podopieczni Leszka Kryszczuka \u2013 instruktora sekcji Modelarstwa Lotniczego Uczniowskiego Klubu Sportowego \u201eJedynka\u201d w Hrubieszowie mieli wyj\u0105tkow\u0105 okazj\u0119 rywalizowa\u0107 pod ziemi\u0105 \u2013 w kopalni soli w Bochni. W ostatni weekend rozegrano ostatnie w tym roku zawody Modeli Halowych, aren\u0105 zmaga\u0144 zawodnik\u00f3w by\u0142a hala sportowa zlokalizowana w&nbsp;kopalni soli na g\u0142\u0119boko\u015bci 250 m pod ziemi\u0105.&nbsp;Warunki panuj\u0105ce w tym [&hellip;]<\/p>\n","protected":false},"author":2,"featured_media":0,"parent":2167,"menu_order":0,"comment_status":"closed","ping_status":"closed","template":"","meta":{"ngg_post_thumbnail":0,"footnotes":""},"class_list":["post-3609","page","type-page","status-publish","hentry"],"_links":{"self":[{"href":"https:\/\/sp1hrubieszow.pl\/index.php\/wp-json\/wp\/v2\/pages\/3609","targetHints":{"allow":["GET"]}}],"collection":[{"href":"https:\/\/sp1hrubieszow.pl\/index.php\/wp-json\/wp\/v2\/pages"}],"about":[{"href":"https:\/\/sp1hrubieszow.pl\/index.php\/wp-json\/wp\/v2\/types\/page"}],"author":[{"embeddable":true,"href":"https:\/\/sp1hrubieszow.pl\/index.php\/wp-json\/wp\/v2\/users\/2"}],"replies":[{"embeddable":true,"href":"https:\/\/sp1hrubieszow.pl\/index.php\/wp-json\/wp\/v2\/comments?post=3609"}],"version-history":[{"count":1,"href":"https:\/\/sp1hrubieszow.pl\/index.php\/wp-json\/wp\/v2\/pages\/3609\/revisions"}],"predecessor-version":[{"id":3610,"href":"https:\/\/sp1hrubieszow.pl\/index.php\/wp-json\/wp\/v2\/pages\/3609\/revisions\/3610"}],"up":[{"embeddable":true,"href":"https:\/\/sp1hrubieszow.pl\/index.php\/wp-json\/wp\/v2\/pages\/2167"}],"wp:attachment":[{"href":"https:\/\/sp1hrubieszow.pl\/index.php\/wp-json\/wp\/v2\/media?parent=3609"}],"curies":[{"name":"wp","href":"https:\/\/api.w.org\/{rel}","templated":true}]}}