{"id":3570,"date":"2019-12-12T20:16:32","date_gmt":"2019-12-12T19:16:32","guid":{"rendered":"http:\/\/sp1.hrubieszow.info\/?page_id=3570"},"modified":"2019-12-12T20:17:31","modified_gmt":"2019-12-12T19:17:31","slug":"mikolajki-w-naszej-szkole","status":"publish","type":"page","link":"https:\/\/sp1hrubieszow.pl\/index.php\/kronika-2019-2020\/mikolajki-w-naszej-szkole\/","title":{"rendered":"Miko\u0142ajki w naszej szkole"},"content":{"rendered":"\n<p align=\"LEFT\"><span style=\"color: #000066;\"><span style=\"font-family: Arial, sans-serif;\"><span style=\"font-size: medium;\">6 grudnia, jest od wielu lat dniem, w kt\u00f3rym podtrzymujemy w naszej szkole <\/span><\/span><\/span><span style=\"color: #000066;\"><span style=\"font-family: Arial, sans-serif;\"><span style=\"font-size: medium;\">miko\u0142ajkow\u0105 tradycj\u0119. Od samego rana po korytarzach i klasach kr\u0119cili si\u0119 uczniowie ubrani na czerwono, w pi\u0119knych miko\u0142ajkowych czapkach. Po d\u0142ugim oczekiwaniu przyby\u0142 do naszej spo\u0142eczno\u015bci \u015awi\u0119ty Miko\u0142aj (a w\u0142a\u015bciwie trzech: Karol Konopko z kl. 8a, Maciej Rz\u0105d z kl. 8c i wyj\u0105tkowy Miko\u0142aj dla klasy 5b), w towarzystwie pi\u0119knych \u015bnie\u017cynek (Karolina Olsz\u00f3wka, Lidia Grab, Kinga Lizun), kt\u00f3re pomaga\u0142y mu wr\u0119cza\u0107 upominki i s\u0142odko\u015bci. Dzieci w klasach 0-3 wita\u0142y go wierszykami i piosenkami. Spotkania przebiega\u0142y w bardzo radosnym i \u015bwi\u0105tecznym nastroju. <\/span><\/span><\/span><\/p>\n<p align=\"LEFT\"><span style=\"color: #000066;\">\u201e<span style=\"font-family: Arial, sans-serif;\"><span style=\"font-size: medium;\">6 grudnia to magiczna data, bo radosn\u0105 nadziej\u0105 serca nasze oplata\u201d, tymi s\u0142owami rozpocz\u0119li\u015bmy w naszej szkole spotkanie z Miko\u0142ajem dla klas 0 \u2013 3. Przybycie dostojnego go\u015bcia u\u015bwietni\u0142o bajkowe przedstawienie przygotowane przez uczni\u00f3w z Ma\u0142ego Samorz\u0105du Uczniowskiego. Dzieci \u015bpiewa\u0142y piosenki, ta\u0144czy\u0142y, recytowa\u0142y wiersze i oczywi\u015bcie odgrywa\u0142y role. Mo\u017cna wi\u0119c by\u0142o zobaczy\u0107 Czarownic\u0119, Wilka, Czerwonego Kapturka, Jasia i Ma\u0142gosi\u0119, zaczarowanego Miko\u0142aja oraz \u015anie\u017cynki. Poniewa\u017c wszyscy uczniowie byli bardzo grzeczni i potrafili spe\u0142ni\u0107 trzy \u017cyczenia Miko\u0142aja, doczekali si\u0119 s\u0142odkich upomink\u00f3w. Serdecznie dzi\u0119kujemy Stowarzyszeniu<\/span><\/span><span style=\"font-family: Arial, sans-serif;\"><span style=\"font-size: medium;\"> na Rzecz Dzieci i M\u0142odzie\u017cy &#8222;Jestem&#8221; za sponsorowanie s\u0142odko\u015bci. <\/span><\/span><\/span><\/p>\n<p align=\"LEFT\">&nbsp;<\/p>\nngg_shortcode_0_placeholder\n","protected":false},"excerpt":{"rendered":"<p>6 grudnia, jest od wielu lat dniem, w kt\u00f3rym podtrzymujemy w naszej szkole miko\u0142ajkow\u0105 tradycj\u0119. Od samego rana po korytarzach i klasach kr\u0119cili si\u0119 uczniowie ubrani na czerwono, w pi\u0119knych miko\u0142ajkowych czapkach. Po d\u0142ugim oczekiwaniu przyby\u0142 do naszej spo\u0142eczno\u015bci \u015awi\u0119ty Miko\u0142aj (a w\u0142a\u015bciwie trzech: Karol Konopko z kl. 8a, Maciej Rz\u0105d z kl. 8c i [&hellip;]<\/p>\n","protected":false},"author":2,"featured_media":0,"parent":2167,"menu_order":0,"comment_status":"closed","ping_status":"closed","template":"","meta":{"ngg_post_thumbnail":0,"footnotes":""},"class_list":["post-3570","page","type-page","status-publish","hentry"],"_links":{"self":[{"href":"https:\/\/sp1hrubieszow.pl\/index.php\/wp-json\/wp\/v2\/pages\/3570","targetHints":{"allow":["GET"]}}],"collection":[{"href":"https:\/\/sp1hrubieszow.pl\/index.php\/wp-json\/wp\/v2\/pages"}],"about":[{"href":"https:\/\/sp1hrubieszow.pl\/index.php\/wp-json\/wp\/v2\/types\/page"}],"author":[{"embeddable":true,"href":"https:\/\/sp1hrubieszow.pl\/index.php\/wp-json\/wp\/v2\/users\/2"}],"replies":[{"embeddable":true,"href":"https:\/\/sp1hrubieszow.pl\/index.php\/wp-json\/wp\/v2\/comments?post=3570"}],"version-history":[{"count":2,"href":"https:\/\/sp1hrubieszow.pl\/index.php\/wp-json\/wp\/v2\/pages\/3570\/revisions"}],"predecessor-version":[{"id":3572,"href":"https:\/\/sp1hrubieszow.pl\/index.php\/wp-json\/wp\/v2\/pages\/3570\/revisions\/3572"}],"up":[{"embeddable":true,"href":"https:\/\/sp1hrubieszow.pl\/index.php\/wp-json\/wp\/v2\/pages\/2167"}],"wp:attachment":[{"href":"https:\/\/sp1hrubieszow.pl\/index.php\/wp-json\/wp\/v2\/media?parent=3570"}],"curies":[{"name":"wp","href":"https:\/\/api.w.org\/{rel}","templated":true}]}}