{"id":3520,"date":"2019-12-12T13:19:21","date_gmt":"2019-12-12T12:19:21","guid":{"rendered":"http:\/\/sp1.hrubieszow.info\/?page_id=3520"},"modified":"2019-12-12T13:19:21","modified_gmt":"2019-12-12T12:19:21","slug":"stypendium-marszalka-wojewodztwa-lubelskiego","status":"publish","type":"page","link":"https:\/\/sp1hrubieszow.pl\/index.php\/kronika-2019-2020\/stypendium-marszalka-wojewodztwa-lubelskiego\/","title":{"rendered":"Stypendium Marsza\u0142ka Wojew\u00f3dztwa Lubelskiego"},"content":{"rendered":"\n<p><strong><span style=\"color: #000080;\">Stypendium Marsza\u0142ka Wojew\u00f3dztwa Lubelskiego<\/span> dla ucznia SP Nr 1 <br>w Hrubieszowie<\/strong><\/p>\n<p><strong>W dniu 10.12.2019r., w Centrum Spotkania Kultur w Lublinie, odby\u0142a si\u0119 gala wr\u0119czenie stypendi\u00f3w, w ramach programu stypendialnego \u201eLubelskie wspiera uzdolnionych 2019-2020\u201d.W gronie stypendyst\u00f3w znalaz\u0142 si\u0119 Karol Kuczy\u0144ski<\/strong><strong>, ucze\u0144 kl. VIII c, Szko\u0142y Podstawowej Nr 1 im. Boles\u0142awa Prusa w Hrubieszowie.<\/strong><\/p>\n<p><strong>\u201eLubelskie wspiera uzdolnionych 2019-2020\u201d<\/strong>&nbsp;to program stypendialny skierowany do szczeg\u00f3lnie uzdolnionych uczni\u00f3w w&nbsp;zakresie przedmiot\u00f3w przyrodniczych, informatycznych, j. obcych nowo\u017cytnych, matematyki lub przedsi\u0119biorczo\u015bci.<\/p>\n<p>Karol Kuczy\u0144ski otrzyma\u0142 stypendium za wyr\u00f3\u017cniaj\u0105ce wyniki w nauce oraz uzyskanie tytu\u0142u finalisty konkursu przedmiotowego z matematyki. W ramach programu stypendialnego b\u0119dzie rozwija\u0142 swoje zainteresowania matematyczne pod opiek\u0105 nauczyciela matematyki pani Ma\u0142gorzaty Szumiaty. Gratulujemy i \u017cyczymy dalszych sukces\u00f3w.<\/p>\nngg_shortcode_0_placeholder\n","protected":false},"excerpt":{"rendered":"<p>Stypendium Marsza\u0142ka Wojew\u00f3dztwa Lubelskiego dla ucznia SP Nr 1 w Hrubieszowie W dniu 10.12.2019r., w Centrum Spotkania Kultur w Lublinie, odby\u0142a si\u0119 gala wr\u0119czenie stypendi\u00f3w, w ramach programu stypendialnego \u201eLubelskie wspiera uzdolnionych 2019-2020\u201d.W gronie stypendyst\u00f3w znalaz\u0142 si\u0119 Karol Kuczy\u0144ski, ucze\u0144 kl. VIII c, Szko\u0142y Podstawowej Nr 1 im. Boles\u0142awa Prusa w Hrubieszowie. \u201eLubelskie wspiera uzdolnionych [&hellip;]<\/p>\n","protected":false},"author":1,"featured_media":0,"parent":2167,"menu_order":30,"comment_status":"closed","ping_status":"closed","template":"","meta":{"ngg_post_thumbnail":0,"footnotes":""},"class_list":["post-3520","page","type-page","status-publish","hentry"],"_links":{"self":[{"href":"https:\/\/sp1hrubieszow.pl\/index.php\/wp-json\/wp\/v2\/pages\/3520","targetHints":{"allow":["GET"]}}],"collection":[{"href":"https:\/\/sp1hrubieszow.pl\/index.php\/wp-json\/wp\/v2\/pages"}],"about":[{"href":"https:\/\/sp1hrubieszow.pl\/index.php\/wp-json\/wp\/v2\/types\/page"}],"author":[{"embeddable":true,"href":"https:\/\/sp1hrubieszow.pl\/index.php\/wp-json\/wp\/v2\/users\/1"}],"replies":[{"embeddable":true,"href":"https:\/\/sp1hrubieszow.pl\/index.php\/wp-json\/wp\/v2\/comments?post=3520"}],"version-history":[{"count":1,"href":"https:\/\/sp1hrubieszow.pl\/index.php\/wp-json\/wp\/v2\/pages\/3520\/revisions"}],"predecessor-version":[{"id":3521,"href":"https:\/\/sp1hrubieszow.pl\/index.php\/wp-json\/wp\/v2\/pages\/3520\/revisions\/3521"}],"up":[{"embeddable":true,"href":"https:\/\/sp1hrubieszow.pl\/index.php\/wp-json\/wp\/v2\/pages\/2167"}],"wp:attachment":[{"href":"https:\/\/sp1hrubieszow.pl\/index.php\/wp-json\/wp\/v2\/media?parent=3520"}],"curies":[{"name":"wp","href":"https:\/\/api.w.org\/{rel}","templated":true}]}}