{"id":3505,"date":"2019-12-10T20:28:30","date_gmt":"2019-12-10T19:28:30","guid":{"rendered":"http:\/\/sp1.hrubieszow.info\/?page_id=3505"},"modified":"2019-12-10T20:28:58","modified_gmt":"2019-12-10T19:28:58","slug":"miedzynarodowy-dzien-wolontariusza","status":"publish","type":"page","link":"https:\/\/sp1hrubieszow.pl\/index.php\/kronika-2019-2020\/miedzynarodowy-dzien-wolontariusza\/","title":{"rendered":"MI\u0118DZYNARODOWY DZIE\u0143 WOLONTARIUSZA"},"content":{"rendered":"\n<p align=\"LEFT\"><span style=\"color: #000066;\"><span style=\"font-family: Arial, sans-serif;\"><span style=\"font-size: medium;\">Co roku 5 grudnia obchodzimy Mi\u0119dzynarodowy Dzie\u0144 Wolontariusza. Jest to \u015bwi\u0119to wszystkich ludzi dobrej woli, kt\u00f3rzy bardzo ch\u0119tnie po\u015bwi\u0119caj\u0105 sw\u00f3j czas na prace spo\u0142eczne oraz dla os\u00f3b potrzebuj\u0105cych. Ustanowienie tego \u015bwi\u0119ta w 1986 roku przez ONZ by\u0142o wyrazem oficjalnego docenienia pracy wolontariackiej. To te\u017c doskona\u0142y moment dla samych wolontariuszy, aby podzielili si\u0119 z innymi swoimi osi\u0105gni\u0119ciami i realizowanymi inicjatywami zach\u0119caj\u0105c do wsp\u00f3\u0142dzia\u0142ania tych, kt\u00f3rzy w jakikolwiek spos\u00f3b wahaj\u0105 si\u0119 w do\u0142\u0105czeniu do tak szlachetnej inicjatywy. <\/span><\/span><\/span><\/p>\n<p align=\"LEFT\"><span style=\"color: #000066;\"><span style=\"font-family: Arial, sans-serif;\"><span style=\"font-size: medium;\">Obchody Mi\u0119dzynarodowego Dnia Wolontariusza w naszej szkole, rozpocz\u0119\u0142y si\u0119 od wys\u0142ucha\u0142a audycji z radiow\u0119z\u0142a szkolnego, kt\u00f3r\u0105 poprowadzili Martyna Wilkom oraz Pawe\u0142 Gumieniak, \u017cycz\u0105c wszystkim wolontariuszom spe\u0142nienia marze\u0144, rado\u015bci, realizacji zamierzonych cel\u00f3w, satysfakcji w \u017cyciu osobistym a przede wszystkim tego, aby ka\u017cdy dobry uczynek, ka\u017cdy u\u015bmiech i dobre s\u0142owo wraca\u0142o do nich i dawa\u0142o im si\u0142\u0119. <\/span><\/span><\/span><\/p>\n<p align=\"LEFT\"><span style=\"color: #000066;\"><span style=\"font-family: Arial, sans-serif;\"><span style=\"font-size: medium;\">Kolejnym punktem obchod\u00f3w by\u0142o spotkanie cz\u0142onk\u00f3w SKW z mened\u017cerem Hospicjum Santa Galla w \u0141abu\u0144cach oraz wieloletni\u0105 wolontariuszk\u0105, na co dzie\u0144 pracuj\u0105c\u0105 w Hospicjum. Prelegenci przybli\u017cyli m\u0142odzie\u017cy podstawow\u0105 wiedz\u0119 na temat pracy wolontariackiej, rodzaje wolontariatu oraz jak mo\u017cna zosta\u0107 wolontariuszem opieku\u0144czym lub akcyjnym. Na koniec zaproszeni go\u015bcie przedstawili kr\u00f3tki film z wykonywanej pracy przez wolontariuszy w Hospicjum. <\/span><\/span><\/span><\/p>\n<p align=\"LEFT\"><span style=\"color: #000066;\"><span style=\"font-family: Arial, sans-serif;\"><span style=\"font-size: medium;\">Z okazji Waszego \u015bwi\u0119ta serdecznie dzi\u0119kuj\u0119 za Wasz\u0105 bezinteresown\u0105 dzia\u0142alno\u015b\u0107 oraz \u017cycz\u0119 du\u017co zdrowia, szcz\u0119\u015bcia i rado\u015bci w \u017cyciu. Niech wolontariat b\u0119dzie \u017ar\u00f3d\u0142em waszej wewn\u0119trznej satysfakcji, a wdzi\u0119czno\u015b\u0107 i u\u015bmiech potrzebuj\u0105cych, niech motywuje Was do dalszego dzia\u0142ania na polu woluntarystycznym. Dzi\u0119kuj\u0119 pani Monice Jako\u015b-W\u00f3r za zaanga\u017cowanie i pomoc \u2013 Opiekun Szkolnego Ko\u0142a Wolontariatu Anna Karkuszewska.<\/span><\/span><\/span><\/p>\nngg_shortcode_0_placeholder\n","protected":false},"excerpt":{"rendered":"<p>Co roku 5 grudnia obchodzimy Mi\u0119dzynarodowy Dzie\u0144 Wolontariusza. Jest to \u015bwi\u0119to wszystkich ludzi dobrej woli, kt\u00f3rzy bardzo ch\u0119tnie po\u015bwi\u0119caj\u0105 sw\u00f3j czas na prace spo\u0142eczne oraz dla os\u00f3b potrzebuj\u0105cych. Ustanowienie tego \u015bwi\u0119ta w 1986 roku przez ONZ by\u0142o wyrazem oficjalnego docenienia pracy wolontariackiej. To te\u017c doskona\u0142y moment dla samych wolontariuszy, aby podzielili si\u0119 z innymi swoimi [&hellip;]<\/p>\n","protected":false},"author":2,"featured_media":0,"parent":2167,"menu_order":0,"comment_status":"closed","ping_status":"closed","template":"","meta":{"ngg_post_thumbnail":0,"footnotes":""},"class_list":["post-3505","page","type-page","status-publish","hentry"],"_links":{"self":[{"href":"https:\/\/sp1hrubieszow.pl\/index.php\/wp-json\/wp\/v2\/pages\/3505","targetHints":{"allow":["GET"]}}],"collection":[{"href":"https:\/\/sp1hrubieszow.pl\/index.php\/wp-json\/wp\/v2\/pages"}],"about":[{"href":"https:\/\/sp1hrubieszow.pl\/index.php\/wp-json\/wp\/v2\/types\/page"}],"author":[{"embeddable":true,"href":"https:\/\/sp1hrubieszow.pl\/index.php\/wp-json\/wp\/v2\/users\/2"}],"replies":[{"embeddable":true,"href":"https:\/\/sp1hrubieszow.pl\/index.php\/wp-json\/wp\/v2\/comments?post=3505"}],"version-history":[{"count":1,"href":"https:\/\/sp1hrubieszow.pl\/index.php\/wp-json\/wp\/v2\/pages\/3505\/revisions"}],"predecessor-version":[{"id":3506,"href":"https:\/\/sp1hrubieszow.pl\/index.php\/wp-json\/wp\/v2\/pages\/3505\/revisions\/3506"}],"up":[{"embeddable":true,"href":"https:\/\/sp1hrubieszow.pl\/index.php\/wp-json\/wp\/v2\/pages\/2167"}],"wp:attachment":[{"href":"https:\/\/sp1hrubieszow.pl\/index.php\/wp-json\/wp\/v2\/media?parent=3505"}],"curies":[{"name":"wp","href":"https:\/\/api.w.org\/{rel}","templated":true}]}}