{"id":3493,"date":"2019-12-10T20:10:18","date_gmt":"2019-12-10T19:10:18","guid":{"rendered":"http:\/\/sp1.hrubieszow.info\/?page_id=3493"},"modified":"2019-12-10T20:12:55","modified_gmt":"2019-12-10T19:12:55","slug":"zbiorka-zywnosci-mikolaje-sa-wsrod-nas","status":"publish","type":"page","link":"https:\/\/sp1hrubieszow.pl\/index.php\/kronika-2019-2020\/zbiorka-zywnosci-mikolaje-sa-wsrod-nas\/","title":{"rendered":"ZBI\u00d3RKA \u017bYWNO\u015aCI ,,MIKO\u0141AJE S\u0104 W\u015aR\u00d3D NAS\u201d"},"content":{"rendered":"\n<p><span style=\"font-family: Arial, sans-serif; color: #000080;\"><span style=\"font-size: medium;\">W dniach 28-29 listopada 2019r. cz\u0142onkowie Szkolnego Ko\u0142a Wolontariatu brali udzia\u0142 w zimowej zbi\u00f3rce \u017cywno\u015bci pod has\u0142em ,,Miko\u0142aje s\u0105 w\u015br\u00f3d nas\u201d kt\u00f3rego organizatorem by\u0142o Stowarzyszenie Edukacyjne ,,Razem\u201d z Hrubieszowa.<\/span><\/span><\/p>\n<p><span style=\"font-family: Arial, sans-serif; color: #000080;\"><span style=\"font-size: medium;\">W ramach akcji w godzinach od 9.00 do 17.00 m\u0142odzie\u017c pe\u0142ni\u0142a dy\u017cury w dwu <br>i trzyosobowych zespo\u0142ach w hrubieszowskich sklepach zach\u0119caj\u0105c mieszka\u0144c\u00f3w do w\u0142\u0105czenia si\u0119 w akcj\u0119. Zebrane \u015brodki oraz produkty zostan\u0105 przekazane dla rodak\u00f3w zamieszka\u0142ych w Sokalu na Ukrainie.<\/span><\/span><\/p>\n<p><span style=\"font-family: Arial, sans-serif; color: #000080;\"><span style=\"font-size: medium;\">Za zaanga\u017cowanie i pomoc w przeprowadzeniu akcji dzi\u0119kuj\u0119 wolontariuszom <br>w osobach: <b>Hubert Malinowski, Patryk Ci\u0119\u017cki, Aleksandra Szymko, Oliwia Pieczkowska, Martyna Wilkos, Marta Burda, Suchecka Antonina, Paulina Belina, Martyna Panasiewicz, Kaya Perehubka, Gabriel Markiewicz, Kinga Lizun, Paulina Danilczuk, Smyk Nikola, G\u0142uszak Julia, Koko\u0107 Eliza, Koko\u0107 \u0141ucja, <\/b><b>Marceli Wiatrowski. <\/b><\/span><\/span><\/p>\n<p align=\"CENTER\"><span style=\"color: #000080;\">\u201e<i><b>Wa\u017cny jest rodzaj pomocy, kt\u00f3r\u0105 si\u0119 oferuje,<\/b><\/i><\/span><\/p>\n<p align=\"CENTER\"><span style=\"color: #000080;\"><i><b>ale jeszcze wa\u017cniejsze od tego jest serce,<\/b><\/i><\/span><\/p>\n<p align=\"CENTER\"><span style=\"color: #000080;\"><i><b>z jakim tej pomocy si\u0119 udziela.\u201d<\/b><\/i><\/span><\/p>\n<p align=\"CENTER\"><span style=\"font-size: small; color: #000080;\">Jan Pawe\u0142 II<\/span><\/p>\nngg_shortcode_0_placeholder\n","protected":false},"excerpt":{"rendered":"<p>W dniach 28-29 listopada 2019r. cz\u0142onkowie Szkolnego Ko\u0142a Wolontariatu brali udzia\u0142 w zimowej zbi\u00f3rce \u017cywno\u015bci pod has\u0142em ,,Miko\u0142aje s\u0105 w\u015br\u00f3d nas\u201d kt\u00f3rego organizatorem by\u0142o Stowarzyszenie Edukacyjne ,,Razem\u201d z Hrubieszowa. W ramach akcji w godzinach od 9.00 do 17.00 m\u0142odzie\u017c pe\u0142ni\u0142a dy\u017cury w dwu i trzyosobowych zespo\u0142ach w hrubieszowskich sklepach zach\u0119caj\u0105c mieszka\u0144c\u00f3w do w\u0142\u0105czenia si\u0119 w [&hellip;]<\/p>\n","protected":false},"author":2,"featured_media":0,"parent":2167,"menu_order":0,"comment_status":"closed","ping_status":"closed","template":"","meta":{"ngg_post_thumbnail":0,"footnotes":""},"class_list":["post-3493","page","type-page","status-publish","hentry"],"_links":{"self":[{"href":"https:\/\/sp1hrubieszow.pl\/index.php\/wp-json\/wp\/v2\/pages\/3493","targetHints":{"allow":["GET"]}}],"collection":[{"href":"https:\/\/sp1hrubieszow.pl\/index.php\/wp-json\/wp\/v2\/pages"}],"about":[{"href":"https:\/\/sp1hrubieszow.pl\/index.php\/wp-json\/wp\/v2\/types\/page"}],"author":[{"embeddable":true,"href":"https:\/\/sp1hrubieszow.pl\/index.php\/wp-json\/wp\/v2\/users\/2"}],"replies":[{"embeddable":true,"href":"https:\/\/sp1hrubieszow.pl\/index.php\/wp-json\/wp\/v2\/comments?post=3493"}],"version-history":[{"count":2,"href":"https:\/\/sp1hrubieszow.pl\/index.php\/wp-json\/wp\/v2\/pages\/3493\/revisions"}],"predecessor-version":[{"id":3497,"href":"https:\/\/sp1hrubieszow.pl\/index.php\/wp-json\/wp\/v2\/pages\/3493\/revisions\/3497"}],"up":[{"embeddable":true,"href":"https:\/\/sp1hrubieszow.pl\/index.php\/wp-json\/wp\/v2\/pages\/2167"}],"wp:attachment":[{"href":"https:\/\/sp1hrubieszow.pl\/index.php\/wp-json\/wp\/v2\/media?parent=3493"}],"curies":[{"name":"wp","href":"https:\/\/api.w.org\/{rel}","templated":true}]}}