{"id":3445,"date":"2019-12-02T20:25:30","date_gmt":"2019-12-02T19:25:30","guid":{"rendered":"http:\/\/sp1.hrubieszow.info\/?page_id=3445"},"modified":"2019-12-02T20:25:52","modified_gmt":"2019-12-02T19:25:52","slug":"andrzejki","status":"publish","type":"page","link":"https:\/\/sp1hrubieszow.pl\/index.php\/kronika-2019-2020\/andrzejki\/","title":{"rendered":"Andrzejki"},"content":{"rendered":"\n<p><span style=\"color: #000066;\"><span style=\"font-family: Arial, sans-serif;\"><span style=\"font-size: medium;\">Dnia 28.11.2019 r. uczniowie klas 0 \u2013 3 mieli okazj\u0119 do dobrej zabawy, oczywi\u015bcie w ramach tradycyjnych andrzejek. Pi\u0119kne wr\u00f3\u017cki z klas: 8 c \u2013Lidia Wojtiuk, Maja Jankowska, Kinga Lizun, 8 b \u2013 Jagoda Natucka, Wiktoria Laskowska oraz przystojni wr\u00f3\u017cbici z klasy 8 c \u2013 Jakub Sanek, Piotr Kie\u0142basa przygotowali pod czujnym okiem opiekunek MSU \u2013 Katarzyny Sztuk, Moniki Korneluk oraz Agnieszki Kolano wiele ciekawych wr\u00f3\u017cb. W \u015bwiat przepowiedni pomog\u0142a uczniom przenie\u015b\u0107 si\u0119 sceneria, w kt\u00f3rej znalaz\u0142y si\u0119 symbole magii, mi\u0119dzy innymi: \u015bwiece, lampiony, kule, ksi\u0119\u017cyc, czarne koty, nietoperze, klucze. Kultywuj\u0105c tradycj\u0119 nie zabrak\u0142o tak\u017ce dyskoteki, podczas kt\u00f3rej dzieci ta\u0144czy\u0142y i bawi\u0142y si\u0119 przy d\u017awi\u0119kach znanych przeboj\u00f3w. Rol\u0119 DJ-\u00f3w pe\u0142nili ch\u0142opcy z 6 d Pawe\u0142 Gumieniak, z 6 b \u2013 Maciej Obszy\u0144ski oraz z 7c \u2013 Oliwier Stadnicki i Jakub Szymaszek.<\/span><\/span><\/span><\/p>\nngg_shortcode_0_placeholder\n","protected":false},"excerpt":{"rendered":"<p>Dnia 28.11.2019 r. uczniowie klas 0 \u2013 3 mieli okazj\u0119 do dobrej zabawy, oczywi\u015bcie w ramach tradycyjnych andrzejek. Pi\u0119kne wr\u00f3\u017cki z klas: 8 c \u2013Lidia Wojtiuk, Maja Jankowska, Kinga Lizun, 8 b \u2013 Jagoda Natucka, Wiktoria Laskowska oraz przystojni wr\u00f3\u017cbici z klasy 8 c \u2013 Jakub Sanek, Piotr Kie\u0142basa przygotowali pod czujnym okiem opiekunek MSU [&hellip;]<\/p>\n","protected":false},"author":2,"featured_media":0,"parent":2167,"menu_order":0,"comment_status":"closed","ping_status":"closed","template":"","meta":{"ngg_post_thumbnail":0,"footnotes":""},"class_list":["post-3445","page","type-page","status-publish","hentry"],"_links":{"self":[{"href":"https:\/\/sp1hrubieszow.pl\/index.php\/wp-json\/wp\/v2\/pages\/3445","targetHints":{"allow":["GET"]}}],"collection":[{"href":"https:\/\/sp1hrubieszow.pl\/index.php\/wp-json\/wp\/v2\/pages"}],"about":[{"href":"https:\/\/sp1hrubieszow.pl\/index.php\/wp-json\/wp\/v2\/types\/page"}],"author":[{"embeddable":true,"href":"https:\/\/sp1hrubieszow.pl\/index.php\/wp-json\/wp\/v2\/users\/2"}],"replies":[{"embeddable":true,"href":"https:\/\/sp1hrubieszow.pl\/index.php\/wp-json\/wp\/v2\/comments?post=3445"}],"version-history":[{"count":1,"href":"https:\/\/sp1hrubieszow.pl\/index.php\/wp-json\/wp\/v2\/pages\/3445\/revisions"}],"predecessor-version":[{"id":3446,"href":"https:\/\/sp1hrubieszow.pl\/index.php\/wp-json\/wp\/v2\/pages\/3445\/revisions\/3446"}],"up":[{"embeddable":true,"href":"https:\/\/sp1hrubieszow.pl\/index.php\/wp-json\/wp\/v2\/pages\/2167"}],"wp:attachment":[{"href":"https:\/\/sp1hrubieszow.pl\/index.php\/wp-json\/wp\/v2\/media?parent=3445"}],"curies":[{"name":"wp","href":"https:\/\/api.w.org\/{rel}","templated":true}]}}