{"id":3441,"date":"2019-12-02T20:20:50","date_gmt":"2019-12-02T19:20:50","guid":{"rendered":"http:\/\/sp1.hrubieszow.info\/?page_id=3441"},"modified":"2019-12-02T20:28:38","modified_gmt":"2019-12-02T19:28:38","slug":"dzien-misia","status":"publish","type":"page","link":"https:\/\/sp1hrubieszow.pl\/index.php\/kronika-2019-2020\/dzien-misia\/","title":{"rendered":"DZIE\u0143 MISIA"},"content":{"rendered":"\n<p align=\"JUSTIFY\"><span style=\"color: #000066;\"><span style=\"font-family: Arial, sans-serif;\"><span style=\"font-size: medium;\">25 listopada 2019r. najm\u0142odsi uczniowie naszej szko\u0142y, tak\u017ce uczcili \u201e\u015awiatowy Dzie\u0144 Pluszowego Misia&#8221;. W tym dniu wszyscy przynie\u015bli do szko\u0142y swojego ulubionego pluszaka, kt\u00f3ry towarzyszy\u0142 im nie tylko podczas zabawy, ale tak\u017ce nauki. Ma\u0142y Samorz\u0105d Uczniowski pod czujnym okiem opiekunek przygotowa\u0142 spotkanie promuj\u0105ce czytelnictwo, podczas kt\u00f3rego zaprezentowano fragmenty ksi\u0105\u017cki \u0141ukasza Wierzbickiego &#8222;Afryka Kazika&#8221;. Ta lektura w ciekawy spos\u00f3b opisuje prawdziwe przygody Kazimierza Nowaka, podr\u00f3\u017cnika, kt\u00f3ry jako pierwszy na \u015bwiecie przemierzy\u0142 Afryk\u0119 rowerem. Dzieci ws\u0142uchane w czytane teksty mog\u0142y dowiedzie\u0107 si\u0119 o niebezpiecznych przygodach Polaka, jego przebywaniu z egzotycznymi zwierz\u0119tami i spotkaniach z mieszka\u0144cami dalekich krain. Czytanie lektury wzbogaci\u0142a prezentacja ilustracji wykonanych przez dzieci z MSU oraz zabawy ruchowe przy piosence \u201eD\u017cungla\u201d, podczas kt\u00f3rych uczniowie zak\u0142adali maski zwierz\u0105t afryka\u0144skich. Ten dzie\u0144 dostarczy\u0142 wszystkim wiele u\u015bmiechu i rado\u015bci.<\/span><\/span><\/span><\/p>\nngg_shortcode_0_placeholder\n","protected":false},"excerpt":{"rendered":"<p>25 listopada 2019r. najm\u0142odsi uczniowie naszej szko\u0142y, tak\u017ce uczcili \u201e\u015awiatowy Dzie\u0144 Pluszowego Misia&#8221;. W tym dniu wszyscy przynie\u015bli do szko\u0142y swojego ulubionego pluszaka, kt\u00f3ry towarzyszy\u0142 im nie tylko podczas zabawy, ale tak\u017ce nauki. Ma\u0142y Samorz\u0105d Uczniowski pod czujnym okiem opiekunek przygotowa\u0142 spotkanie promuj\u0105ce czytelnictwo, podczas kt\u00f3rego zaprezentowano fragmenty ksi\u0105\u017cki \u0141ukasza Wierzbickiego &#8222;Afryka Kazika&#8221;. Ta lektura [&hellip;]<\/p>\n","protected":false},"author":2,"featured_media":0,"parent":2167,"menu_order":0,"comment_status":"closed","ping_status":"closed","template":"","meta":{"ngg_post_thumbnail":0,"footnotes":""},"class_list":["post-3441","page","type-page","status-publish","hentry"],"_links":{"self":[{"href":"https:\/\/sp1hrubieszow.pl\/index.php\/wp-json\/wp\/v2\/pages\/3441","targetHints":{"allow":["GET"]}}],"collection":[{"href":"https:\/\/sp1hrubieszow.pl\/index.php\/wp-json\/wp\/v2\/pages"}],"about":[{"href":"https:\/\/sp1hrubieszow.pl\/index.php\/wp-json\/wp\/v2\/types\/page"}],"author":[{"embeddable":true,"href":"https:\/\/sp1hrubieszow.pl\/index.php\/wp-json\/wp\/v2\/users\/2"}],"replies":[{"embeddable":true,"href":"https:\/\/sp1hrubieszow.pl\/index.php\/wp-json\/wp\/v2\/comments?post=3441"}],"version-history":[{"count":2,"href":"https:\/\/sp1hrubieszow.pl\/index.php\/wp-json\/wp\/v2\/pages\/3441\/revisions"}],"predecessor-version":[{"id":3449,"href":"https:\/\/sp1hrubieszow.pl\/index.php\/wp-json\/wp\/v2\/pages\/3441\/revisions\/3449"}],"up":[{"embeddable":true,"href":"https:\/\/sp1hrubieszow.pl\/index.php\/wp-json\/wp\/v2\/pages\/2167"}],"wp:attachment":[{"href":"https:\/\/sp1hrubieszow.pl\/index.php\/wp-json\/wp\/v2\/media?parent=3441"}],"curies":[{"name":"wp","href":"https:\/\/api.w.org\/{rel}","templated":true}]}}