{"id":3377,"date":"2019-12-01T15:15:58","date_gmt":"2019-12-01T14:15:58","guid":{"rendered":"http:\/\/sp1.hrubieszow.info\/?page_id=3377"},"modified":"2019-12-01T15:16:45","modified_gmt":"2019-12-01T14:16:45","slug":"dzien-pluszowego-misia-w-grupie-zerowej","status":"publish","type":"page","link":"https:\/\/sp1hrubieszow.pl\/index.php\/kronika-2019-2020\/dzien-pluszowego-misia-w-grupie-zerowej\/","title":{"rendered":"Dzie\u0144 Pluszowego Misia w grupie zerowej"},"content":{"rendered":"\n<p align=\"JUSTIFY\"><span style=\"color: #000066;\"><span style=\"font-family: Arial, sans-serif;\"><span style=\"font-size: medium;\">W dniu 25.11.2019r. dzieci z oddzia\u0142u przedszkolnego uczestniczy\u0142y w obchodach \u015awiatowego Dnia Pluszowego Misia. Tego dnia ka\u017cde dziecko przysz\u0142o do przedszkola ze swoim przyjacielem Misiem. Przedszkolaki zosta\u0142y zaproszone do wsp\u00f3lnej zabawy w misiowej krainie. Dla dzieci w tym dniu przygotowano wiele atrakcji: \u0107wiczenia gimnastyczne z misiami, zabawy, konkursy, bawi\u0142y si\u0119 przy piosenkach, degustowa\u0142y mi\u00f3d \u2013 przysmak misi\u00f3w oraz wykona\u0142y prace plastyczno &#8211; techniczne. Pozna\u0142y te\u017c nowego cz\u0142onka naszej grupy \u201eMisia Tulisia\u201d, kt\u00f3ry b\u0119dzie odwiedza\u0142 domy naszych przedszkolak\u00f3w. Uroczysto\u015b\u0107 przebiega\u0142a w mi\u0142ej i radosnej atmosferze.<\/span><\/span><\/span><\/p>\nngg_shortcode_0_placeholder\n","protected":false},"excerpt":{"rendered":"<p>W dniu 25.11.2019r. dzieci z oddzia\u0142u przedszkolnego uczestniczy\u0142y w obchodach \u015awiatowego Dnia Pluszowego Misia. Tego dnia ka\u017cde dziecko przysz\u0142o do przedszkola ze swoim przyjacielem Misiem. Przedszkolaki zosta\u0142y zaproszone do wsp\u00f3lnej zabawy w misiowej krainie. Dla dzieci w tym dniu przygotowano wiele atrakcji: \u0107wiczenia gimnastyczne z misiami, zabawy, konkursy, bawi\u0142y si\u0119 przy piosenkach, degustowa\u0142y mi\u00f3d \u2013 [&hellip;]<\/p>\n","protected":false},"author":2,"featured_media":0,"parent":2167,"menu_order":0,"comment_status":"closed","ping_status":"closed","template":"","meta":{"ngg_post_thumbnail":0,"footnotes":""},"class_list":["post-3377","page","type-page","status-publish","hentry"],"_links":{"self":[{"href":"https:\/\/sp1hrubieszow.pl\/index.php\/wp-json\/wp\/v2\/pages\/3377","targetHints":{"allow":["GET"]}}],"collection":[{"href":"https:\/\/sp1hrubieszow.pl\/index.php\/wp-json\/wp\/v2\/pages"}],"about":[{"href":"https:\/\/sp1hrubieszow.pl\/index.php\/wp-json\/wp\/v2\/types\/page"}],"author":[{"embeddable":true,"href":"https:\/\/sp1hrubieszow.pl\/index.php\/wp-json\/wp\/v2\/users\/2"}],"replies":[{"embeddable":true,"href":"https:\/\/sp1hrubieszow.pl\/index.php\/wp-json\/wp\/v2\/comments?post=3377"}],"version-history":[{"count":1,"href":"https:\/\/sp1hrubieszow.pl\/index.php\/wp-json\/wp\/v2\/pages\/3377\/revisions"}],"predecessor-version":[{"id":3378,"href":"https:\/\/sp1hrubieszow.pl\/index.php\/wp-json\/wp\/v2\/pages\/3377\/revisions\/3378"}],"up":[{"embeddable":true,"href":"https:\/\/sp1hrubieszow.pl\/index.php\/wp-json\/wp\/v2\/pages\/2167"}],"wp:attachment":[{"href":"https:\/\/sp1hrubieszow.pl\/index.php\/wp-json\/wp\/v2\/media?parent=3377"}],"curies":[{"name":"wp","href":"https:\/\/api.w.org\/{rel}","templated":true}]}}