{"id":3332,"date":"2019-11-26T19:01:02","date_gmt":"2019-11-26T18:01:02","guid":{"rendered":"http:\/\/sp1.hrubieszow.info\/?page_id=3332"},"modified":"2019-11-26T19:03:45","modified_gmt":"2019-11-26T18:03:45","slug":"iv-rzeszowskie-zawody-modeli-szybowcow-halowych-klasy-f1n","status":"publish","type":"page","link":"https:\/\/sp1hrubieszow.pl\/index.php\/kronika-2019-2020\/iv-rzeszowskie-zawody-modeli-szybowcow-halowych-klasy-f1n\/","title":{"rendered":"Kolejne sukcesy modelarzy"},"content":{"rendered":"\n<p align=\"JUSTIFY\"><span style=\"color: #000066;\"><span style=\"font-family: Arial, sans-serif;\"><span style=\"font-size: medium;\">W dniu 23.11.2019r. modelarze z UKS \u201eJedynka\u201d w Hrubieszowie uczestniczyli w&nbsp;IV&nbsp;Rzeszowskich&nbsp;Zawodach Modeli Szybowc\u00f3w Halowych klasy F1N, zaliczanych do Pucharu Polski. Organizatorzy tych zawod\u00f3w to: Modelarnia przy Szkole Podstawowej nr 24 w Rzeszowie, Sekcja modelarska przy Aeroklubie Rzeszowskim, Zesp\u00f3\u0142 Szk\u00f3\u0142 w Malawie, Centrum Us\u0142ug Dydaktycznych w Rzeszowie. Nasi modelarze zaj\u0119li nast\u0119puj\u0105ce miejsca:<\/span><\/span><\/span><\/p>\n<p align=\"JUSTIFY\"><span style=\"color: #000066;\"><span style=\"font-family: Arial, sans-serif;\"><span style=\"font-size: medium;\">Kategoria m\u0142odzik:<\/span><\/span><\/span><\/p>\n<p align=\"JUSTIFY\"><span style=\"color: #000066;\"><span style=\"font-family: Arial, sans-serif;\"><span style=\"font-size: medium;\">Szumiata Karol \u2013 6 miejsce<\/span><\/span><\/span><\/p>\n<p align=\"JUSTIFY\"><span style=\"color: #000066;\"><span style=\"font-family: Arial, sans-serif;\"><span style=\"font-size: medium;\">Gumieniak Pawe\u0142 \u2013 14 miejsce<\/span><\/span><\/span><\/p>\n<p align=\"JUSTIFY\"><span style=\"color: #000066;\"><span style=\"font-family: Arial, sans-serif;\"><span style=\"font-size: medium;\">Chomiak Jakub \u2013 25 miejsce<\/span><\/span><\/span><\/p>\n<p align=\"JUSTIFY\"><span style=\"color: #000066;\"><span style=\"font-family: Arial, sans-serif;\"><span style=\"font-size: medium;\">Kategoria junior m\u0142odszy:<\/span><\/span><\/span><\/p>\n<p align=\"JUSTIFY\"><span style=\"color: #000066;\"><span style=\"font-family: Arial, sans-serif;\"><span style=\"font-size: medium;\">Kaczmarek Kacper \u2013 2 miejsce<\/span><\/span><\/span><\/p>\n<p align=\"JUSTIFY\"><span style=\"color: #000066;\"><span style=\"font-family: Arial, sans-serif;\"><span style=\"font-size: medium;\">Kategoria Junior:<\/span><\/span><\/span><\/p>\n<p align=\"JUSTIFY\"><span style=\"color: #000066;\"><span style=\"font-family: Arial, sans-serif;\"><span style=\"font-size: medium;\">Wezgraj Jakub \u2013 4 miejsce<\/span><\/span><\/span><\/p>\n<p align=\"JUSTIFY\"><span style=\"color: #000066;\"><span style=\"font-family: Arial, sans-serif;\"><span style=\"font-size: medium;\">Kopera Jakub \u2013 6 miejsce<\/span><\/span><\/span><\/p>\n<p align=\"JUSTIFY\"><span style=\"color: #000066;\"><span style=\"font-family: Arial, sans-serif;\"><span style=\"font-size: medium;\">Po zako\u0144czonych zawodach udali\u015bmy si\u0119 do Krosna, gdzie ju\u017c w niedziel\u0119 startowali\u015bmy w&nbsp;Mi\u0119dzynarodowych Zawodach Modeli Szybowc\u00f3w Halowych klasy F1N pn. \u201ePUCHAR KARPAT\u201d zaliczanych do Pucharu Polski w&nbsp;Kro\u015bnie. Organizatorem tych zawod\u00f3w by\u0142 Aeroklub Podkarpacki, Szko\u0142a Lotnicza w Kro\u015bnie, Pa\u0144stwowa Wy\u017csza Szko\u0142a Zawodowa w Kro\u015bnie, Burmistrz Gminy Jedlicze oraz Gminny O\u015brodek Sportu i Rekreacji w Jedliczu. Udzia\u0142 w tych zawodach zg\u0142osili modelarze z&nbsp;Czech, S\u0142owacji oraz Polski w liczbie ponad 70 os\u00f3b. <\/span><\/span><\/span><\/p>\n<p><span style=\"color: #000066;\"><span style=\"font-family: Arial, sans-serif;\"><span style=\"font-size: medium;\">Miejsca naszych modelarzy:<\/span><\/span><\/span><\/p>\n<p align=\"JUSTIFY\"><span style=\"color: #000066;\"><span style=\"font-family: Arial, sans-serif;\"><span style=\"font-size: medium;\">Kategoria m\u0142odzik:<\/span><\/span><\/span><\/p>\n<p align=\"JUSTIFY\"><span style=\"color: #000066;\"><span style=\"font-family: Arial, sans-serif;\"><span style=\"font-size: medium;\">Szumiata Karol \u2013 7 miejsce<\/span><\/span><\/span><\/p>\n<p align=\"JUSTIFY\"><span style=\"color: #000066;\"><span style=\"font-family: Arial, sans-serif;\"><span style=\"font-size: medium;\">Gumieniak Pawe\u0142 \u2013 11 miejsce<\/span><\/span><\/span><\/p>\n<p align=\"JUSTIFY\"><span style=\"color: #000066;\"><span style=\"font-family: Arial, sans-serif;\"><span style=\"font-size: medium;\">Chomiak Jakub \u2013 20 miejsce<\/span><\/span><\/span><\/p>\n<p align=\"JUSTIFY\"><span style=\"color: #000066;\"><span style=\"font-family: Arial, sans-serif;\"><span style=\"font-size: medium;\">Kategoria junior m\u0142odszy:<\/span><\/span><\/span><\/p>\n<p align=\"JUSTIFY\"><span style=\"color: #000066;\"><span style=\"font-family: Arial, sans-serif;\"><span style=\"font-size: medium;\">Kaczmarek Kacper \u2013 3 miejsce<\/span><\/span><\/span><\/p>\n<p align=\"JUSTIFY\"><span style=\"color: #000066;\"><span style=\"font-family: Arial, sans-serif;\"><span style=\"font-size: medium;\">Kategoria Junior:<\/span><\/span><\/span><\/p>\n<p align=\"JUSTIFY\"><span style=\"color: #000066;\"><span style=\"font-family: Arial, sans-serif;\"><span style=\"font-size: medium;\">Wezgraj Jakub \u2013 5 miejsce<\/span><\/span><\/span><\/p>\n<p align=\"JUSTIFY\"><span style=\"color: #000066;\"><span style=\"font-family: Arial, sans-serif;\"><span style=\"font-size: medium;\">Kopera Jakub \u2013 6 miejsce<\/span><\/span><\/span><\/p>\n<p align=\"JUSTIFY\"><span style=\"color: #000066;\"><span style=\"font-family: Arial, sans-serif;\"><span style=\"font-size: medium;\">Modelarze z jedynki kolejny raz udowodnili, \u017ce nale\u017c\u0105 do czo\u0142owych modelarzy halowych w&nbsp;klasie modeli F1N w&nbsp;Polsce. <\/span><\/span><\/span><\/p>\nngg_shortcode_0_placeholder\n","protected":false},"excerpt":{"rendered":"<p>W dniu 23.11.2019r. modelarze z UKS \u201eJedynka\u201d w Hrubieszowie uczestniczyli w&nbsp;IV&nbsp;Rzeszowskich&nbsp;Zawodach Modeli Szybowc\u00f3w Halowych klasy F1N, zaliczanych do Pucharu Polski. Organizatorzy tych zawod\u00f3w to: Modelarnia przy Szkole Podstawowej nr 24 w Rzeszowie, Sekcja modelarska przy Aeroklubie Rzeszowskim, Zesp\u00f3\u0142 Szk\u00f3\u0142 w Malawie, Centrum Us\u0142ug Dydaktycznych w Rzeszowie. Nasi modelarze zaj\u0119li nast\u0119puj\u0105ce miejsca: Kategoria m\u0142odzik: Szumiata Karol [&hellip;]<\/p>\n","protected":false},"author":2,"featured_media":0,"parent":2167,"menu_order":0,"comment_status":"closed","ping_status":"closed","template":"","meta":{"ngg_post_thumbnail":0,"footnotes":""},"class_list":["post-3332","page","type-page","status-publish","hentry"],"_links":{"self":[{"href":"https:\/\/sp1hrubieszow.pl\/index.php\/wp-json\/wp\/v2\/pages\/3332","targetHints":{"allow":["GET"]}}],"collection":[{"href":"https:\/\/sp1hrubieszow.pl\/index.php\/wp-json\/wp\/v2\/pages"}],"about":[{"href":"https:\/\/sp1hrubieszow.pl\/index.php\/wp-json\/wp\/v2\/types\/page"}],"author":[{"embeddable":true,"href":"https:\/\/sp1hrubieszow.pl\/index.php\/wp-json\/wp\/v2\/users\/2"}],"replies":[{"embeddable":true,"href":"https:\/\/sp1hrubieszow.pl\/index.php\/wp-json\/wp\/v2\/comments?post=3332"}],"version-history":[{"count":2,"href":"https:\/\/sp1hrubieszow.pl\/index.php\/wp-json\/wp\/v2\/pages\/3332\/revisions"}],"predecessor-version":[{"id":3336,"href":"https:\/\/sp1hrubieszow.pl\/index.php\/wp-json\/wp\/v2\/pages\/3332\/revisions\/3336"}],"up":[{"embeddable":true,"href":"https:\/\/sp1hrubieszow.pl\/index.php\/wp-json\/wp\/v2\/pages\/2167"}],"wp:attachment":[{"href":"https:\/\/sp1hrubieszow.pl\/index.php\/wp-json\/wp\/v2\/media?parent=3332"}],"curies":[{"name":"wp","href":"https:\/\/api.w.org\/{rel}","templated":true}]}}