{"id":3229,"date":"2019-11-25T18:04:22","date_gmt":"2019-11-25T17:04:22","guid":{"rendered":"http:\/\/sp1.hrubieszow.info\/?page_id=3229"},"modified":"2019-11-26T19:50:42","modified_gmt":"2019-11-26T18:50:42","slug":"warsztaty-w-klasach-1-3","status":"publish","type":"page","link":"https:\/\/sp1hrubieszow.pl\/index.php\/kronika-2019-2020\/warsztaty-w-klasach-1-3\/","title":{"rendered":"WARSZTATY W KLASACH 1-3"},"content":{"rendered":"\n<p align=\"JUSTIFY\"><span style=\"color: #000066;\"><span style=\"font-family: Arial, sans-serif;\"><span style=\"font-size: medium;\">W listopadzie wszystkie oddzia\u0142y edukacji wczesnoszkolnej uczestniczy\u0142y w&nbsp;warsztatach pt. &#8222;Ruch i jego skuteczno\u015b\u0107 podczas uczenia si\u0119 &#8222;, prowadzonych przez panie pedagog: Ma\u0142gorzat\u0119 Bara\u0144sk\u0105 i Maryl\u0119 Szabat z Poradni Psychologiczno-Pedagogicznej w&nbsp;Hrubieszowie. <\/span><\/span><\/span><\/p>\n<p align=\"JUSTIFY\"><span style=\"color: #000066;\"><span style=\"font-family: Arial, sans-serif;\"><span style=\"font-size: medium;\"> Zaj\u0119cia mia\u0142y na celu przedstawienie zasad skutecznego uczenia si\u0119 z wykorzystaniem ruchu i kreatywnego my\u015blenia, kt\u00f3re s\u0105 tak bardzo potrzebne w procesie nabywania wiedzy. Panie zademonstrowa\u0142y \u0107wiczenia ruchowe rozwijaj\u0105ce pami\u0119\u0107, wyobra\u017ani\u0119, koncentracj\u0119 i&nbsp;umiej\u0119tno\u015bci abstrakcyjnego my\u015blenia. Podczas wsp\u00f3lnej zabawy zespo\u0142y klasowe mia\u0142y okazj\u0119 do integracji, kszta\u0142towania wzajemnego zaufania, a tak\u017ce wzbudzenia pozytywnych emocji.<\/span><\/span><\/span><\/p>\n<p align=\"JUSTIFY\"><span style=\"color: #000066;\"><span style=\"font-family: Arial, sans-serif;\"><span style=\"font-size: medium;\">Serdecznie dzi\u0119kujemy pracownikom poradni za mo\u017cliwo\u015b\u0107 udzia\u0142u naszych dzieci w&nbsp;w\/w zaj\u0119ciach.<\/span><\/span><\/span><\/p>\nngg_shortcode_0_placeholder\nngg_shortcode_1_placeholder\n","protected":false},"excerpt":{"rendered":"<p>W listopadzie wszystkie oddzia\u0142y edukacji wczesnoszkolnej uczestniczy\u0142y w&nbsp;warsztatach pt. &#8222;Ruch i jego skuteczno\u015b\u0107 podczas uczenia si\u0119 &#8222;, prowadzonych przez panie pedagog: Ma\u0142gorzat\u0119 Bara\u0144sk\u0105 i Maryl\u0119 Szabat z Poradni Psychologiczno-Pedagogicznej w&nbsp;Hrubieszowie. Zaj\u0119cia mia\u0142y na celu przedstawienie zasad skutecznego uczenia si\u0119 z wykorzystaniem ruchu i kreatywnego my\u015blenia, kt\u00f3re s\u0105 tak bardzo potrzebne w procesie nabywania wiedzy. Panie [&hellip;]<\/p>\n","protected":false},"author":2,"featured_media":0,"parent":2167,"menu_order":0,"comment_status":"closed","ping_status":"closed","template":"","meta":{"ngg_post_thumbnail":0,"footnotes":""},"class_list":["post-3229","page","type-page","status-publish","hentry"],"_links":{"self":[{"href":"https:\/\/sp1hrubieszow.pl\/index.php\/wp-json\/wp\/v2\/pages\/3229","targetHints":{"allow":["GET"]}}],"collection":[{"href":"https:\/\/sp1hrubieszow.pl\/index.php\/wp-json\/wp\/v2\/pages"}],"about":[{"href":"https:\/\/sp1hrubieszow.pl\/index.php\/wp-json\/wp\/v2\/types\/page"}],"author":[{"embeddable":true,"href":"https:\/\/sp1hrubieszow.pl\/index.php\/wp-json\/wp\/v2\/users\/2"}],"replies":[{"embeddable":true,"href":"https:\/\/sp1hrubieszow.pl\/index.php\/wp-json\/wp\/v2\/comments?post=3229"}],"version-history":[{"count":2,"href":"https:\/\/sp1hrubieszow.pl\/index.php\/wp-json\/wp\/v2\/pages\/3229\/revisions"}],"predecessor-version":[{"id":3342,"href":"https:\/\/sp1hrubieszow.pl\/index.php\/wp-json\/wp\/v2\/pages\/3229\/revisions\/3342"}],"up":[{"embeddable":true,"href":"https:\/\/sp1hrubieszow.pl\/index.php\/wp-json\/wp\/v2\/pages\/2167"}],"wp:attachment":[{"href":"https:\/\/sp1hrubieszow.pl\/index.php\/wp-json\/wp\/v2\/media?parent=3229"}],"curies":[{"name":"wp","href":"https:\/\/api.w.org\/{rel}","templated":true}]}}