{"id":3209,"date":"2019-11-25T17:51:19","date_gmt":"2019-11-25T16:51:19","guid":{"rendered":"http:\/\/sp1.hrubieszow.info\/?page_id=3209"},"modified":"2019-11-25T17:51:47","modified_gmt":"2019-11-25T16:51:47","slug":"warsztaty-andrzejkowe-w-muzeum-w-hrubieszowie","status":"publish","type":"page","link":"https:\/\/sp1hrubieszow.pl\/index.php\/kronika-2019-2020\/warsztaty-andrzejkowe-w-muzeum-w-hrubieszowie\/","title":{"rendered":"WARSZTATY ANDRZEJKOWE W MUZEUM W HRUBIESZOWIE"},"content":{"rendered":"\n<p><span style=\"color: #000066;\"><span style=\"font-family: Arial, sans-serif;\"><span style=\"font-size: medium;\">Dnia 22 listopada 2019 r. klasa 7 b wraz z wychowawc\u0105 \u2013 p. Ilon\u0105 Winogrodzk\u0105 uczestniczy\u0142a w Andrzejkowych Warsztatach dla dzieci i m\u0142odzie\u017cy organizowanych przez Muzeum im. ks. Stanis\u0142awa Staszica Hrubieszowie. M\u0142odzie\u017c mia\u0142a okazj\u0119 dowiedzie\u0107 si\u0119 jak kiedy\u015b w naszym regionie obchodzono Andrzejki. G\u0142\u00f3wn\u0105 atrakcj\u0105 spotkania by\u0142y wr\u00f3\u017cby, w kt\u00f3rych wszyscy uczestnicy ch\u0119tnie wzi\u0119li udzia\u0142. <\/span><\/span><\/span><\/p>\nngg_shortcode_0_placeholder\n","protected":false},"excerpt":{"rendered":"<p>Dnia 22 listopada 2019 r. klasa 7 b wraz z wychowawc\u0105 \u2013 p. Ilon\u0105 Winogrodzk\u0105 uczestniczy\u0142a w Andrzejkowych Warsztatach dla dzieci i m\u0142odzie\u017cy organizowanych przez Muzeum im. ks. Stanis\u0142awa Staszica Hrubieszowie. M\u0142odzie\u017c mia\u0142a okazj\u0119 dowiedzie\u0107 si\u0119 jak kiedy\u015b w naszym regionie obchodzono Andrzejki. G\u0142\u00f3wn\u0105 atrakcj\u0105 spotkania by\u0142y wr\u00f3\u017cby, w kt\u00f3rych wszyscy uczestnicy ch\u0119tnie wzi\u0119li udzia\u0142.<\/p>\n","protected":false},"author":2,"featured_media":0,"parent":2167,"menu_order":0,"comment_status":"closed","ping_status":"closed","template":"","meta":{"ngg_post_thumbnail":0,"footnotes":""},"class_list":["post-3209","page","type-page","status-publish","hentry"],"_links":{"self":[{"href":"https:\/\/sp1hrubieszow.pl\/index.php\/wp-json\/wp\/v2\/pages\/3209","targetHints":{"allow":["GET"]}}],"collection":[{"href":"https:\/\/sp1hrubieszow.pl\/index.php\/wp-json\/wp\/v2\/pages"}],"about":[{"href":"https:\/\/sp1hrubieszow.pl\/index.php\/wp-json\/wp\/v2\/types\/page"}],"author":[{"embeddable":true,"href":"https:\/\/sp1hrubieszow.pl\/index.php\/wp-json\/wp\/v2\/users\/2"}],"replies":[{"embeddable":true,"href":"https:\/\/sp1hrubieszow.pl\/index.php\/wp-json\/wp\/v2\/comments?post=3209"}],"version-history":[{"count":1,"href":"https:\/\/sp1hrubieszow.pl\/index.php\/wp-json\/wp\/v2\/pages\/3209\/revisions"}],"predecessor-version":[{"id":3210,"href":"https:\/\/sp1hrubieszow.pl\/index.php\/wp-json\/wp\/v2\/pages\/3209\/revisions\/3210"}],"up":[{"embeddable":true,"href":"https:\/\/sp1hrubieszow.pl\/index.php\/wp-json\/wp\/v2\/pages\/2167"}],"wp:attachment":[{"href":"https:\/\/sp1hrubieszow.pl\/index.php\/wp-json\/wp\/v2\/media?parent=3209"}],"curies":[{"name":"wp","href":"https:\/\/api.w.org\/{rel}","templated":true}]}}