{"id":3195,"date":"2019-11-22T10:25:20","date_gmt":"2019-11-22T09:25:20","guid":{"rendered":"http:\/\/sp1.hrubieszow.info\/?page_id=3195"},"modified":"2019-11-22T10:25:20","modified_gmt":"2019-11-22T09:25:20","slug":"swiatowy-dzien-zyczliwosci-i-pozdrowien","status":"publish","type":"page","link":"https:\/\/sp1hrubieszow.pl\/index.php\/nauczyciele\/pedagog\/pedagog-2019\/swiatowy-dzien-zyczliwosci-i-pozdrowien\/","title":{"rendered":"\u015awiatowy Dzie\u0144 \u017byczliwo\u015bci i Pozdrowie\u0144"},"content":{"rendered":"\n<p><span style=\"color: #000080;\">21 listopada obchodzony jest \u201e\u015awiatowy Dzie\u0144 \u017byczliwo\u015bci i Pozdrowie\u0144\u201d. <\/span><br><span style=\"color: #000080;\">Przes\u0142anie tego dnia, to pozytywne dzia\u0142ania podejmowane dla promowania idei pokoju na \u015bwiecie, poprzez okazywanie przyjaznych emocji w najbli\u017cszym otoczeniu. Jest to tak\u017ce \u015bwi\u0119to mediator\u00f3w r\u00f3wie\u015bniczych, przebiegaj\u0105ce pod has\u0142em<em>:<\/em><em> \u201eU\u015bmiechnij si\u0119 i b\u0105d\u017a uprzejmy &#8211; daj sygna\u0142 \u017cyczliwo\u015bci\u201d.<br><\/em>W obchody \u201e\u015awiatowego Dnia \u017byczliwo\u015bci i Pozdrowie\u0144\u201d w\u0142\u0105czy\u0142a si\u0119 spo\u0142eczno\u015b\u0107 Szko\u0142y Podstawowej Nr 1 w Hrubieszowie. Tego dnia nie zabrak\u0142o pozytywnych \u017cycze\u0144<\/span><br><span style=\"color: #000080;\">&nbsp;i pozdrowie\u0144, kt\u00f3re mo\u017cna by\u0142o zamie\u015bci\u0107 na specjalnych tablicach. W szkole pojawi\u0142y si\u0119 gazetki i dekoracje, promuj\u0105ce \u017cyczliwo\u015b\u0107 na co dzie\u0144. Mediatorzy r\u00f3wie\u015bniczy oraz przedstawiciele Samorz\u0105du Uczniowskiego odwiedzili najm\u0142odszych uczni\u00f3w z grupy \u201e0\u201d, \u015bwietlicy szkolnej, klasy Ia, Ib, Ic oraz IIIc. Odby\u0142o si\u0119 czytanie ksi\u0105\u017ceczek o emocjach, rozmowy o tym jak radzi\u0107 sobie z trudnymi sytuacjami a przede wszystkim jak by\u0107 kole\u017ce\u0144skim, uprzejmym i \u017cyczliwym. Dzieci otrzyma\u0142y weso\u0142e naklejki, za\u015b wszyscy uczestnicy dzisiejszego \u015bwi\u0119ta otrzymali pami\u0105tkowe plakietki przygotowane przez mediator\u00f3w.<\/span><\/p>\n<p><span style=\"color: #000080;\">W organizacj\u0119 obchod\u00f3w \u015awiatowego Dnia \u017byczliwo\u015bci i Pozdrowie\u0144 zaanga\u017cowali si\u0119 cz\u0142onkowie Szkolnego Klubu Mediatora oraz Samorz\u0105du Uczniowskiego wraz z opiekunami.<\/span><\/p>\nngg_shortcode_0_placeholder\n","protected":false},"excerpt":{"rendered":"<p>21 listopada obchodzony jest \u201e\u015awiatowy Dzie\u0144 \u017byczliwo\u015bci i Pozdrowie\u0144\u201d. Przes\u0142anie tego dnia, to pozytywne dzia\u0142ania podejmowane dla promowania idei pokoju na \u015bwiecie, poprzez okazywanie przyjaznych emocji w najbli\u017cszym otoczeniu. Jest to tak\u017ce \u015bwi\u0119to mediator\u00f3w r\u00f3wie\u015bniczych, przebiegaj\u0105ce pod has\u0142em: \u201eU\u015bmiechnij si\u0119 i b\u0105d\u017a uprzejmy &#8211; daj sygna\u0142 \u017cyczliwo\u015bci\u201d.W obchody \u201e\u015awiatowego Dnia \u017byczliwo\u015bci i Pozdrowie\u0144\u201d w\u0142\u0105czy\u0142a si\u0119 [&hellip;]<\/p>\n","protected":false},"author":1,"featured_media":0,"parent":75,"menu_order":12,"comment_status":"closed","ping_status":"closed","template":"","meta":{"ngg_post_thumbnail":0,"footnotes":""},"class_list":["post-3195","page","type-page","status-publish","hentry"],"_links":{"self":[{"href":"https:\/\/sp1hrubieszow.pl\/index.php\/wp-json\/wp\/v2\/pages\/3195","targetHints":{"allow":["GET"]}}],"collection":[{"href":"https:\/\/sp1hrubieszow.pl\/index.php\/wp-json\/wp\/v2\/pages"}],"about":[{"href":"https:\/\/sp1hrubieszow.pl\/index.php\/wp-json\/wp\/v2\/types\/page"}],"author":[{"embeddable":true,"href":"https:\/\/sp1hrubieszow.pl\/index.php\/wp-json\/wp\/v2\/users\/1"}],"replies":[{"embeddable":true,"href":"https:\/\/sp1hrubieszow.pl\/index.php\/wp-json\/wp\/v2\/comments?post=3195"}],"version-history":[{"count":1,"href":"https:\/\/sp1hrubieszow.pl\/index.php\/wp-json\/wp\/v2\/pages\/3195\/revisions"}],"predecessor-version":[{"id":3196,"href":"https:\/\/sp1hrubieszow.pl\/index.php\/wp-json\/wp\/v2\/pages\/3195\/revisions\/3196"}],"up":[{"embeddable":true,"href":"https:\/\/sp1hrubieszow.pl\/index.php\/wp-json\/wp\/v2\/pages\/75"}],"wp:attachment":[{"href":"https:\/\/sp1hrubieszow.pl\/index.php\/wp-json\/wp\/v2\/media?parent=3195"}],"curies":[{"name":"wp","href":"https:\/\/api.w.org\/{rel}","templated":true}]}}