{"id":3191,"date":"2019-11-22T10:20:16","date_gmt":"2019-11-22T09:20:16","guid":{"rendered":"http:\/\/sp1.hrubieszow.info\/?page_id=3191"},"modified":"2019-11-22T10:20:16","modified_gmt":"2019-11-22T09:20:16","slug":"miedzynarodowy-dzien-praw-dziecka-z-unicef","status":"publish","type":"page","link":"https:\/\/sp1hrubieszow.pl\/index.php\/nauczyciele\/pedagog\/pedagog-2019\/miedzynarodowy-dzien-praw-dziecka-z-unicef\/","title":{"rendered":"Mi\u0119dzynarodowy Dzie\u0144 Praw Dziecka z UNICEF"},"content":{"rendered":"\n<p><span style=\"color: #000080;\">20.11.2019r. , w wyj\u0105tkow\u0105, trzydziest\u0105 rocznic\u0119 uchwalenia Konwencji o prawach dziecka, w Szkole Podstawowej Nr 1 w Hrubieszowie, obchodzono Mi\u0119dzynarodowy Dzie\u0144 Praw Dziecka z UNICEF.<\/span><\/p>\n<p><span style=\"color: #000080;\">Tego dnia uczniowie i pracownicy szko\u0142y ubrali si\u0119 na niebiesko, na znak solidarno\u015bci <\/span><br><span style=\"color: #000080;\">z dzie\u0107mi na ca\u0142ym \u015bwiecie. W klasach i na korytarzu pojawi\u0142y si\u0119 gazetki okoliczno\u015bciowe promuj\u0105ce to \u015bwi\u0119to oraz upowszechniaj\u0105ce informacje o prawach dzieci.<\/span><\/p>\n<p><span style=\"color: #000080;\">Wychowawcy klas przeprowadzili zaj\u0119cia wed\u0142ug scenariuszy UNICEF oraz rozmawiali <\/span><br><span style=\"color: #000080;\">z uczniami na temat dzieci\u0119cych praw. Wyemitowano audycj\u0119 w radiow\u0119\u017ale szkolnym.<\/span><\/p>\n<p><span style=\"color: #000080;\">Starsze uczennice ze Szkolnego Klubu Mediatora czyta\u0142y m\u0142odszym dzieciom bajki <\/span><br><span style=\"color: #000080;\">o prawach dzieci oraz rozmawia\u0142y z nimi na wa\u017cne dla nich tematy.<\/span><\/p>\n<p><span style=\"color: #000080;\">Mi\u0119dzynarodowy Dzie\u0144 Praw Dziecka z UNICEF to wydarzenie, kt\u00f3re jednoczy wszystkie dzieci na \u015bwiecie. W tym dniu, w wielu krajach, dzieci i doro\u015bli podejmuj\u0105 wsp\u00f3lne inicjatywy, kt\u00f3rych celem jest okazanie wsparcia i solidarno\u015bci z dzie\u0107mi, kt\u00f3rych prawa nie s\u0105 respektowane. To radosny dzie\u0144, ale z powa\u017cnym przes\u0142aniem.<\/span><\/p>\n<p><span style=\"color: #000080;\">Setki szk\u00f3\u0142 i przedszkoli w ca\u0142ej Polsce zdecydowa\u0142y si\u0119 uczci\u0107 30.rocznic\u0119 uchwalenia Konwencji o prawach dziecka, w\u015br\u00f3d nich by\u0142a nasza \u201eJedynka\u201d.<\/span><\/p>\n<p><span style=\"color: #000080;\">Inicjatorem obchod\u00f3w tego \u015bwi\u0119ta w naszej szkole by\u0142a pani dyrektor Edyta Kucharska. <\/span><br><span style=\"color: #000080;\">W dzia\u0142ania w\u0142\u0105czy\u0142 si\u0119 Szkolny Klub Mediatora, Samorz\u0105d Uczniowski, wychowawcy klas, pracownicy szko\u0142y oraz rodzice, kt\u00f3rzy przygotowali niebieskie elementy stroj\u00f3w na ten wa\u017cny dzie\u0144. Dzi\u0119kujemy wszystkim za wsp\u00f3lne \u015bwi\u0119towanie.<\/span><\/p>\n<p><span style=\"color: #000080;\">Koordynator \u201eMi\u0119dzynarodowego Dnia Praw Dziecka z UNICEF\u201d w SP Nr 1 Hrubiesz\u00f3w- Marta Kuczy\u0144ska, pedagog szkolny<\/span><\/p>\nngg_shortcode_0_placeholder\n<p>&nbsp;<\/p>\n","protected":false},"excerpt":{"rendered":"<p>20.11.2019r. , w wyj\u0105tkow\u0105, trzydziest\u0105 rocznic\u0119 uchwalenia Konwencji o prawach dziecka, w Szkole Podstawowej Nr 1 w Hrubieszowie, obchodzono Mi\u0119dzynarodowy Dzie\u0144 Praw Dziecka z UNICEF. Tego dnia uczniowie i pracownicy szko\u0142y ubrali si\u0119 na niebiesko, na znak solidarno\u015bci z dzie\u0107mi na ca\u0142ym \u015bwiecie. W klasach i na korytarzu pojawi\u0142y si\u0119 gazetki okoliczno\u015bciowe promuj\u0105ce to \u015bwi\u0119to [&hellip;]<\/p>\n","protected":false},"author":1,"featured_media":0,"parent":75,"menu_order":11,"comment_status":"closed","ping_status":"closed","template":"","meta":{"ngg_post_thumbnail":0,"footnotes":""},"class_list":["post-3191","page","type-page","status-publish","hentry"],"_links":{"self":[{"href":"https:\/\/sp1hrubieszow.pl\/index.php\/wp-json\/wp\/v2\/pages\/3191","targetHints":{"allow":["GET"]}}],"collection":[{"href":"https:\/\/sp1hrubieszow.pl\/index.php\/wp-json\/wp\/v2\/pages"}],"about":[{"href":"https:\/\/sp1hrubieszow.pl\/index.php\/wp-json\/wp\/v2\/types\/page"}],"author":[{"embeddable":true,"href":"https:\/\/sp1hrubieszow.pl\/index.php\/wp-json\/wp\/v2\/users\/1"}],"replies":[{"embeddable":true,"href":"https:\/\/sp1hrubieszow.pl\/index.php\/wp-json\/wp\/v2\/comments?post=3191"}],"version-history":[{"count":1,"href":"https:\/\/sp1hrubieszow.pl\/index.php\/wp-json\/wp\/v2\/pages\/3191\/revisions"}],"predecessor-version":[{"id":3192,"href":"https:\/\/sp1hrubieszow.pl\/index.php\/wp-json\/wp\/v2\/pages\/3191\/revisions\/3192"}],"up":[{"embeddable":true,"href":"https:\/\/sp1hrubieszow.pl\/index.php\/wp-json\/wp\/v2\/pages\/75"}],"wp:attachment":[{"href":"https:\/\/sp1hrubieszow.pl\/index.php\/wp-json\/wp\/v2\/media?parent=3191"}],"curies":[{"name":"wp","href":"https:\/\/api.w.org\/{rel}","templated":true}]}}