{"id":31,"date":"2019-03-14T12:58:27","date_gmt":"2019-03-14T11:58:27","guid":{"rendered":"http:\/\/sp1.hrubieszow.info\/?page_id=31"},"modified":"2023-11-08T13:04:43","modified_gmt":"2023-11-08T12:04:43","slug":"sekretariat","status":"publish","type":"page","link":"https:\/\/sp1hrubieszow.pl\/index.php\/przykladowa-strona\/sekretariat\/","title":{"rendered":"Sekretariat &#8211; kontakt"},"content":{"rendered":"\n\n\n<p class=\"has-white-color has-text-color has-background\" style=\"background-color:#21569c\"><strong>Szko\u0142a Podstawowa nr 1 im. Boles\u0142awa Prusa w Hrubieszowie<\/strong><\/p>\n\n\n\n<p><\/p>\n\n\n\n<h2 class=\"wp-block-heading\"><\/h2>\n\n\n\n<p class=\"has-white-color has-text-color has-background\" style=\"background-color:#21569c\"><strong>Adres: ul. Listopadowa 12, 22-500 Hrubiesz\u00f3w<\/strong><br><br><strong>Telefon:\u00a0846962074<\/strong><br><br><strong>E-mail: <a rel=\"noreferrer noopener\" href=\"mailto:\" target=\"_blank\">sp1@sp1hrubieszow.pl<\/a><\/strong><\/p>\n\n\n\n<ul>\n<li>\n<h1><a href=\"https:\/\/epuap.gov.pl\/wps\/portal\/strefa-klienta\/katalog-spraw\/profil-urzedu\/SP1Hrubieszow\" target=\"_blank\" rel=\"noopener\" data-fontsize=\"16\"><strong>Elektroniczna Skrzynka Podawcza (ePUAP) &gt;&gt;<\/strong><\/a><\/h1>\n<\/li>\n<\/ul>\n","protected":false},"excerpt":{"rendered":"<p>Szko\u0142a Podstawowa nr 1 im. Boles\u0142awa Prusa w Hrubieszowie Adres: ul. Listopadowa 12, 22-500 Hrubiesz\u00f3w Telefon:\u00a0846962074 E-mail: sp1@sp1hrubieszow.pl Elektroniczna Skrzynka Podawcza (ePUAP) &gt;&gt;<\/p>\n","protected":false},"author":1,"featured_media":0,"parent":2,"menu_order":1,"comment_status":"closed","ping_status":"closed","template":"","meta":{"ngg_post_thumbnail":0,"footnotes":""},"class_list":["post-31","page","type-page","status-publish","hentry"],"_links":{"self":[{"href":"https:\/\/sp1hrubieszow.pl\/index.php\/wp-json\/wp\/v2\/pages\/31","targetHints":{"allow":["GET"]}}],"collection":[{"href":"https:\/\/sp1hrubieszow.pl\/index.php\/wp-json\/wp\/v2\/pages"}],"about":[{"href":"https:\/\/sp1hrubieszow.pl\/index.php\/wp-json\/wp\/v2\/types\/page"}],"author":[{"embeddable":true,"href":"https:\/\/sp1hrubieszow.pl\/index.php\/wp-json\/wp\/v2\/users\/1"}],"replies":[{"embeddable":true,"href":"https:\/\/sp1hrubieszow.pl\/index.php\/wp-json\/wp\/v2\/comments?post=31"}],"version-history":[{"count":12,"href":"https:\/\/sp1hrubieszow.pl\/index.php\/wp-json\/wp\/v2\/pages\/31\/revisions"}],"predecessor-version":[{"id":22503,"href":"https:\/\/sp1hrubieszow.pl\/index.php\/wp-json\/wp\/v2\/pages\/31\/revisions\/22503"}],"up":[{"embeddable":true,"href":"https:\/\/sp1hrubieszow.pl\/index.php\/wp-json\/wp\/v2\/pages\/2"}],"wp:attachment":[{"href":"https:\/\/sp1hrubieszow.pl\/index.php\/wp-json\/wp\/v2\/media?parent=31"}],"curies":[{"name":"wp","href":"https:\/\/api.w.org\/{rel}","templated":true}]}}