{"id":3071,"date":"2019-11-20T19:30:06","date_gmt":"2019-11-20T18:30:06","guid":{"rendered":"http:\/\/sp1.hrubieszow.info\/?page_id=3071"},"modified":"2019-11-20T19:30:55","modified_gmt":"2019-11-20T18:30:55","slug":"program-jestem-bezpieczny-dla-czwartoklasistow","status":"publish","type":"page","link":"https:\/\/sp1hrubieszow.pl\/index.php\/kronika-2019-2020\/program-jestem-bezpieczny-dla-czwartoklasistow\/","title":{"rendered":"Program \u201eJestem bezpieczny\u201d dla czwartoklasist\u00f3w"},"content":{"rendered":"\n<p align=\"JUSTIFY\"><span style=\"color: #000066;\"><span style=\"font-family: Arial, sans-serif;\">W dniu 18.11.2019r., w Szkole Podstawowej Nr 1 w Hrubieszowie odby\u0142y si\u0119 zaj\u0119cia profilaktyczne wed\u0142ug programu prewencyjnego \u201eJestem bezpieczny\u201d. W zaj\u0119ciach uczestniczyli uczniowie klasy IV a, kt\u00f3rzy zdobyli oraz utrwalili wiedz\u0119 z zakresu bezpiecze\u0144stwa w r\u00f3\u017cnych sytuacjach \u017cycia codziennego oraz dowiedzieli si\u0119 o odpowiedzialno\u015bci karnej nieletnich. Na zako\u0144czenie spotkania uczniowie otrzymali ksi\u0105\u017ceczki edukacyjne poruszaj\u0105ce kwestie bezpiecze\u0144stwa na co dzie\u0144. Realizatorami zaj\u0119\u0107 w ramach programu byli: przedstawiciel KPP w Hrubieszowie pan Jaros\u0142aw Karkuszewski oraz przedstawiciel Stra\u017cy Miejskiej w Hrubieszowie pan Krzysztof Hajkiewicz, kt\u00f3rzy ju\u017c niebawem odwiedz\u0105 na zaj\u0119ciach uczni\u00f3w klas pi\u0105tych oraz sz\u00f3stych.<\/span><\/span><\/p>\n<p align=\"JUSTIFY\">&nbsp;<\/p>\nngg_shortcode_0_placeholder\n","protected":false},"excerpt":{"rendered":"<p>W dniu 18.11.2019r., w Szkole Podstawowej Nr 1 w Hrubieszowie odby\u0142y si\u0119 zaj\u0119cia profilaktyczne wed\u0142ug programu prewencyjnego \u201eJestem bezpieczny\u201d. W zaj\u0119ciach uczestniczyli uczniowie klasy IV a, kt\u00f3rzy zdobyli oraz utrwalili wiedz\u0119 z zakresu bezpiecze\u0144stwa w r\u00f3\u017cnych sytuacjach \u017cycia codziennego oraz dowiedzieli si\u0119 o odpowiedzialno\u015bci karnej nieletnich. Na zako\u0144czenie spotkania uczniowie otrzymali ksi\u0105\u017ceczki edukacyjne poruszaj\u0105ce kwestie [&hellip;]<\/p>\n","protected":false},"author":2,"featured_media":0,"parent":2167,"menu_order":0,"comment_status":"closed","ping_status":"closed","template":"","meta":{"ngg_post_thumbnail":0,"footnotes":""},"class_list":["post-3071","page","type-page","status-publish","hentry"],"_links":{"self":[{"href":"https:\/\/sp1hrubieszow.pl\/index.php\/wp-json\/wp\/v2\/pages\/3071","targetHints":{"allow":["GET"]}}],"collection":[{"href":"https:\/\/sp1hrubieszow.pl\/index.php\/wp-json\/wp\/v2\/pages"}],"about":[{"href":"https:\/\/sp1hrubieszow.pl\/index.php\/wp-json\/wp\/v2\/types\/page"}],"author":[{"embeddable":true,"href":"https:\/\/sp1hrubieszow.pl\/index.php\/wp-json\/wp\/v2\/users\/2"}],"replies":[{"embeddable":true,"href":"https:\/\/sp1hrubieszow.pl\/index.php\/wp-json\/wp\/v2\/comments?post=3071"}],"version-history":[{"count":1,"href":"https:\/\/sp1hrubieszow.pl\/index.php\/wp-json\/wp\/v2\/pages\/3071\/revisions"}],"predecessor-version":[{"id":3072,"href":"https:\/\/sp1hrubieszow.pl\/index.php\/wp-json\/wp\/v2\/pages\/3071\/revisions\/3072"}],"up":[{"embeddable":true,"href":"https:\/\/sp1hrubieszow.pl\/index.php\/wp-json\/wp\/v2\/pages\/2167"}],"wp:attachment":[{"href":"https:\/\/sp1hrubieszow.pl\/index.php\/wp-json\/wp\/v2\/media?parent=3071"}],"curies":[{"name":"wp","href":"https:\/\/api.w.org\/{rel}","templated":true}]}}