{"id":3054,"date":"2019-11-17T20:03:08","date_gmt":"2019-11-17T19:03:08","guid":{"rendered":"http:\/\/sp1.hrubieszow.info\/?page_id=3054"},"modified":"2019-11-17T20:20:15","modified_gmt":"2019-11-17T19:20:15","slug":"nocowanie-w-szkole","status":"publish","type":"page","link":"https:\/\/sp1hrubieszow.pl\/index.php\/kronika-2019-2020\/nocowanie-w-szkole\/","title":{"rendered":"Nocowanie w szkole"},"content":{"rendered":"\n<p><span style=\"color: #000066;\"><span style=\"font-family: Arial, sans-serif;\">W nocy z 15 na 16 listopada uczniowie klasy 7 c wraz z wychowawczyni\u0105 sp\u0119dzili noc w szkole. Nocowali\u015bmy w sali korekcyjnej. Na pocz\u0105tek by\u0142o czytanie II cz\u0119\u015bci \u201eDziad\u00f3w\u201d Adama Mickiewicza. Tekst czytali\u015bmy przy zapalonych \u015bwiecach i z podzia\u0142em na role. Potem jeszcze porozmawiali\u015bmy o lekturze, by nast\u0119pnie zmieni\u0107 nastr\u00f3j i przej\u015b\u0107 do kolejnych atrakcji wieczoru. <\/span><\/span><\/p>\n<p><span style=\"color: #000066;\"><span style=\"font-family: Arial, sans-serif;\"> Bawili\u015bmy si\u0119 w r\u00f3\u017cne gry, by\u0142 czas na zabiegi kosmetyczne (maseczki, makija\u017ce) i og\u00f3lne wyg\u0142upy. W ramach kolacji zjedli\u015bmy zam\u00f3wion\u0105 pizz\u0119. Pycha!!! <\/span><\/span><span style=\"font-family: Arial, sans-serif; color: #000066;\">P\u00f3\u017aniej ogl\u0105dali\u015bmy film o polskiej siatkarce Agacie Mr\u00f3z &#8211; \u201eNad \u017cycie\u201d. A potem to ju\u017c by\u0142o og\u00f3lne kontrolowane szale\u0144stwo \ud83d\ude42 Niekt\u00f3rzy wcale nie mieli zamiaru spa\u0107&#8230;<\/span><\/p>\n<p><span style=\"color: #000066; font-family: Arial, sans-serif;\"> Sobotni dzie\u0144 zacz\u0119li\u015bmy od porz\u0105dkowania sali i pakowania swoich rzeczy. Nast\u0119pnie by\u0142 poranna gimnastyka, wi\u0119c do dom\u00f3w wr\u00f3cili\u015bmy w sportowej formie. \ud83d\ude42<\/span><\/p>\nngg_shortcode_0_placeholder\n","protected":false},"excerpt":{"rendered":"<p>W nocy z 15 na 16 listopada uczniowie klasy 7 c wraz z wychowawczyni\u0105 sp\u0119dzili noc w szkole. Nocowali\u015bmy w sali korekcyjnej. Na pocz\u0105tek by\u0142o czytanie II cz\u0119\u015bci \u201eDziad\u00f3w\u201d Adama Mickiewicza. Tekst czytali\u015bmy przy zapalonych \u015bwiecach i z podzia\u0142em na role. Potem jeszcze porozmawiali\u015bmy o lekturze, by nast\u0119pnie zmieni\u0107 nastr\u00f3j i przej\u015b\u0107 do kolejnych atrakcji [&hellip;]<\/p>\n","protected":false},"author":2,"featured_media":0,"parent":2167,"menu_order":0,"comment_status":"closed","ping_status":"closed","template":"","meta":{"ngg_post_thumbnail":0,"footnotes":""},"class_list":["post-3054","page","type-page","status-publish","hentry"],"_links":{"self":[{"href":"https:\/\/sp1hrubieszow.pl\/index.php\/wp-json\/wp\/v2\/pages\/3054","targetHints":{"allow":["GET"]}}],"collection":[{"href":"https:\/\/sp1hrubieszow.pl\/index.php\/wp-json\/wp\/v2\/pages"}],"about":[{"href":"https:\/\/sp1hrubieszow.pl\/index.php\/wp-json\/wp\/v2\/types\/page"}],"author":[{"embeddable":true,"href":"https:\/\/sp1hrubieszow.pl\/index.php\/wp-json\/wp\/v2\/users\/2"}],"replies":[{"embeddable":true,"href":"https:\/\/sp1hrubieszow.pl\/index.php\/wp-json\/wp\/v2\/comments?post=3054"}],"version-history":[{"count":2,"href":"https:\/\/sp1hrubieszow.pl\/index.php\/wp-json\/wp\/v2\/pages\/3054\/revisions"}],"predecessor-version":[{"id":3058,"href":"https:\/\/sp1hrubieszow.pl\/index.php\/wp-json\/wp\/v2\/pages\/3054\/revisions\/3058"}],"up":[{"embeddable":true,"href":"https:\/\/sp1hrubieszow.pl\/index.php\/wp-json\/wp\/v2\/pages\/2167"}],"wp:attachment":[{"href":"https:\/\/sp1hrubieszow.pl\/index.php\/wp-json\/wp\/v2\/media?parent=3054"}],"curies":[{"name":"wp","href":"https:\/\/api.w.org\/{rel}","templated":true}]}}