{"id":3022,"date":"2019-11-15T10:53:06","date_gmt":"2019-11-15T09:53:06","guid":{"rendered":"http:\/\/sp1.hrubieszow.info\/?page_id=3022"},"modified":"2019-11-15T10:53:06","modified_gmt":"2019-11-15T09:53:06","slug":"warsztaty-profilaktyczne-profilaktyka-na-start","status":"publish","type":"page","link":"https:\/\/sp1hrubieszow.pl\/index.php\/nauczyciele\/pedagog\/pedagog-2019\/warsztaty-profilaktyczne-profilaktyka-na-start\/","title":{"rendered":"Warsztaty profilaktyczne \u201eProfilaktyka na start\u201d"},"content":{"rendered":"\n<p><span style=\"color: #003366;\">W miesi\u0105cach: wrzesie\u0144, pa\u017adziernik i listopad 2019r., w Szkole Podstawowej Nr 1<\/span><br><span style=\"color: #003366;\">w Hrubieszowie zorganizowano warsztaty profilaktyczne, w kt\u00f3rych wzi\u0119li udzia\u0142 uczniowie klas: Ia, Ib, Ic, IIa, IIb, IIc, IIIa, IIIb, IIIc, IV a, Va, Vb, Vc, Vd, VIb i VId.<\/span><\/p>\n<p><span style=\"color: #003366;\">Realizatorami warsztat\u00f3w byli trenerzy z Pracowni Psychologiczno-Terapeutycznej Karneol <\/span><br><span style=\"color: #003366;\">z Lublina. Ka\u017cda z klas mia\u0142a mo\u017cliwo\u015b\u0107 uczestniczenia w dwugodzinnych warsztatach, prowadzonych metodami aktywnymi, poruszaj\u0105cych wa\u017cne zagadnienia z zakresu profilaktyki, stosownie do wieku odbiorc\u00f3w. M\u0142odsze dzieci uczy\u0142y si\u0119 jak radzi\u0107 sobie <\/span><br><span style=\"color: #003366;\">z emocjami, jak rozwi\u0105zywa\u0107 konflikty, w jaki spos\u00f3b dba\u0107 o zdrowie i bezpiecze\u0144stwo. Starsi uczniowie rozwijali postaw\u0119 asertywno\u015bci, pog\u0142\u0119biali wiedz\u0119 z zakresu profilaktyki uzale\u017cnie\u0144 od \u015brodk\u00f3w psychoaktywnych oraz uzale\u017cnie\u0144 behawioralnych. Profilaktyczne spotkania sta\u0142y si\u0119 dobr\u0105 okazj\u0105 do integracji zespo\u0142\u00f3w klasowych i poprawy relacji pomi\u0119dzy uczniami. Zwie\u0144czeniem zaj\u0119\u0107 by\u0142o og\u0142oszenie konkursu profilaktycznego w formie plastyczno-literackiej, nawi\u0105zuj\u0105cego do tematyki warsztat\u00f3w, kt\u00f3rego rozstrzygni\u0119cie nast\u0105pi podczas Szkolnego Dnia Profilaktyki.<\/span><\/p>\n<p><span style=\"color: #003366;\">Warsztaty dla uczni\u00f3w by\u0142y elementem realizowanego w szkole programu pt. \u201eProfilaktyka na start\u201d, kt\u00f3rego autorem i koordynatorem jest Marta Kuczy\u0144ska, pedagog szkolny.<\/span><\/p>\n<p><span style=\"color: #003366;\">Realizacja warsztat\u00f3w profilaktycznych by\u0142a mo\u017cliwa dzi\u0119ki sfinansowaniu ich przez Gmin\u0119 Miejsk\u0105 Hrubiesz\u00f3w.<\/span><\/p>\nngg_shortcode_0_placeholder\n","protected":false},"excerpt":{"rendered":"<p>W miesi\u0105cach: wrzesie\u0144, pa\u017adziernik i listopad 2019r., w Szkole Podstawowej Nr 1w Hrubieszowie zorganizowano warsztaty profilaktyczne, w kt\u00f3rych wzi\u0119li udzia\u0142 uczniowie klas: Ia, Ib, Ic, IIa, IIb, IIc, IIIa, IIIb, IIIc, IV a, Va, Vb, Vc, Vd, VIb i VId. Realizatorami warsztat\u00f3w byli trenerzy z Pracowni Psychologiczno-Terapeutycznej Karneol z Lublina. Ka\u017cda z klas mia\u0142a mo\u017cliwo\u015b\u0107 [&hellip;]<\/p>\n","protected":false},"author":1,"featured_media":0,"parent":75,"menu_order":10,"comment_status":"closed","ping_status":"closed","template":"","meta":{"ngg_post_thumbnail":0,"footnotes":""},"class_list":["post-3022","page","type-page","status-publish","hentry"],"_links":{"self":[{"href":"https:\/\/sp1hrubieszow.pl\/index.php\/wp-json\/wp\/v2\/pages\/3022","targetHints":{"allow":["GET"]}}],"collection":[{"href":"https:\/\/sp1hrubieszow.pl\/index.php\/wp-json\/wp\/v2\/pages"}],"about":[{"href":"https:\/\/sp1hrubieszow.pl\/index.php\/wp-json\/wp\/v2\/types\/page"}],"author":[{"embeddable":true,"href":"https:\/\/sp1hrubieszow.pl\/index.php\/wp-json\/wp\/v2\/users\/1"}],"replies":[{"embeddable":true,"href":"https:\/\/sp1hrubieszow.pl\/index.php\/wp-json\/wp\/v2\/comments?post=3022"}],"version-history":[{"count":1,"href":"https:\/\/sp1hrubieszow.pl\/index.php\/wp-json\/wp\/v2\/pages\/3022\/revisions"}],"predecessor-version":[{"id":3023,"href":"https:\/\/sp1hrubieszow.pl\/index.php\/wp-json\/wp\/v2\/pages\/3022\/revisions\/3023"}],"up":[{"embeddable":true,"href":"https:\/\/sp1hrubieszow.pl\/index.php\/wp-json\/wp\/v2\/pages\/75"}],"wp:attachment":[{"href":"https:\/\/sp1hrubieszow.pl\/index.php\/wp-json\/wp\/v2\/media?parent=3022"}],"curies":[{"name":"wp","href":"https:\/\/api.w.org\/{rel}","templated":true}]}}