{"id":30033,"date":"2026-05-14T18:23:58","date_gmt":"2026-05-14T16:23:58","guid":{"rendered":"https:\/\/sp1hrubieszow.pl\/?page_id=30033"},"modified":"2026-05-14T18:23:58","modified_gmt":"2026-05-14T16:23:58","slug":"misja-112","status":"publish","type":"page","link":"https:\/\/sp1hrubieszow.pl\/index.php\/kronika-2020-2021\/misja-112\/","title":{"rendered":"#Misja 112"},"content":{"rendered":"\n<p><span style=\"color: #000080;\">W ramach kampanii \u201eMisja 112 \u2013 jeden numer, tysi\u0105c szans\u201d, zainaugurowanej 10 kwietnia 2026 r. w powiecie hrubieszowskim, 24 kwietnia odby\u0142o si\u0119 pierwsze spotkanie edukacyjne dla uczni\u00f3w klas 1\u20138 naszej szko\u0142y.<\/span><\/p>\n<p><span style=\"color: #000080;\">Zaj\u0119cia poprowadzili druhowie z <a style=\"color: #000080;\" href=\"https:\/\/www.facebook.com\/osphrubieszow?__cft__%5b0%5d=AZYYwsQ3HVjK3yloJ4Twv2BY0V7Z_TSQgvgrZ3452PmJzeMzj9U6avwPeRVDTRE2DMwzRoLjV3sTHV0cvqXxk7wTVsCchmWnuQ1ucg6Fa9lusSFn-FYALzXPHYdrgX5yyPIzG5A3voOS916NPMJUo20FtoY79hM9J9_04XvEPrBULOyqPHZFPzO0bgjOxlv1CCE&amp;__tn__=-%5dK-R\"><strong>Ochotniczej Stra\u017cy Po\u017carnej w Hrubieszowie<\/strong><\/a>, kt\u00f3rzy w przyst\u0119pny i anga\u017cuj\u0105cy spos\u00f3b przedstawili zasady korzystania z numeru alarmowego 112 oraz w\u0142a\u015bciwego reagowania w sytuacjach zagro\u017cenia \u017cycia i zdrowia.<\/span><\/p>\n<p><span style=\"color: #000080;\">Podczas spotkania uczniowie:<\/span><\/p>\n<ul>\n<li><span style=\"color: #000080;\">przypomnieli sobie, jak prawid\u0142owo korzysta\u0107 z numeru 112,<\/span><\/li>\n<li><span style=\"color: #000080;\">dowiedzieli si\u0119, jak zachowa\u0107 si\u0119 w sytuacjach niebezpiecznych,<\/span><\/li>\n<li><span style=\"color: #000080;\">poznali konsekwencje niew\u0142a\u015bciwego u\u017cywania numer\u00f3w alarmowych,<\/span><\/li>\n<li><span style=\"color: #000080;\">utrwalili podstawowe zasady ruchu drogowego, w tym dotycz\u0105ce bezpiecze\u0144stwa pieszych, rowerzyst\u00f3w oraz u\u017cytkownik\u00f3w hulajn\u00f3g elektrycznych.<\/span><\/li>\n<\/ul>\n<p><span style=\"color: #000080;\">Wydarzenie by\u0142o warto\u015bciow\u0105 lekcj\u0105 bezpiecze\u0144stwa i praktycznej wiedzy, kt\u00f3ra przyczynia si\u0119 do budowania odpowiedzialnych postaw oraz zwi\u0119kszenia \u015bwiadomo\u015bci w\u015br\u00f3d uczni\u00f3w.<\/span><\/p>\n<p><span style=\"color: #000080;\">Dzi\u0119kujemy stra\u017cakom za zaanga\u017cowanie, po\u015bwi\u0119cony czas i przekazanie cennych informacji.<\/span><\/p>\n<p><span style=\"color: #000080;\">Organizatorem kampanii by\u0142o Kuratorium O\u015bwiaty w Lublinie Delegatura w Zamo\u015bciu, we wsp\u00f3\u0142pracy z:<\/span><\/p>\n<ul>\n<li><span style=\"color: #000080;\">Komend\u0105 Miejsk\u0105 Policji w Zamo\u015bciu,<\/span><\/li>\n<li><span style=\"color: #000080;\">Poradni\u0105 Psychologiczno-Pedagogiczn\u0105 nr 1 w Zamo\u015bciu,<\/span><\/li>\n<li><span style=\"color: #000080;\">Poradni\u0105 Psychologiczno-Pedagogiczn\u0105 nr 2 w Zamo\u015bciu,<\/span><\/li>\n<li><span style=\"color: #000080;\">Akademi\u0105 Zamojsk\u0105.<\/span><\/li>\n<\/ul>\n<p><span style=\"color: #000080;\">Patronat honorowy nad kampani\u0105 obj\u0119li Minister Edukacji Narodowej oraz Wojewoda Lubelski Krzysztof Komorski.&nbsp;<\/span><\/p>\nngg_shortcode_0_placeholder\n<p>&nbsp;<\/p>\n\n\n","protected":false},"excerpt":{"rendered":"<p>W ramach kampanii \u201eMisja 112 \u2013 jeden numer, tysi\u0105c szans\u201d, zainaugurowanej 10 kwietnia 2026 r. w powiecie hrubieszowskim, 24 kwietnia odby\u0142o si\u0119 pierwsze spotkanie edukacyjne dla uczni\u00f3w klas 1\u20138 naszej szko\u0142y. Zaj\u0119cia poprowadzili druhowie z Ochotniczej Stra\u017cy Po\u017carnej w Hrubieszowie, kt\u00f3rzy w przyst\u0119pny i anga\u017cuj\u0105cy spos\u00f3b przedstawili zasady korzystania z numeru alarmowego 112 oraz w\u0142a\u015bciwego [&hellip;]<\/p>\n","protected":false},"author":4,"featured_media":0,"parent":5983,"menu_order":0,"comment_status":"closed","ping_status":"closed","template":"","meta":{"ngg_post_thumbnail":0,"footnotes":""},"class_list":["post-30033","page","type-page","status-publish","hentry"],"_links":{"self":[{"href":"https:\/\/sp1hrubieszow.pl\/index.php\/wp-json\/wp\/v2\/pages\/30033","targetHints":{"allow":["GET"]}}],"collection":[{"href":"https:\/\/sp1hrubieszow.pl\/index.php\/wp-json\/wp\/v2\/pages"}],"about":[{"href":"https:\/\/sp1hrubieszow.pl\/index.php\/wp-json\/wp\/v2\/types\/page"}],"author":[{"embeddable":true,"href":"https:\/\/sp1hrubieszow.pl\/index.php\/wp-json\/wp\/v2\/users\/4"}],"replies":[{"embeddable":true,"href":"https:\/\/sp1hrubieszow.pl\/index.php\/wp-json\/wp\/v2\/comments?post=30033"}],"version-history":[{"count":1,"href":"https:\/\/sp1hrubieszow.pl\/index.php\/wp-json\/wp\/v2\/pages\/30033\/revisions"}],"predecessor-version":[{"id":30034,"href":"https:\/\/sp1hrubieszow.pl\/index.php\/wp-json\/wp\/v2\/pages\/30033\/revisions\/30034"}],"up":[{"embeddable":true,"href":"https:\/\/sp1hrubieszow.pl\/index.php\/wp-json\/wp\/v2\/pages\/5983"}],"wp:attachment":[{"href":"https:\/\/sp1hrubieszow.pl\/index.php\/wp-json\/wp\/v2\/media?parent=30033"}],"curies":[{"name":"wp","href":"https:\/\/api.w.org\/{rel}","templated":true}]}}