{"id":30023,"date":"2026-05-14T18:14:52","date_gmt":"2026-05-14T16:14:52","guid":{"rendered":"https:\/\/sp1hrubieszow.pl\/?page_id=30023"},"modified":"2026-05-14T18:14:52","modified_gmt":"2026-05-14T16:14:52","slug":"podsumowanie-dzialan-i-rozstrzygniecie-konkursu-plastycznego-z-okazji-dnia-bezpiecznego-internetu2026","status":"publish","type":"page","link":"https:\/\/sp1hrubieszow.pl\/index.php\/kronika-2020-2021\/podsumowanie-dzialan-i-rozstrzygniecie-konkursu-plastycznego-z-okazji-dnia-bezpiecznego-internetu2026\/","title":{"rendered":"Podsumowanie dzia\u0142a\u0144 i rozstrzygni\u0119cie konkursu plastycznego z okazji Dnia Bezpiecznego Internetu\u20192026"},"content":{"rendered":"\n<p style=\"text-align: justify; line-height: 150%;\"><span style=\"color: #000080;\">W miesi\u0105cu lutym 2026r. w naszej szkole zorganizowali\u015bmy dzia\u0142ania, poprzez kt\u00f3re popularyzowali\u015bmy wiedz\u0119 na temat bezpiecze\u0144stwa w Internecie. Nasze szkolne dzia\u0142ania zg\u0142osili\u015bmy na og\u00f3lnopolsk\u0105 map\u0119 inicjatyw DBI. W klasach odby\u0142y si\u0119 zaj\u0119cia wychowawcze, wykonali\u015bmy gazetk\u0119 okoliczno\u015bciow\u0105 oraz uczestniczyli\u015bmy w lekcjach online. Zorganizowano konkurs plastyczny pt. \u201eZnam zasady Bezpiecznego Internetu. Nie popieram hejtu\u201d. W konkursie tym laureatami zostali: I miejsce: Izabela Maksymowicz kl. 7b, II miejsce: Julia Michalczewska kl. 5b, III: Aleksandra Paczos, kl.7a. Wyr\u00f3\u017cnienia: Oliwia \u015awider,Laura Kusiak i Eliza Foks kl. 4b, Filip Seme\u0144czuk, kl.6a, Dawid Kornaszewski, kl.6b, \u0141ucja Dorman kl.7b. Organizatorem konkursu by\u0142a p. Marta Kuczy\u0144ska, pedagog szkolny. Nagrody ufundowane zosta\u0142y przez Gmin\u0119 Miejsk\u0105 Hrubiesz\u00f3w w ramach funduszy przeznaczonych na dzia\u0142ania profilaktyczne.<\/span><\/p>\nngg_shortcode_0_placeholder\n\n\n","protected":false},"excerpt":{"rendered":"<p>W miesi\u0105cu lutym 2026r. w naszej szkole zorganizowali\u015bmy dzia\u0142ania, poprzez kt\u00f3re popularyzowali\u015bmy wiedz\u0119 na temat bezpiecze\u0144stwa w Internecie. Nasze szkolne dzia\u0142ania zg\u0142osili\u015bmy na og\u00f3lnopolsk\u0105 map\u0119 inicjatyw DBI. W klasach odby\u0142y si\u0119 zaj\u0119cia wychowawcze, wykonali\u015bmy gazetk\u0119 okoliczno\u015bciow\u0105 oraz uczestniczyli\u015bmy w lekcjach online. Zorganizowano konkurs plastyczny pt. \u201eZnam zasady Bezpiecznego Internetu. Nie popieram hejtu\u201d. W konkursie tym [&hellip;]<\/p>\n","protected":false},"author":4,"featured_media":0,"parent":5983,"menu_order":0,"comment_status":"closed","ping_status":"closed","template":"","meta":{"ngg_post_thumbnail":0,"footnotes":""},"class_list":["post-30023","page","type-page","status-publish","hentry"],"_links":{"self":[{"href":"https:\/\/sp1hrubieszow.pl\/index.php\/wp-json\/wp\/v2\/pages\/30023","targetHints":{"allow":["GET"]}}],"collection":[{"href":"https:\/\/sp1hrubieszow.pl\/index.php\/wp-json\/wp\/v2\/pages"}],"about":[{"href":"https:\/\/sp1hrubieszow.pl\/index.php\/wp-json\/wp\/v2\/types\/page"}],"author":[{"embeddable":true,"href":"https:\/\/sp1hrubieszow.pl\/index.php\/wp-json\/wp\/v2\/users\/4"}],"replies":[{"embeddable":true,"href":"https:\/\/sp1hrubieszow.pl\/index.php\/wp-json\/wp\/v2\/comments?post=30023"}],"version-history":[{"count":2,"href":"https:\/\/sp1hrubieszow.pl\/index.php\/wp-json\/wp\/v2\/pages\/30023\/revisions"}],"predecessor-version":[{"id":30025,"href":"https:\/\/sp1hrubieszow.pl\/index.php\/wp-json\/wp\/v2\/pages\/30023\/revisions\/30025"}],"up":[{"embeddable":true,"href":"https:\/\/sp1hrubieszow.pl\/index.php\/wp-json\/wp\/v2\/pages\/5983"}],"wp:attachment":[{"href":"https:\/\/sp1hrubieszow.pl\/index.php\/wp-json\/wp\/v2\/media?parent=30023"}],"curies":[{"name":"wp","href":"https:\/\/api.w.org\/{rel}","templated":true}]}}