{"id":30010,"date":"2026-05-14T18:03:19","date_gmt":"2026-05-14T16:03:19","guid":{"rendered":"https:\/\/sp1hrubieszow.pl\/?page_id=30010"},"modified":"2026-05-14T18:03:19","modified_gmt":"2026-05-14T16:03:19","slug":"nasza-szkola-w-gronie-laureatow-konkursu-zmiana-ktora-dziala","status":"publish","type":"page","link":"https:\/\/sp1hrubieszow.pl\/index.php\/kronika-2020-2021\/nasza-szkola-w-gronie-laureatow-konkursu-zmiana-ktora-dziala\/","title":{"rendered":"Nasza szko\u0142a w gronie laureat\u00f3w konkursu \u201eZmiana, kt\u00f3ra dzia\u0142a\u201d"},"content":{"rendered":"\n<p><span style=\"color: #000080;\">Mi\u0142o nam poinformowa\u0107, \u017ce zwyci\u0119ski program &#8222;Mediatorzy r\u00f3wie\u015bniczy liderami pozytywnej zmiany w szkole&#8221;, kt\u00f3rego autorem jest pedagog szkolny, Marta Kuczy\u0144ska, zosta\u0142 umieszczony w specjalnej publikacji pokonkursowej &#8222;Zmiana kt\u00f3ra dzia\u0142a&#8221; w\u015br\u00f3d pozosta\u0142ych nagrodzonych program\u00f3w w zakresie przeciwdzia\u0142ania przemocy r\u00f3wie\u015bniczej. Publikacja trafi do szk\u00f3\u0142 w ca\u0142ej Polsce, jako wz\u00f3r dobrych praktyk profilaktycznych. Nasza szko\u0142a otrzyma\u0142a publikacj\u0119 pokonkursow\u0105, nagrod\u0119 rzeczow\u0105 w postaci telewizora oraz mo\u017cliwo\u015b\u0107 zaprezentowania dzia\u0142a\u0144 profilaktycznych <br>w wywiadzie, przeprowadzonym na terenie naszej szko\u0142y z przedstawicielem organizatora og\u00f3lnopolskiego konkursu &#8222;Zmiana, kt\u00f3ra dzia\u0142a&#8221; oraz programu &#8222;Szko\u0142a My\u015blenia Pozytywnego 2.0&#8221; <a style=\"color: #000080;\" href=\"https:\/\/www.facebook.com\/instytutep?__cft__%5b0%5d=AZY1ttEKINhge1q9HGHoUlX8FvuUWlDRUp45-IQnIcHdLct15XjY0bAwOJTL0zoXW4-9ibFY6qWKRDbXC-Jss4YaM28vHXQUsfCrpnZRMSS5PLyn8hVYgnx_Ij4JadRj9g0YR1CmsYtYvNG51K2RdJM40jtrwS4BwufDnkFBper5lhhheAVkkk00ID2Mo1F62L0YF8Tut_SvOfrmHDQ6CGpgXSDNnySzLfbjm0jIMYiLQw&amp;__tn__=-%5dK-y-R\">Instytut Edukacji Pozytywnej<\/a>.<\/span><\/p>\n<p>&nbsp;<\/p>\n<p><span style=\"color: #000080;\">Link do publikacji (kopiuj\u0105c link, wklej go do przegl\u0105darki, nasz projekt umieszczony zosta\u0142 na str. 64-66).<\/span><\/p>\n<p><span style=\"color: #000080;\">file:\/\/\/C:\/Users\/BIURO\/Desktop\/zmiana-konkurs\/Zmiana-ktora-dziala-ebook_final.pdf<\/span><\/p>\nngg_shortcode_0_placeholder\n\n\n","protected":false},"excerpt":{"rendered":"<p>Mi\u0142o nam poinformowa\u0107, \u017ce zwyci\u0119ski program &#8222;Mediatorzy r\u00f3wie\u015bniczy liderami pozytywnej zmiany w szkole&#8221;, kt\u00f3rego autorem jest pedagog szkolny, Marta Kuczy\u0144ska, zosta\u0142 umieszczony w specjalnej publikacji pokonkursowej &#8222;Zmiana kt\u00f3ra dzia\u0142a&#8221; w\u015br\u00f3d pozosta\u0142ych nagrodzonych program\u00f3w w zakresie przeciwdzia\u0142ania przemocy r\u00f3wie\u015bniczej. Publikacja trafi do szk\u00f3\u0142 w ca\u0142ej Polsce, jako wz\u00f3r dobrych praktyk profilaktycznych. Nasza szko\u0142a otrzyma\u0142a publikacj\u0119 pokonkursow\u0105, [&hellip;]<\/p>\n","protected":false},"author":4,"featured_media":0,"parent":5983,"menu_order":0,"comment_status":"closed","ping_status":"closed","template":"","meta":{"ngg_post_thumbnail":0,"footnotes":""},"class_list":["post-30010","page","type-page","status-publish","hentry"],"_links":{"self":[{"href":"https:\/\/sp1hrubieszow.pl\/index.php\/wp-json\/wp\/v2\/pages\/30010","targetHints":{"allow":["GET"]}}],"collection":[{"href":"https:\/\/sp1hrubieszow.pl\/index.php\/wp-json\/wp\/v2\/pages"}],"about":[{"href":"https:\/\/sp1hrubieszow.pl\/index.php\/wp-json\/wp\/v2\/types\/page"}],"author":[{"embeddable":true,"href":"https:\/\/sp1hrubieszow.pl\/index.php\/wp-json\/wp\/v2\/users\/4"}],"replies":[{"embeddable":true,"href":"https:\/\/sp1hrubieszow.pl\/index.php\/wp-json\/wp\/v2\/comments?post=30010"}],"version-history":[{"count":1,"href":"https:\/\/sp1hrubieszow.pl\/index.php\/wp-json\/wp\/v2\/pages\/30010\/revisions"}],"predecessor-version":[{"id":30011,"href":"https:\/\/sp1hrubieszow.pl\/index.php\/wp-json\/wp\/v2\/pages\/30010\/revisions\/30011"}],"up":[{"embeddable":true,"href":"https:\/\/sp1hrubieszow.pl\/index.php\/wp-json\/wp\/v2\/pages\/5983"}],"wp:attachment":[{"href":"https:\/\/sp1hrubieszow.pl\/index.php\/wp-json\/wp\/v2\/media?parent=30010"}],"curies":[{"name":"wp","href":"https:\/\/api.w.org\/{rel}","templated":true}]}}