{"id":30004,"date":"2026-05-14T17:53:56","date_gmt":"2026-05-14T15:53:56","guid":{"rendered":"https:\/\/sp1hrubieszow.pl\/?page_id=30004"},"modified":"2026-05-14T17:53:56","modified_gmt":"2026-05-14T15:53:56","slug":"wyniki-x-ogolnopolskiego-konkursu-literackiego-lubelszczyzna-w-legendach","status":"publish","type":"page","link":"https:\/\/sp1hrubieszow.pl\/index.php\/kronika-2020-2021\/wyniki-x-ogolnopolskiego-konkursu-literackiego-lubelszczyzna-w-legendach\/","title":{"rendered":"Wyniki X Og\u00f3lnopolskiego Konkursu Literackiego \u201eLubelszczyzna w legendach\u201d"},"content":{"rendered":"\n<p><span style=\"color: #000080;\">Uczennica klasy 5a Gabriela Wojtiuk zosta\u0142a laureatk\u0105 X Og\u00f3lnopolskiego Konkursu Literackiego \u201eLubelszczyzna w legendach\u201d, kt\u00f3ry odbywa\u0142 si\u0119 pod patronatem m.in. <br>p. Krzysztofa Komorskiego \u2013 Wojewody Lubelskiego, p. Jaros\u0142awa Stawiarskiego \u2013 Marsza\u0142ka Wojew\u00f3dztwa Lubelskiego, p. Tomasza Szab\u0142owskiego \u2013 Lubelskiego Kuratora O\u015bwiaty. Tematem konkursu by\u0142o samodzielne stworzenie legendy zwi\u0105zanej <br>z jednym z miast Lubelszczyzny le\u017c\u0105cym nad Wis\u0142\u0105. Gabrysia napisa\u0142a prac\u0119 pt. \u201eJantar <br>i poro\u017ce jelenia\u201d, w kt\u00f3rej wykaza\u0142a si\u0119 znajomo\u015bci\u0105 Lubelszczyzny i niesamowita pomys\u0142owo\u015bci\u0105. Serdecznie gratulujemy i \u017cyczymy dalszych sukces\u00f3w.<\/span><\/p>\nngg_shortcode_0_placeholder\n\n\n","protected":false},"excerpt":{"rendered":"<p>Uczennica klasy 5a Gabriela Wojtiuk zosta\u0142a laureatk\u0105 X Og\u00f3lnopolskiego Konkursu Literackiego \u201eLubelszczyzna w legendach\u201d, kt\u00f3ry odbywa\u0142 si\u0119 pod patronatem m.in. p. Krzysztofa Komorskiego \u2013 Wojewody Lubelskiego, p. Jaros\u0142awa Stawiarskiego \u2013 Marsza\u0142ka Wojew\u00f3dztwa Lubelskiego, p. Tomasza Szab\u0142owskiego \u2013 Lubelskiego Kuratora O\u015bwiaty. Tematem konkursu by\u0142o samodzielne stworzenie legendy zwi\u0105zanej z jednym z miast Lubelszczyzny le\u017c\u0105cym nad Wis\u0142\u0105. [&hellip;]<\/p>\n","protected":false},"author":4,"featured_media":0,"parent":5983,"menu_order":0,"comment_status":"closed","ping_status":"closed","template":"","meta":{"ngg_post_thumbnail":0,"footnotes":""},"class_list":["post-30004","page","type-page","status-publish","hentry"],"_links":{"self":[{"href":"https:\/\/sp1hrubieszow.pl\/index.php\/wp-json\/wp\/v2\/pages\/30004","targetHints":{"allow":["GET"]}}],"collection":[{"href":"https:\/\/sp1hrubieszow.pl\/index.php\/wp-json\/wp\/v2\/pages"}],"about":[{"href":"https:\/\/sp1hrubieszow.pl\/index.php\/wp-json\/wp\/v2\/types\/page"}],"author":[{"embeddable":true,"href":"https:\/\/sp1hrubieszow.pl\/index.php\/wp-json\/wp\/v2\/users\/4"}],"replies":[{"embeddable":true,"href":"https:\/\/sp1hrubieszow.pl\/index.php\/wp-json\/wp\/v2\/comments?post=30004"}],"version-history":[{"count":1,"href":"https:\/\/sp1hrubieszow.pl\/index.php\/wp-json\/wp\/v2\/pages\/30004\/revisions"}],"predecessor-version":[{"id":30005,"href":"https:\/\/sp1hrubieszow.pl\/index.php\/wp-json\/wp\/v2\/pages\/30004\/revisions\/30005"}],"up":[{"embeddable":true,"href":"https:\/\/sp1hrubieszow.pl\/index.php\/wp-json\/wp\/v2\/pages\/5983"}],"wp:attachment":[{"href":"https:\/\/sp1hrubieszow.pl\/index.php\/wp-json\/wp\/v2\/media?parent=30004"}],"curies":[{"name":"wp","href":"https:\/\/api.w.org\/{rel}","templated":true}]}}