{"id":29996,"date":"2026-05-13T19:30:25","date_gmt":"2026-05-13T17:30:25","guid":{"rendered":"https:\/\/sp1hrubieszow.pl\/?page_id=29996"},"modified":"2026-05-13T19:36:16","modified_gmt":"2026-05-13T17:36:16","slug":"rozstrzygniecie-konkursu-wierszyk-do-gazetki-3","status":"publish","type":"page","link":"https:\/\/sp1hrubieszow.pl\/index.php\/kronika-2020-2021\/rozstrzygniecie-konkursu-wierszyk-do-gazetki-3\/","title":{"rendered":"Rozstrzygni\u0119cie konkursu \u201eWierszyk do gazetki\u201d"},"content":{"rendered":"\n<p><span style=\"color: #000080;\">W dniu 08.05.2026r. wr\u0119czono nagrody i dyplomy w konkursie \u201eWierszyk do gazetki\u201d. Tegoroczna edycja konkursu przebiega\u0142a pod has\u0142em \u201eZdrowie jedno mam i na co dzie\u0144 o nie dbam\u201d. Konkurs mia\u0142 na celu: <br>1.Rozwijanie zdolno\u015bci tw\u00f3rczych i promocj\u0119 tw\u00f3rczo\u015bci uczniowskiej. <br>2.Rozwijanie prawid\u0142owych postaw w zakresie dbania o zdrowie fizyczne i psychiczne.<\/span><\/p>\n<p style=\"font-variant-ligatures: normal; font-variant-caps: normal; orphans: 2; text-align: start; widows: 2; -webkit-text-stroke-width: 0px; word-spacing: 0px;\"><span style=\"color: #000080;\">Komisja konkursowa przydzieli\u0142a nast\u0119puj\u0105ce nagrody i wyr\u00f3\u017cnienia w kategorii klas 1-3:<\/span><\/p>\n<p style=\"font-variant-ligatures: normal; font-variant-caps: normal; orphans: 2; text-align: start; widows: 2; -webkit-text-stroke-width: 0px; word-spacing: 0px;\"><span style=\"color: #000080;\">I miejsce: Nikola G\u0142owacz, kl. 3b<\/span><\/p>\n<p style=\"font-variant-ligatures: normal; font-variant-caps: normal; orphans: 2; text-align: start; widows: 2; -webkit-text-stroke-width: 0px; word-spacing: 0px;\"><span style=\"color: #000080;\">II miejsce: Hanna Jasi\u0144ska, kl. 2b<\/span><\/p>\n<p style=\"font-variant-ligatures: normal; font-variant-caps: normal; orphans: 2; text-align: start; widows: 2; -webkit-text-stroke-width: 0px; word-spacing: 0px;\"><span style=\"color: #000080;\">III miejsce: Michalina Lizak, kl. 1b<\/span><\/p>\n<p style=\"font-variant-ligatures: normal; font-variant-caps: normal; orphans: 2; text-align: start; widows: 2; -webkit-text-stroke-width: 0px; word-spacing: 0px;\"><span style=\"color: #000080;\">Wyr\u00f3\u017cnienia:<\/span><\/p>\n<p style=\"font-variant-ligatures: normal; font-variant-caps: normal; orphans: 2; text-align: start; widows: 2; -webkit-text-stroke-width: 0px; word-spacing: 0px;\"><span style=\"color: #000080;\">Diana Go\u0142\u0119biowska, 2a<\/span><\/p>\n<p style=\"font-variant-ligatures: normal; font-variant-caps: normal; orphans: 2; text-align: start; widows: 2; -webkit-text-stroke-width: 0px; word-spacing: 0px;\"><span style=\"color: #000080;\">Eliza Daciuk, 3a<\/span><\/p>\n<p style=\"font-variant-ligatures: normal; font-variant-caps: normal; orphans: 2; text-align: start; widows: 2; -webkit-text-stroke-width: 0px; word-spacing: 0px;\"><span style=\"color: #000080;\">Magdalena Socha, 3a<\/span><\/p>\n<p style=\"font-variant-ligatures: normal; font-variant-caps: normal; orphans: 2; text-align: start; widows: 2; -webkit-text-stroke-width: 0px; word-spacing: 0px;\"><span style=\"color: #000080;\">Milana Pa\u0142ys, 2c<\/span><\/p>\n<p style=\"font-variant-ligatures: normal; font-variant-caps: normal; orphans: 2; text-align: start; widows: 2; -webkit-text-stroke-width: 0px; word-spacing: 0px;\"><span style=\"color: #000080;\">Tamara Karpiuk, 1a<\/span><\/p>\n<p style=\"font-variant-ligatures: normal; font-variant-caps: normal; orphans: 2; text-align: start; widows: 2; -webkit-text-stroke-width: 0px; word-spacing: 0px;\"><span style=\"color: #000080;\">Lidia Nazar, 1a<\/span><\/p>\n<p style=\"font-variant-ligatures: normal; font-variant-caps: normal; orphans: 2; text-align: start; widows: 2; -webkit-text-stroke-width: 0px; word-spacing: 0px;\"><span style=\"color: #000080;\">Nikola Bieli\u0144ska, 1b<\/span><\/p>\n<p style=\"font-variant-ligatures: normal; font-variant-caps: normal; orphans: 2; text-align: start; widows: 2; -webkit-text-stroke-width: 0px; word-spacing: 0px;\"><span style=\"color: #000080;\">W kategorii klas 4-8<\/span><\/p>\n<p style=\"font-variant-ligatures: normal; font-variant-caps: normal; orphans: 2; text-align: start; widows: 2; -webkit-text-stroke-width: 0px; word-spacing: 0px;\"><span style=\"color: #000080;\">I miejsce: Hanna Sidorczuk, 7a<\/span><\/p>\n<p style=\"font-variant-ligatures: normal; font-variant-caps: normal; orphans: 2; text-align: start; widows: 2; -webkit-text-stroke-width: 0px; word-spacing: 0px;\"><span style=\"color: #000080;\">II miejsce: Hanna Zuza\u0144ska, 6a<\/span><\/p>\n<p style=\"font-variant-ligatures: normal; font-variant-caps: normal; orphans: 2; text-align: start; widows: 2; -webkit-text-stroke-width: 0px; word-spacing: 0px;\"><span style=\"color: #000080;\">III miejsce: Jakub Kalbarczyk, 6a<\/span><\/p>\n<p style=\"font-variant-ligatures: normal; font-variant-caps: normal; orphans: 2; text-align: start; widows: 2; -webkit-text-stroke-width: 0px; word-spacing: 0px;\"><span style=\"color: #000080;\">Wyr\u00f3\u017cnienia:<\/span><\/p>\n<p style=\"font-variant-ligatures: normal; font-variant-caps: normal; orphans: 2; text-align: start; widows: 2; -webkit-text-stroke-width: 0px; word-spacing: 0px;\"><span style=\"color: #000080;\">Lena Sawicka, 6a<\/span><\/p>\n<p style=\"font-variant-ligatures: normal; font-variant-caps: normal; orphans: 2; text-align: start; widows: 2; -webkit-text-stroke-width: 0px; word-spacing: 0px;\"><span style=\"color: #000080;\">Gabriela Ca\u0142a, 6a<\/span><\/p>\n<p style=\"font-variant-ligatures: normal; font-variant-caps: normal; orphans: 2; text-align: start; widows: 2; -webkit-text-stroke-width: 0px; word-spacing: 0px;\"><span style=\"color: #000080;\">Gratulujemy nagrodzonym i wyr\u00f3\u017cnionym uczniom. Wiersze laureat\u00f3w uka\u017c\u0105 si\u0119 na \u0142amach gazetki szkolnej.<\/span><\/p>\n<p style=\"font-variant-ligatures: normal; font-variant-caps: normal; orphans: 2; text-align: start; widows: 2; -webkit-text-stroke-width: 0px; word-spacing: 0px;\"><span style=\"color: #000080;\">Organizator: Zesp\u00f3\u0142 redakcyjny gazetki szkolnej \u201eJedyneczka\u201d<\/span><\/p>\nngg_shortcode_0_placeholder\n","protected":false},"excerpt":{"rendered":"<p>W dniu 08.05.2026r. wr\u0119czono nagrody i dyplomy w konkursie \u201eWierszyk do gazetki\u201d. Tegoroczna edycja konkursu przebiega\u0142a pod has\u0142em \u201eZdrowie jedno mam i na co dzie\u0144 o nie dbam\u201d. Konkurs mia\u0142 na celu: 1.Rozwijanie zdolno\u015bci tw\u00f3rczych i promocj\u0119 tw\u00f3rczo\u015bci uczniowskiej. 2.Rozwijanie prawid\u0142owych postaw w zakresie dbania o zdrowie fizyczne i psychiczne. Komisja konkursowa przydzieli\u0142a nast\u0119puj\u0105ce nagrody [&hellip;]<\/p>\n","protected":false},"author":4,"featured_media":0,"parent":5983,"menu_order":0,"comment_status":"closed","ping_status":"closed","template":"","meta":{"ngg_post_thumbnail":0,"footnotes":""},"class_list":["post-29996","page","type-page","status-publish","hentry"],"_links":{"self":[{"href":"https:\/\/sp1hrubieszow.pl\/index.php\/wp-json\/wp\/v2\/pages\/29996","targetHints":{"allow":["GET"]}}],"collection":[{"href":"https:\/\/sp1hrubieszow.pl\/index.php\/wp-json\/wp\/v2\/pages"}],"about":[{"href":"https:\/\/sp1hrubieszow.pl\/index.php\/wp-json\/wp\/v2\/types\/page"}],"author":[{"embeddable":true,"href":"https:\/\/sp1hrubieszow.pl\/index.php\/wp-json\/wp\/v2\/users\/4"}],"replies":[{"embeddable":true,"href":"https:\/\/sp1hrubieszow.pl\/index.php\/wp-json\/wp\/v2\/comments?post=29996"}],"version-history":[{"count":2,"href":"https:\/\/sp1hrubieszow.pl\/index.php\/wp-json\/wp\/v2\/pages\/29996\/revisions"}],"predecessor-version":[{"id":30001,"href":"https:\/\/sp1hrubieszow.pl\/index.php\/wp-json\/wp\/v2\/pages\/29996\/revisions\/30001"}],"up":[{"embeddable":true,"href":"https:\/\/sp1hrubieszow.pl\/index.php\/wp-json\/wp\/v2\/pages\/5983"}],"wp:attachment":[{"href":"https:\/\/sp1hrubieszow.pl\/index.php\/wp-json\/wp\/v2\/media?parent=29996"}],"curies":[{"name":"wp","href":"https:\/\/api.w.org\/{rel}","templated":true}]}}