{"id":29915,"date":"2026-04-15T17:16:06","date_gmt":"2026-04-15T15:16:06","guid":{"rendered":"https:\/\/sp1hrubieszow.pl\/?page_id=29915"},"modified":"2026-04-15T17:16:06","modified_gmt":"2026-04-15T15:16:06","slug":"zmagania-z-ortografia","status":"publish","type":"page","link":"https:\/\/sp1hrubieszow.pl\/index.php\/kronika-2019-2020\/zmagania-z-ortografia\/","title":{"rendered":"Zmagania z ortografi\u0105"},"content":{"rendered":"\n<p><span style=\"color: #000080;\">W naszej szkole dn. 14.04.2026r. odby\u0142 si\u0119 Regionalny Konkurs Ortograficzny Ma\u0142y Mistrz Ortografii dla uczni\u00f3w klas trzecich \u2013 etap miejski. M\u0142odzi uczestnicy zmierzyli si\u0119 z nie\u0142atwymi zasadami pisowni, wykazuj\u0105c si\u0119 ogromn\u0105 wiedz\u0105, koncentracj\u0105<\/span><br><span style=\"color: #000080;\"> i zaanga\u017cowaniem.<\/span><\/p>\n<p><span style=\"color: #000080;\">Serdecznie gratulujemy wszystkim uczestnikom odwagi i \u015bwietnych wynik\u00f3w, <\/span><br><span style=\"color: #000080;\">a laureatom \u017cyczymy dalszych sukces\u00f3w!<\/span><\/p>\n<p><span style=\"color: #000080;\">Do etapu miejskiego przyst\u0105pili uczniowie ze Szko\u0142y Podstawowej nr 3 i Szko\u0142y Podstawowej nr 1 w Hrubieszowie.<\/span><\/p>\n<p><span style=\"color: #000080;\">Marta Rutkowska<\/span><\/p>\nngg_shortcode_0_placeholder\n","protected":false},"excerpt":{"rendered":"<p>W naszej szkole dn. 14.04.2026r. odby\u0142 si\u0119 Regionalny Konkurs Ortograficzny Ma\u0142y Mistrz Ortografii dla uczni\u00f3w klas trzecich \u2013 etap miejski. M\u0142odzi uczestnicy zmierzyli si\u0119 z nie\u0142atwymi zasadami pisowni, wykazuj\u0105c si\u0119 ogromn\u0105 wiedz\u0105, koncentracj\u0105 i zaanga\u017cowaniem. Serdecznie gratulujemy wszystkim uczestnikom odwagi i \u015bwietnych wynik\u00f3w, a laureatom \u017cyczymy dalszych sukces\u00f3w! Do etapu miejskiego przyst\u0105pili uczniowie ze Szko\u0142y [&hellip;]<\/p>\n","protected":false},"author":4,"featured_media":0,"parent":2167,"menu_order":0,"comment_status":"closed","ping_status":"closed","template":"","meta":{"ngg_post_thumbnail":0,"footnotes":""},"class_list":["post-29915","page","type-page","status-publish","hentry"],"_links":{"self":[{"href":"https:\/\/sp1hrubieszow.pl\/index.php\/wp-json\/wp\/v2\/pages\/29915","targetHints":{"allow":["GET"]}}],"collection":[{"href":"https:\/\/sp1hrubieszow.pl\/index.php\/wp-json\/wp\/v2\/pages"}],"about":[{"href":"https:\/\/sp1hrubieszow.pl\/index.php\/wp-json\/wp\/v2\/types\/page"}],"author":[{"embeddable":true,"href":"https:\/\/sp1hrubieszow.pl\/index.php\/wp-json\/wp\/v2\/users\/4"}],"replies":[{"embeddable":true,"href":"https:\/\/sp1hrubieszow.pl\/index.php\/wp-json\/wp\/v2\/comments?post=29915"}],"version-history":[{"count":1,"href":"https:\/\/sp1hrubieszow.pl\/index.php\/wp-json\/wp\/v2\/pages\/29915\/revisions"}],"predecessor-version":[{"id":29916,"href":"https:\/\/sp1hrubieszow.pl\/index.php\/wp-json\/wp\/v2\/pages\/29915\/revisions\/29916"}],"up":[{"embeddable":true,"href":"https:\/\/sp1hrubieszow.pl\/index.php\/wp-json\/wp\/v2\/pages\/2167"}],"wp:attachment":[{"href":"https:\/\/sp1hrubieszow.pl\/index.php\/wp-json\/wp\/v2\/media?parent=29915"}],"curies":[{"name":"wp","href":"https:\/\/api.w.org\/{rel}","templated":true}]}}