{"id":29906,"date":"2026-04-09T20:12:50","date_gmt":"2026-04-09T18:12:50","guid":{"rendered":"https:\/\/sp1hrubieszow.pl\/?page_id=29906"},"modified":"2026-04-09T20:12:50","modified_gmt":"2026-04-09T18:12:50","slug":"zakonczenie-udzialu-w-projekcie-edukacja-mlode-horyzonty","status":"publish","type":"page","link":"https:\/\/sp1hrubieszow.pl\/index.php\/kronika-2019-2020\/zakonczenie-udzialu-w-projekcie-edukacja-mlode-horyzonty\/","title":{"rendered":"Zako\u0144czenie udzia\u0142u w projekcie Edukacja M\u0142ode Horyzonty"},"content":{"rendered":"\n<p>&nbsp;<\/p>\n<p><span style=\"color: #000080;\">9 kwietnia 2026r. klasa 6a zako\u0144czy\u0142a udzia\u0142 w og\u00f3lnopolskim projekcie <strong>\u201eEdukacja M\u0142ode Horyzonty\u201d<\/strong> realizowanym w roku szkolnym 2025\/2026.<\/span><\/p>\n<p><span style=\"color: #000080;\">Program skierowany by\u0142 do uczni\u00f3w i nauczycieli, kt\u00f3rzy w ramach zaj\u0119\u0107 szkolnych uczestniczyli w seansach warto\u015bciowych film\u00f3w, a nast\u0119pnie brali udzia\u0142 w rozmowach <\/span><br><span style=\"color: #000080;\">i refleksjach na ich temat. W trakcie realizacji projektu uczniowie wzi\u0119li udzia\u0142 w siedmiu wyj\u015bciach do kina.<\/span><\/p>\n<p><span style=\"color: #000080;\">Podczas projekcji m\u0142odzie\u017c mia\u0142a okazj\u0119 towarzyszy\u0107 bohaterom w ich przygodach <\/span><br><span style=\"color: #000080;\">i trudno\u015bciach, co pozwoli\u0142o im lepiej zrozumie\u0107 znaczenie marze\u0144, wyznaczania cel\u00f3w oraz odpowiedzialno\u015bci za w\u0142asne decyzje. Udzia\u0142 w programie sprzyja\u0142 r\u00f3wnie\u017c rozwijaniu wra\u017cliwo\u015bci i empatii wobec innych ludzi, a tak\u017ce pomaga\u0142 w nauce radzenia sobie <\/span><span style=\"color: #000080;\">z emocjami i podejmowania \u015bwiadomych wybor\u00f3w.<\/span><\/p>\n<p><span style=\"color: #000080;\">Zwie\u0144czeniem udzia\u0142u w projekcie by\u0142o uroczyste podsumowanie, podczas kt\u00f3rego&nbsp; klasy bior\u0105ce udzia\u0142 w programie dosta\u0142y dyplomy oraz zosta\u0142y uhonorowane pami\u0105tkowymi statuetkami.<\/span><\/p>\n<p><span style=\"color: #000080;\">Serdecznie gratulujemy uczniom klasy 6a zaanga\u017cowania i aktywnego uczestnictwa <\/span><br><span style=\"color: #000080;\">w projekcie!&nbsp;<\/span><\/p>\n<p><span style=\"color: #000080;\">Monika Anigacz<\/span><\/p>\nngg_shortcode_0_placeholder\n","protected":false},"excerpt":{"rendered":"<p>&nbsp; 9 kwietnia 2026r. klasa 6a zako\u0144czy\u0142a udzia\u0142 w og\u00f3lnopolskim projekcie \u201eEdukacja M\u0142ode Horyzonty\u201d realizowanym w roku szkolnym 2025\/2026. Program skierowany by\u0142 do uczni\u00f3w i nauczycieli, kt\u00f3rzy w ramach zaj\u0119\u0107 szkolnych uczestniczyli w seansach warto\u015bciowych film\u00f3w, a nast\u0119pnie brali udzia\u0142 w rozmowach i refleksjach na ich temat. W trakcie realizacji projektu uczniowie wzi\u0119li udzia\u0142 w [&hellip;]<\/p>\n","protected":false},"author":4,"featured_media":0,"parent":2167,"menu_order":0,"comment_status":"closed","ping_status":"closed","template":"","meta":{"ngg_post_thumbnail":0,"footnotes":""},"class_list":["post-29906","page","type-page","status-publish","hentry"],"_links":{"self":[{"href":"https:\/\/sp1hrubieszow.pl\/index.php\/wp-json\/wp\/v2\/pages\/29906","targetHints":{"allow":["GET"]}}],"collection":[{"href":"https:\/\/sp1hrubieszow.pl\/index.php\/wp-json\/wp\/v2\/pages"}],"about":[{"href":"https:\/\/sp1hrubieszow.pl\/index.php\/wp-json\/wp\/v2\/types\/page"}],"author":[{"embeddable":true,"href":"https:\/\/sp1hrubieszow.pl\/index.php\/wp-json\/wp\/v2\/users\/4"}],"replies":[{"embeddable":true,"href":"https:\/\/sp1hrubieszow.pl\/index.php\/wp-json\/wp\/v2\/comments?post=29906"}],"version-history":[{"count":1,"href":"https:\/\/sp1hrubieszow.pl\/index.php\/wp-json\/wp\/v2\/pages\/29906\/revisions"}],"predecessor-version":[{"id":29907,"href":"https:\/\/sp1hrubieszow.pl\/index.php\/wp-json\/wp\/v2\/pages\/29906\/revisions\/29907"}],"up":[{"embeddable":true,"href":"https:\/\/sp1hrubieszow.pl\/index.php\/wp-json\/wp\/v2\/pages\/2167"}],"wp:attachment":[{"href":"https:\/\/sp1hrubieszow.pl\/index.php\/wp-json\/wp\/v2\/media?parent=29906"}],"curies":[{"name":"wp","href":"https:\/\/api.w.org\/{rel}","templated":true}]}}