{"id":29896,"date":"2026-04-08T19:37:39","date_gmt":"2026-04-08T17:37:39","guid":{"rendered":"https:\/\/sp1hrubieszow.pl\/?page_id=29896"},"modified":"2026-04-08T19:37:54","modified_gmt":"2026-04-08T17:37:54","slug":"kropla-wiedzy-czyli-zmiana-postaw-spolecznych-poprzez-niebiesko-zielone-szkoly-w-polsce-wschodniej","status":"publish","type":"page","link":"https:\/\/sp1hrubieszow.pl\/index.php\/kronika-2020-2021\/kropla-wiedzy-czyli-zmiana-postaw-spolecznych-poprzez-niebiesko-zielone-szkoly-w-polsce-wschodniej\/","title":{"rendered":"\u201eKropla wiedzy, czyli zmiana postaw spo\u0142ecznych poprzez niebiesko-zielone szko\u0142y w Polsce Wschodniej\u201d"},"content":{"rendered":"\n<div class=\"xdj266r x14z9mp xat24cr x1lziwak x1vvkbs x126k92a\">\n<div dir=\"auto\"><span style=\"color: #000080;\">Dzi\u0119kujemy, \u017ce zostali\u015bmy wybrani spo\u015br\u00f3d wielu szk\u00f3\u0142 do realizacji projektu! Realizacja projektu obejmuje trzy wojew\u00f3dztwa Polski Wschodniej \u2013 podkarpackie, podlaskie i lubelskie. Dzia\u0142ania FENX.02.04. Adaptacja do zmian klimatu, zapobieganie kl\u0119skom i katastrofom priorytetu FENX.02, Wsparcie sektor\u00f3w energetyka i \u015brodowisko, programu Fundusze Europejskie na Infrastruktur\u0119, Klimat, \u015arodowisko 2021-2027, numer Umowy o dofinansowanie- FENX.02.04-IW.01-0037\/24.<\/span><\/div>\n<\/div>\n<div class=\"x14z9mp xat24cr x1lziwak x1vvkbs xtlvy1s x126k92a\">\n<div dir=\"auto\"><span style=\"color: #000080;\">W dniu dzisiejszym, 08.04.2026 r., nauczyciele naszej szko\u0142y uczestniczyli w szkoleniu warsztatowym realizowanym w ramach projektu \u201eKropla wiedzy, czyli zmiana postaw spo\u0142ecznych poprzez niebiesko-zielone szko\u0142y w Polsce Wschodniej\u201d.<\/span><\/div>\n<\/div>\n<div class=\"x14z9mp xat24cr x1lziwak x1vvkbs xtlvy1s x126k92a\">\n<div dir=\"auto\"><span style=\"color: #000080;\">Szkolenie poprowadzili dla nas specjalista Ewa \u015awierkula oraz dr Wojciech Szymalski prezes z Instytutu na Rzecz Ekorozwoju. Podczas spotkania zdobyli\u015bmy cenn\u0105 wiedz\u0119 oraz praktyczne wskaz\u00f3wki dotycz\u0105ce kszta\u0142towania postaw proekologicznych i tworzenia przyjaznej, zr\u00f3wnowa\u017conej przestrzeni szkolnej.<\/span><\/div>\n<\/div>\n<div class=\"x14z9mp xat24cr x1lziwak x1vvkbs xtlvy1s x126k92a\">\n<div dir=\"auto\"><span style=\"color: #000080;\">Projekt ma na celu zwi\u0119kszenie \u015bwiadomo\u015bci i wiedzy w zakresie ochrony zasob\u00f3w wodnych oraz adaptacji do zmiany klimatu. Koncentruje si\u0119 na edukacji ekologicznej nauczycieli, dzieci i m\u0142odzie\u017cy szkolnej, a poprzez szko\u0142y anga\u017cuje tak\u017ce rodzic\u00f3w, samorz\u0105dy oraz spo\u0142eczno\u015bci lokalne.<\/span><\/div>\n<\/div>\n<div class=\"x14z9mp xat24cr x1lziwak x1vvkbs xtlvy1s x126k92a\">\n<div dir=\"auto\"><span style=\"color: #000080;\">Dzi\u0119kujemy za inspiruj\u0105ce spotkanie i motywacj\u0119 do dalszych dzia\u0142a\u0144 na rzecz \u015brodowiska!<\/span><\/div>\n<div dir=\"auto\">\nngg_shortcode_0_placeholder\n<\/div>\n<\/div>\n","protected":false},"excerpt":{"rendered":"<p>Dzi\u0119kujemy, \u017ce zostali\u015bmy wybrani spo\u015br\u00f3d wielu szk\u00f3\u0142 do realizacji projektu! Realizacja projektu obejmuje trzy wojew\u00f3dztwa Polski Wschodniej \u2013 podkarpackie, podlaskie i lubelskie. Dzia\u0142ania FENX.02.04. Adaptacja do zmian klimatu, zapobieganie kl\u0119skom i katastrofom priorytetu FENX.02, Wsparcie sektor\u00f3w energetyka i \u015brodowisko, programu Fundusze Europejskie na Infrastruktur\u0119, Klimat, \u015arodowisko 2021-2027, numer Umowy o dofinansowanie- FENX.02.04-IW.01-0037\/24. W dniu dzisiejszym, [&hellip;]<\/p>\n","protected":false},"author":2,"featured_media":0,"parent":5983,"menu_order":0,"comment_status":"closed","ping_status":"closed","template":"","meta":{"ngg_post_thumbnail":0,"footnotes":""},"class_list":["post-29896","page","type-page","status-publish","hentry"],"_links":{"self":[{"href":"https:\/\/sp1hrubieszow.pl\/index.php\/wp-json\/wp\/v2\/pages\/29896","targetHints":{"allow":["GET"]}}],"collection":[{"href":"https:\/\/sp1hrubieszow.pl\/index.php\/wp-json\/wp\/v2\/pages"}],"about":[{"href":"https:\/\/sp1hrubieszow.pl\/index.php\/wp-json\/wp\/v2\/types\/page"}],"author":[{"embeddable":true,"href":"https:\/\/sp1hrubieszow.pl\/index.php\/wp-json\/wp\/v2\/users\/2"}],"replies":[{"embeddable":true,"href":"https:\/\/sp1hrubieszow.pl\/index.php\/wp-json\/wp\/v2\/comments?post=29896"}],"version-history":[{"count":1,"href":"https:\/\/sp1hrubieszow.pl\/index.php\/wp-json\/wp\/v2\/pages\/29896\/revisions"}],"predecessor-version":[{"id":29897,"href":"https:\/\/sp1hrubieszow.pl\/index.php\/wp-json\/wp\/v2\/pages\/29896\/revisions\/29897"}],"up":[{"embeddable":true,"href":"https:\/\/sp1hrubieszow.pl\/index.php\/wp-json\/wp\/v2\/pages\/5983"}],"wp:attachment":[{"href":"https:\/\/sp1hrubieszow.pl\/index.php\/wp-json\/wp\/v2\/media?parent=29896"}],"curies":[{"name":"wp","href":"https:\/\/api.w.org\/{rel}","templated":true}]}}