{"id":29862,"date":"2026-03-26T17:27:16","date_gmt":"2026-03-26T16:27:16","guid":{"rendered":"https:\/\/sp1hrubieszow.pl\/?page_id=29862"},"modified":"2026-03-26T17:35:24","modified_gmt":"2026-03-26T16:35:24","slug":"relacja-z-zajec-z-wychowawca-klasa-8b","status":"publish","type":"page","link":"https:\/\/sp1hrubieszow.pl\/index.php\/kronika-2020-2021\/relacja-z-zajec-z-wychowawca-klasa-8b\/","title":{"rendered":"Relacja z zaj\u0119\u0107 z wychowawc\u0105 \u2013 klasa 8b"},"content":{"rendered":"\n\n\n<div class=\"x14z9mp xat24cr x1lziwak x1vvkbs xtlvy1s x126k92a\">\n<div dir=\"auto\"><span style=\"color: #000080;\">W dniu 26 marca odby\u0142y si\u0119 zaj\u0119cia z wychowawc\u0105, w kt\u00f3rych uczestniczy\u0142a pani Anna Czernysz. Tematem spotkania by\u0142a wsp\u00f3\u0142praca oraz dobra komunikacja w zespole.<\/span><\/div>\n<\/div>\n<div class=\"x14z9mp xat24cr x1lziwak x1vvkbs xtlvy1s x126k92a\">\n<div dir=\"auto\"><span style=\"color: #000080;\">Podczas lekcji uczniowie pracowali w czterech grupach. W ka\u017cdej z nich wyznaczony zosta\u0142 lider, kt\u00f3rego zadaniem by\u0142o udzielanie wskaz\u00f3wek pozosta\u0142ym cz\u0142onkom zespo\u0142u. Uczniowie w grupach mieli opaski na oczach i kieruj\u0105c si\u0119 wy\u0142\u0105cznie instrukcjami lidera, budowali z klock\u00f3w budynek naszej szko\u0142y. Tylko lider wiedzia\u0142, co dok\u0142adnie powstaje.<\/span><\/div>\n<\/div>\n<div class=\"x14z9mp xat24cr x1lziwak x1vvkbs xtlvy1s x126k92a\">\n<div dir=\"auto\"><span style=\"color: #000080;\">\u0106wiczenie pokaza\u0142o, jak wa\u017cne w pracy zespo\u0142owej s\u0105: wzajemna komunikacja, zaufanie, wsp\u00f3lny cel oraz umiej\u0119tno\u015b\u0107 uwa\u017cnego s\u0142uchania. Uczniowie mogli r\u00f3wnie\u017c zauwa\u017cy\u0107, \u017ce ka\u017cdy cz\u0142onek grupy odgrywa istotn\u0105 rol\u0119 w osi\u0105gni\u0119ciu sukcesu.<\/span><\/div>\n<\/div>\n<div class=\"x14z9mp xat24cr x1lziwak x1vvkbs xtlvy1s x126k92a\">\n<div dir=\"auto\"><span style=\"color: #000080;\">Na zako\u0144czenie zaj\u0119\u0107 przeczytali\u015bmy r\u00f3wnie\u017c przypowie\u015b\u0107 o pracy zespo\u0142owej, kt\u00f3rej bohaterami byli \u201eKa\u017cdy\u201d, \u201eKto\u015b\u201d, \u201eKt\u00f3rykolwiek\u201d i \u201eNikt\u201d, co dodatkowo podkre\u015bli\u0142o znaczenie odpowiedzialno\u015bci i wsp\u00f3\u0142dzia\u0142ania w grupie.<\/span><\/div>\n<div dir=\"auto\"><span style=\"color: #000080;\">Marta Lackowska<\/span><\/div>\n<div dir=\"auto\">\nngg_shortcode_0_placeholder\n<\/div>\n<\/div>\n\n\n","protected":false},"excerpt":{"rendered":"<p>W dniu 26 marca odby\u0142y si\u0119 zaj\u0119cia z wychowawc\u0105, w kt\u00f3rych uczestniczy\u0142a pani Anna Czernysz. Tematem spotkania by\u0142a wsp\u00f3\u0142praca oraz dobra komunikacja w zespole. Podczas lekcji uczniowie pracowali w czterech grupach. W ka\u017cdej z nich wyznaczony zosta\u0142 lider, kt\u00f3rego zadaniem by\u0142o udzielanie wskaz\u00f3wek pozosta\u0142ym cz\u0142onkom zespo\u0142u. Uczniowie w grupach mieli opaski na oczach i kieruj\u0105c [&hellip;]<\/p>\n","protected":false},"author":2,"featured_media":0,"parent":5983,"menu_order":0,"comment_status":"closed","ping_status":"closed","template":"","meta":{"ngg_post_thumbnail":0,"footnotes":""},"class_list":["post-29862","page","type-page","status-publish","hentry"],"_links":{"self":[{"href":"https:\/\/sp1hrubieszow.pl\/index.php\/wp-json\/wp\/v2\/pages\/29862","targetHints":{"allow":["GET"]}}],"collection":[{"href":"https:\/\/sp1hrubieszow.pl\/index.php\/wp-json\/wp\/v2\/pages"}],"about":[{"href":"https:\/\/sp1hrubieszow.pl\/index.php\/wp-json\/wp\/v2\/types\/page"}],"author":[{"embeddable":true,"href":"https:\/\/sp1hrubieszow.pl\/index.php\/wp-json\/wp\/v2\/users\/2"}],"replies":[{"embeddable":true,"href":"https:\/\/sp1hrubieszow.pl\/index.php\/wp-json\/wp\/v2\/comments?post=29862"}],"version-history":[{"count":1,"href":"https:\/\/sp1hrubieszow.pl\/index.php\/wp-json\/wp\/v2\/pages\/29862\/revisions"}],"predecessor-version":[{"id":29863,"href":"https:\/\/sp1hrubieszow.pl\/index.php\/wp-json\/wp\/v2\/pages\/29862\/revisions\/29863"}],"up":[{"embeddable":true,"href":"https:\/\/sp1hrubieszow.pl\/index.php\/wp-json\/wp\/v2\/pages\/5983"}],"wp:attachment":[{"href":"https:\/\/sp1hrubieszow.pl\/index.php\/wp-json\/wp\/v2\/media?parent=29862"}],"curies":[{"name":"wp","href":"https:\/\/api.w.org\/{rel}","templated":true}]}}