{"id":29830,"date":"2026-03-20T17:06:52","date_gmt":"2026-03-20T16:06:52","guid":{"rendered":"https:\/\/sp1hrubieszow.pl\/?page_id=29830"},"modified":"2026-03-20T17:28:26","modified_gmt":"2026-03-20T16:28:26","slug":"powitanie-wiosny-3","status":"publish","type":"page","link":"https:\/\/sp1hrubieszow.pl\/index.php\/kronika-2020-2021\/powitanie-wiosny-3\/","title":{"rendered":"Powitanie WIOSNY!"},"content":{"rendered":"\n<div class=\"xdj266r x14z9mp xat24cr x1lziwak x1vvkbs x126k92a\">\n<div dir=\"auto\"><span style=\"color: #000080;\">Pierwszy dzie\u0144 wiosny w naszej szkole okaza\u0142 si\u0119 prawdziwym strza\u0142em w dziesi\u0105tk\u0119! Ju\u017c od samego rana (czyli od godziny 8:00 <span class=\"html-span xexx8yu xyri2b x18d9i69 x1c1uobl x1hl2dhg x16tdsg8 x1vvkbs x3nfvp2 x1j61x8r x1fcty0u xdj266r xat24cr xm2jcoa x1mpyi22 xxymvpz xlup9mm x1kky2od\"><img loading=\"lazy\" decoding=\"async\" class=\"xz74otr x15mokao x1ga7v0g x16uus16 xbiv7yw\" src=\"https:\/\/static.xx.fbcdn.net\/images\/emoji.php\/v9\/t57\/1\/16\/1f609.png\" alt=\"\ud83d\ude09\" width=\"16\" height=\"16\"><\/span>) by\u0142o wiadomo, \u017ce to nie b\u0119dzie zwyk\u0142y dzie\u0144 lekcyjny.<\/span><\/div>\n<\/div>\n<div class=\"x14z9mp xat24cr x1lziwak x1vvkbs xtlvy1s x126k92a\">\n<div dir=\"auto\"><span style=\"color: #000080;\">Zamiast klasycznego \u201eprosz\u0119 otworzy\u0107 zeszyty\u201d, uczniowie ruszyli do dzia\u0142ania w terenie, bior\u0105c udzia\u0142 w grze terenowej, kt\u00f3ra sprawdzi\u0142a nie tylko wiedz\u0119, ale i spryt oraz umiej\u0119tno\u015b\u0107 wsp\u00f3\u0142pracy. Emocji nie zabrak\u0142o tak\u017ce podczas rozgrywek sportowych \u2013 by\u0142o szybko, g\u0142o\u015bno i bardzo weso\u0142o!<\/span><\/div>\n<\/div>\n<div class=\"x14z9mp xat24cr x1lziwak x1vvkbs xtlvy1s x126k92a\">\n<div dir=\"auto\"><span style=\"color: #000080;\">Ogromnym hitem okaza\u0142 si\u0119 \u201edzie\u0144 bez plecaka\u201d. Kreatywno\u015b\u0107 uczni\u00f3w przesz\u0142a naj\u015bmielsze oczekiwania \u2013 ksi\u0105\u017cki podr\u00f3\u017cowa\u0142y w koszykach, walizkach, pude\u0142kach, a nawet\u2026 oponach! Trzeba przyzna\u0107, \u017ce niekt\u00f3rzy naprawd\u0119 podnie\u015bli poprzeczk\u0119 bardzo wysoko <span class=\"html-span xexx8yu xyri2b x18d9i69 x1c1uobl x1hl2dhg x16tdsg8 x1vvkbs x3nfvp2 x1j61x8r x1fcty0u xdj266r xat24cr xm2jcoa x1mpyi22 xxymvpz xlup9mm x1kky2od\"><img loading=\"lazy\" decoding=\"async\" class=\"xz74otr x15mokao x1ga7v0g x16uus16 xbiv7yw\" src=\"https:\/\/static.xx.fbcdn.net\/images\/emoji.php\/v9\/td2\/1\/16\/1f604.png\" alt=\"\ud83d\ude04\" width=\"16\" height=\"16\"><\/span><\/span><\/div>\n<\/div>\n<div class=\"x14z9mp xat24cr x1lziwak x1vvkbs xtlvy1s x126k92a\">\n<div dir=\"auto\"><span style=\"color: #000080;\">Szkolne korytarze zamieni\u0142y si\u0119 tego dnia w prawdziw\u0105 wiosenn\u0105 \u0142\u0105k\u0119. Dominowa\u0142y kolory zielony, \u017c\u00f3\u0142ty i kwiatowe wzory, a u\u015bmiechy uczni\u00f3w by\u0142y najlepszym dowodem na to, \u017ce wiosna zosta\u0142a oficjalnie powitana. Du\u017cym zainteresowaniem cieszy\u0142a si\u0119 tak\u017ce wiosenna \u015bcianka do zdj\u0119\u0107 \u2013 pozowanie sz\u0142o wszystkim znakomicie!<\/span><\/div>\n<\/div>\n<div class=\"x14z9mp xat24cr x1lziwak x1vvkbs xtlvy1s x126k92a\">\n<div dir=\"auto\"><span style=\"color: #000080;\">Nie mog\u0142o zabrakn\u0105\u0107 r\u00f3wnie\u017c atrakcji dodatkowych. Loteria fantowa przyci\u0105ga\u0142a t\u0142umy, popcorn znika\u0142 w ekspresowym tempie, a muffinki\u2026 c\u00f3\u017c, mo\u017cna \u015bmia\u0142o powiedzie\u0107, \u017ce rozp\u0142yn\u0119\u0142y si\u0119 szybciej ni\u017c zimowy \u015bnieg <span class=\"html-span xexx8yu xyri2b x18d9i69 x1c1uobl x1hl2dhg x16tdsg8 x1vvkbs x3nfvp2 x1j61x8r x1fcty0u xdj266r xat24cr xm2jcoa x1mpyi22 xxymvpz xlup9mm x1kky2od\"><img loading=\"lazy\" decoding=\"async\" class=\"xz74otr x15mokao x1ga7v0g x16uus16 xbiv7yw\" src=\"https:\/\/static.xx.fbcdn.net\/images\/emoji.php\/v9\/tf0\/1\/16\/1f338.png\" alt=\"\ud83c\udf38\" width=\"16\" height=\"16\"><\/span><\/span><\/div>\n<div dir=\"auto\"><span style=\"color: #000080;\">Klasa 5 c wraz z wychowawc\u0105 posz\u0142a na legalne &#8222;wagary&#8221; i sp\u0119dzili czas graj\u0105c w kr\u0119gle i jedz\u0105c pyszn\u0105 pizz\u0119 w restauracji Gniecki. <\/span><\/div>\n<\/div>\n<div class=\"x14z9mp xat24cr x1lziwak x1vvkbs xtlvy1s x126k92a\">\n<div dir=\"auto\"><span style=\"color: #000080;\">Warto te\u017c wspomnie\u0107 o wcze\u015bniejszym dekorowaniu sal lekcyjnych \u2013 uczniowie zadbali o to, by wiosenny klimat zago\u015bci\u0142 w ka\u017cdym zak\u0105tku szko\u0142y.<\/span><\/div>\n<\/div>\n<div class=\"x14z9mp xat24cr x1lziwak x1vvkbs xtlvy1s x126k92a\">\n<div dir=\"auto\"><span style=\"color: #000080;\">Ca\u0142e wydarzenie trwa\u0142o kilka godzin, ale pozytywna energia i dobry humor zostan\u0105 z nami na du\u017co d\u0142u\u017cej. Dzi\u0119kujemy wszystkim za zaanga\u017cowanie i wsp\u00f3lne stworzenie tak radosnej atmosfery.<\/span><\/div>\n<\/div>\n<div class=\"x14z9mp xat24cr x1lziwak x1vvkbs xtlvy1s x126k92a\">\n<div dir=\"auto\"><span style=\"color: #000080;\">Wiosno \u2013 witaj na dobre! <span class=\"html-span xexx8yu xyri2b x18d9i69 x1c1uobl x1hl2dhg x16tdsg8 x1vvkbs x3nfvp2 x1j61x8r x1fcty0u xdj266r xat24cr xm2jcoa x1mpyi22 xxymvpz xlup9mm x1kky2od\"><img loading=\"lazy\" decoding=\"async\" class=\"xz74otr x15mokao x1ga7v0g x16uus16 xbiv7yw\" src=\"https:\/\/static.xx.fbcdn.net\/images\/emoji.php\/v9\/t9b\/1\/16\/1f33c.png\" alt=\"\ud83c\udf3c\" width=\"16\" height=\"16\"><\/span><\/span><\/div>\n<div dir=\"auto\"><span style=\"color: #000080;\">Marta Lackowska<\/span><\/div>\n<div dir=\"auto\">\nngg_shortcode_0_placeholder\n<\/div>\n<\/div>\n","protected":false},"excerpt":{"rendered":"<p>Pierwszy dzie\u0144 wiosny w naszej szkole okaza\u0142 si\u0119 prawdziwym strza\u0142em w dziesi\u0105tk\u0119! Ju\u017c od samego rana (czyli od godziny 8:00 ) by\u0142o wiadomo, \u017ce to nie b\u0119dzie zwyk\u0142y dzie\u0144 lekcyjny. Zamiast klasycznego \u201eprosz\u0119 otworzy\u0107 zeszyty\u201d, uczniowie ruszyli do dzia\u0142ania w terenie, bior\u0105c udzia\u0142 w grze terenowej, kt\u00f3ra sprawdzi\u0142a nie tylko wiedz\u0119, ale i spryt oraz [&hellip;]<\/p>\n","protected":false},"author":2,"featured_media":0,"parent":5983,"menu_order":0,"comment_status":"closed","ping_status":"closed","template":"","meta":{"ngg_post_thumbnail":0,"footnotes":""},"class_list":["post-29830","page","type-page","status-publish","hentry"],"_links":{"self":[{"href":"https:\/\/sp1hrubieszow.pl\/index.php\/wp-json\/wp\/v2\/pages\/29830","targetHints":{"allow":["GET"]}}],"collection":[{"href":"https:\/\/sp1hrubieszow.pl\/index.php\/wp-json\/wp\/v2\/pages"}],"about":[{"href":"https:\/\/sp1hrubieszow.pl\/index.php\/wp-json\/wp\/v2\/types\/page"}],"author":[{"embeddable":true,"href":"https:\/\/sp1hrubieszow.pl\/index.php\/wp-json\/wp\/v2\/users\/2"}],"replies":[{"embeddable":true,"href":"https:\/\/sp1hrubieszow.pl\/index.php\/wp-json\/wp\/v2\/comments?post=29830"}],"version-history":[{"count":2,"href":"https:\/\/sp1hrubieszow.pl\/index.php\/wp-json\/wp\/v2\/pages\/29830\/revisions"}],"predecessor-version":[{"id":29834,"href":"https:\/\/sp1hrubieszow.pl\/index.php\/wp-json\/wp\/v2\/pages\/29830\/revisions\/29834"}],"up":[{"embeddable":true,"href":"https:\/\/sp1hrubieszow.pl\/index.php\/wp-json\/wp\/v2\/pages\/5983"}],"wp:attachment":[{"href":"https:\/\/sp1hrubieszow.pl\/index.php\/wp-json\/wp\/v2\/media?parent=29830"}],"curies":[{"name":"wp","href":"https:\/\/api.w.org\/{rel}","templated":true}]}}