{"id":2975,"date":"2019-11-13T20:45:39","date_gmt":"2019-11-13T19:45:39","guid":{"rendered":"http:\/\/sp1.hrubieszow.info\/?page_id=2975"},"modified":"2019-11-13T20:46:05","modified_gmt":"2019-11-13T19:46:05","slug":"akcja-edukacyjna-dzieci-ucza-rodzicow","status":"publish","type":"page","link":"https:\/\/sp1hrubieszow.pl\/index.php\/kronika-2019-2020\/akcja-edukacyjna-dzieci-ucza-rodzicow\/","title":{"rendered":"Akcja edukacyjna &#8222;Dzieci ucz\u0105 rodzic\u00f3w&#8221;"},"content":{"rendered":"\n<p align=\"JUSTIFY\"><span style=\"color: #000066;\"><span style=\"font-family: Arial, sans-serif;\"><span style=\"font-size: medium;\">Centrum Rozwoju Lokalnego serdecznie zaprasza wszystkie przedszkola i klasy 1-3 szk\u00f3\u0142 podstawowych do udzia\u0142u w obj\u0119tej honorowym patronatem Ministra Edukacji Narodowej og\u00f3lnopolskiej, trwaj\u0105cej do ko\u0144ca roku szkolnego 2019\/2020 akcji edukacyjnej pn. &#8222;Dzieci ucz\u0105 rodzic\u00f3w&#8221;. Celem akcji wsparcie procesu edukacji najm\u0142odszych, a tak\u017ce zach\u0119cenie ich do rozmowy z rodzicami na tematy b\u0119d\u0105ce przedmiotem lekcji przeprowadzonych podczas akcji &#8222;Dzieci ucz\u0105 rodzic\u00f3w&#8221;. <\/span><\/span><\/span><\/p>\n<p align=\"JUSTIFY\"><span style=\"color: #000066;\"><span style=\"font-family: Arial, sans-serif;\"><span style=\"font-size: medium;\">W ramach akcji wszystkie zg\u0142oszone plac\u00f3wki ka\u017cdego miesi\u0105ca b\u0119d\u0105 otrzymywa\u0107 drog\u0105 elektroniczn\u0105 materia\u0142y do przeprowadzenia lekcji na tematy zwi\u0105zane z bezpiecze\u0144stwem (w szkole\/przedszkolu, na drodze, podczas zimowego i letniego wypoczynku, w internecie), ekologi\u0105, histori\u0105, sportem i promocj\u0105 zdrowego trybu \u017cycia czy astronomi\u0105. Ka\u017cda lekcja b\u0119dzie si\u0119 sk\u0142ada\u0107 z dw\u00f3ch cz\u0119\u015bci: w pierwszej nauczyciele wykorzystuj\u0105c otrzymane materia\u0142y i wiedz\u0119 w\u0142asn\u0105 wprowadz\u0105 dzieci w tematyk\u0119 zaj\u0119\u0107. Za\u015b w drugiej dzieci b\u0119d\u0105 mia\u0142y do wykonania zadanie przygotowane przez organizatora. Czasami b\u0119dzie to pokolorowanie obrazka, prosta \u0142amig\u0142\u00f3wka czy rebus. Nast\u0119pnie dzieci zabior\u0105 obrazek do domu i pokazuj\u0105c rodzicom, zach\u0119c\u0105 ich do rozmowy na temat poruszony podczas lekcji w ramach akcji &#8222;Dzieci ucz\u0105 rodzic\u00f3w&#8221;.<\/span><\/span><\/span><\/p>\n<p align=\"JUSTIFY\"><span style=\"color: #000066;\"><span style=\"font-family: Arial, sans-serif;\"><span style=\"font-size: medium;\">Udzia\u0142 w akcji jest darmowy. W trakcie trwania ca\u0142ej akcji przewidziano konkursy z nagrodami dla dzieci i uczestnicz\u0105cych plac\u00f3wek. Zapraszamy do udzia\u0142u!<\/span><\/span><\/span><\/p>\n<p align=\"JUSTIFY\"><a href=\"http:\/\/sp1.hrubieszow.info\/wp-content\/uploads\/2019\/11\/Za\u0142\u0105cznik-2-RegulaminAkcji.pdf\">regulamin akcji<\/a><\/p>\n<p align=\"JUSTIFY\"><img loading=\"lazy\" decoding=\"async\" class=\"alignnone size-medium wp-image-2973\" src=\"http:\/\/sp1.hrubieszow.info\/wp-content\/uploads\/2019\/11\/Za\u0142\u0105cznik-1-ZaproszenieDzieciUcz\u0105Rodzic\u00f3w-300x300.jpg\" alt=\"zaproszenie\" width=\"300\" height=\"300\" srcset=\"https:\/\/sp1hrubieszow.pl\/wp-content\/uploads\/2019\/11\/Za\u0142\u0105cznik-1-ZaproszenieDzieciUcz\u0105Rodzic\u00f3w-300x300.jpg 300w, https:\/\/sp1hrubieszow.pl\/wp-content\/uploads\/2019\/11\/Za\u0142\u0105cznik-1-ZaproszenieDzieciUcz\u0105Rodzic\u00f3w-150x150.jpg 150w, https:\/\/sp1hrubieszow.pl\/wp-content\/uploads\/2019\/11\/Za\u0142\u0105cznik-1-ZaproszenieDzieciUcz\u0105Rodzic\u00f3w-768x768.jpg 768w, https:\/\/sp1hrubieszow.pl\/wp-content\/uploads\/2019\/11\/Za\u0142\u0105cznik-1-ZaproszenieDzieciUcz\u0105Rodzic\u00f3w-1024x1024.jpg 1024w, https:\/\/sp1hrubieszow.pl\/wp-content\/uploads\/2019\/11\/Za\u0142\u0105cznik-1-ZaproszenieDzieciUcz\u0105Rodzic\u00f3w-624x624.jpg 624w, https:\/\/sp1hrubieszow.pl\/wp-content\/uploads\/2019\/11\/Za\u0142\u0105cznik-1-ZaproszenieDzieciUcz\u0105Rodzic\u00f3w.jpg 2000w\" sizes=\"auto, (max-width: 300px) 100vw, 300px\" \/><\/p>\n","protected":false},"excerpt":{"rendered":"<p>Centrum Rozwoju Lokalnego serdecznie zaprasza wszystkie przedszkola i klasy 1-3 szk\u00f3\u0142 podstawowych do udzia\u0142u w obj\u0119tej honorowym patronatem Ministra Edukacji Narodowej og\u00f3lnopolskiej, trwaj\u0105cej do ko\u0144ca roku szkolnego 2019\/2020 akcji edukacyjnej pn. &#8222;Dzieci ucz\u0105 rodzic\u00f3w&#8221;. Celem akcji wsparcie procesu edukacji najm\u0142odszych, a tak\u017ce zach\u0119cenie ich do rozmowy z rodzicami na tematy b\u0119d\u0105ce przedmiotem lekcji przeprowadzonych podczas [&hellip;]<\/p>\n","protected":false},"author":2,"featured_media":0,"parent":2167,"menu_order":0,"comment_status":"closed","ping_status":"closed","template":"","meta":{"ngg_post_thumbnail":0,"footnotes":""},"class_list":["post-2975","page","type-page","status-publish","hentry"],"_links":{"self":[{"href":"https:\/\/sp1hrubieszow.pl\/index.php\/wp-json\/wp\/v2\/pages\/2975","targetHints":{"allow":["GET"]}}],"collection":[{"href":"https:\/\/sp1hrubieszow.pl\/index.php\/wp-json\/wp\/v2\/pages"}],"about":[{"href":"https:\/\/sp1hrubieszow.pl\/index.php\/wp-json\/wp\/v2\/types\/page"}],"author":[{"embeddable":true,"href":"https:\/\/sp1hrubieszow.pl\/index.php\/wp-json\/wp\/v2\/users\/2"}],"replies":[{"embeddable":true,"href":"https:\/\/sp1hrubieszow.pl\/index.php\/wp-json\/wp\/v2\/comments?post=2975"}],"version-history":[{"count":1,"href":"https:\/\/sp1hrubieszow.pl\/index.php\/wp-json\/wp\/v2\/pages\/2975\/revisions"}],"predecessor-version":[{"id":2976,"href":"https:\/\/sp1hrubieszow.pl\/index.php\/wp-json\/wp\/v2\/pages\/2975\/revisions\/2976"}],"up":[{"embeddable":true,"href":"https:\/\/sp1hrubieszow.pl\/index.php\/wp-json\/wp\/v2\/pages\/2167"}],"wp:attachment":[{"href":"https:\/\/sp1hrubieszow.pl\/index.php\/wp-json\/wp\/v2\/media?parent=2975"}],"curies":[{"name":"wp","href":"https:\/\/api.w.org\/{rel}","templated":true}]}}