{"id":29685,"date":"2026-03-09T17:47:32","date_gmt":"2026-03-09T16:47:32","guid":{"rendered":"https:\/\/sp1hrubieszow.pl\/?page_id=29685"},"modified":"2026-03-09T17:47:32","modified_gmt":"2026-03-09T16:47:32","slug":"rozstrzygniecie-szkolnego-konkursu-kaligraficznego-z-jezyka-rosyjskiego","status":"publish","type":"page","link":"https:\/\/sp1hrubieszow.pl\/index.php\/kronika-2019-2020\/rozstrzygniecie-szkolnego-konkursu-kaligraficznego-z-jezyka-rosyjskiego\/","title":{"rendered":"Rozstrzygni\u0119cie &#8222;Szkolnego konkursu kaligraficznego z j\u0119zyka rosyjskiego&#8221;"},"content":{"rendered":"\n<p>&nbsp;<span style=\"color: #000080;\">6 marca 2026 r. w naszej szkole odby\u0142o si\u0119 &nbsp;wr\u0119czenie dyplom\u00f3w oraz nagr\u00f3d uczniom z klas 7 i 8, kt\u00f3rzy wzi\u0119li udzia\u0142 w Szkolnym konkursie kaligraficznym z j\u0119zyka rosyjskiego.<\/span><\/p>\n<p><span style=\"color: #000080;\">Celem konkursu by\u0142o rozwijanie umiej\u0119tno\u015bci pi\u0119knego i starannego pisania cyrylic\u0105, doskonalenie znajomo\u015bci j\u0119zyka rosyjskiego, a tak\u017ce kszta\u0142towanie cierpliwo\u015bci <br>i dba\u0142o\u015bci o estetyk\u0119 zapisu. Uczniowie wykazali si\u0119 du\u017cym zaanga\u017cowaniem, staranno\u015bci\u0105 oraz wysokim poziomem umiej\u0119tno\u015bci kaligraficznych.<\/span><\/p>\n<p><span style=\"color: #000080;\">Nagrodzeni uczniowie otrzymali pami\u0105tkowe dyplomy oraz nagrody rzeczowe, pozostali uczestnicy uzyskali bardzo dobre oceny z j\u0119zyka rosyjskiego.<\/span><\/p>\n<p><span style=\"color: #000080;\">Serdecznie gratulujemy wszystkim uczestnikom, dzi\u0119kujemy za udzia\u0142 w konkursie <br>oraz zach\u0119camy do rozwijania swoich pasji j\u0119zykowych i udzia\u0142u w kolejnych szkolnych inicjatywach.<\/span><\/p>\n<p><span style=\"color: #000080;\">Laureaci konkursu:<\/span><\/p>\n<p><span style=\"color: #000080;\">I miejsce \u2013 Anastazja Szczur, kl. 7b<\/span><\/p>\n<p><span style=\"color: #000080;\">II miejsce &#8211;&nbsp; Dominika Ciemi\u0119ga, kl. 8b<\/span><\/p>\n<p><span style=\"color: #000080;\">III miejsce \u2013 Aleksandra Paczos, kl. 7a<\/span><\/p>\n<p>&nbsp;<\/p>\n<p><span style=\"color: #000080;\">Wyr\u00f3\u017cnienia:<\/span><\/p>\n<p><span style=\"color: #000080;\">Wiktoria Ha\u0142asa, kl. 7a<\/span><\/p>\n<p><span style=\"color: #000080;\">\u0141ucja Dorman, kl. 7b<\/span><\/p>\n<p><span style=\"color: #000080;\">Paulina Karcz, kl. 7b<\/span><\/p>\n<p>&nbsp;<\/p>\n<p style=\"text-align: right;\"><span style=\"color: #000080;\">Nauczycielki j\u0119zyka rosyjskiego<\/span><\/p>\nngg_shortcode_0_placeholder\n\n\n","protected":false},"excerpt":{"rendered":"<p>&nbsp;6 marca 2026 r. w naszej szkole odby\u0142o si\u0119 &nbsp;wr\u0119czenie dyplom\u00f3w oraz nagr\u00f3d uczniom z klas 7 i 8, kt\u00f3rzy wzi\u0119li udzia\u0142 w Szkolnym konkursie kaligraficznym z j\u0119zyka rosyjskiego. Celem konkursu by\u0142o rozwijanie umiej\u0119tno\u015bci pi\u0119knego i starannego pisania cyrylic\u0105, doskonalenie znajomo\u015bci j\u0119zyka rosyjskiego, a tak\u017ce kszta\u0142towanie cierpliwo\u015bci i dba\u0142o\u015bci o estetyk\u0119 zapisu. Uczniowie wykazali si\u0119 [&hellip;]<\/p>\n","protected":false},"author":4,"featured_media":0,"parent":2167,"menu_order":0,"comment_status":"closed","ping_status":"closed","template":"","meta":{"ngg_post_thumbnail":0,"footnotes":""},"class_list":["post-29685","page","type-page","status-publish","hentry"],"_links":{"self":[{"href":"https:\/\/sp1hrubieszow.pl\/index.php\/wp-json\/wp\/v2\/pages\/29685","targetHints":{"allow":["GET"]}}],"collection":[{"href":"https:\/\/sp1hrubieszow.pl\/index.php\/wp-json\/wp\/v2\/pages"}],"about":[{"href":"https:\/\/sp1hrubieszow.pl\/index.php\/wp-json\/wp\/v2\/types\/page"}],"author":[{"embeddable":true,"href":"https:\/\/sp1hrubieszow.pl\/index.php\/wp-json\/wp\/v2\/users\/4"}],"replies":[{"embeddable":true,"href":"https:\/\/sp1hrubieszow.pl\/index.php\/wp-json\/wp\/v2\/comments?post=29685"}],"version-history":[{"count":2,"href":"https:\/\/sp1hrubieszow.pl\/index.php\/wp-json\/wp\/v2\/pages\/29685\/revisions"}],"predecessor-version":[{"id":29687,"href":"https:\/\/sp1hrubieszow.pl\/index.php\/wp-json\/wp\/v2\/pages\/29685\/revisions\/29687"}],"up":[{"embeddable":true,"href":"https:\/\/sp1hrubieszow.pl\/index.php\/wp-json\/wp\/v2\/pages\/2167"}],"wp:attachment":[{"href":"https:\/\/sp1hrubieszow.pl\/index.php\/wp-json\/wp\/v2\/media?parent=29685"}],"curies":[{"name":"wp","href":"https:\/\/api.w.org\/{rel}","templated":true}]}}