{"id":29658,"date":"2026-02-05T20:09:22","date_gmt":"2026-02-05T19:09:22","guid":{"rendered":"https:\/\/sp1hrubieszow.pl\/?page_id=29658"},"modified":"2026-02-05T20:12:37","modified_gmt":"2026-02-05T19:12:37","slug":"zapraszamy-na-dzien-otwarty-3","status":"publish","type":"page","link":"https:\/\/sp1hrubieszow.pl\/index.php\/kronika-2020-2021\/zapraszamy-na-dzien-otwarty-3\/","title":{"rendered":"Zapraszamy na Dzie\u0144 Otwarty"},"content":{"rendered":"\n<p data-start=\"177\" data-end=\"299\"><span style=\"color: #000080;\">Ju\u017c <strong data-start=\"181\" data-end=\"192\">6 marca<\/strong> w godzinach <strong data-start=\"205\" data-end=\"220\">15:30\u201317:00<\/strong> otwieramy dla Was drzwi naszej szko\u0142y \u2014 szeroko, serdecznie i z u\u015bmiechem \ud83d\ude0a<\/span><\/p>\n<p data-start=\"301\" data-end=\"651\"><span style=\"color: #000080;\">Zapraszamy przysz\u0142ych <strong data-start=\"323\" data-end=\"344\">pierwszoklasist\u00f3w<\/strong> oraz ich <strong data-start=\"354\" data-end=\"366\">Rodzic\u00f3w<\/strong> na popo\u0142udnie pe\u0142ne wra\u017ce\u0144, rado\u015bci i szkolnych niespodzianek. Przygotowali\u015bmy wiele atrakcji, kt\u00f3re pozwol\u0105 zajrze\u0107 do szkolnej codzienno\u015bci, pozna\u0107 nauczycieli, poczu\u0107 atmosfer\u0119 miejsca, w kt\u00f3rym nauka \u0142\u0105czy si\u0119 z pasj\u0105, a dzieci\u0119ce marzenia zaczynaj\u0105 nabiera\u0107 realnych kszta\u0142t\u00f3w.<\/span><\/p>\n<p data-start=\"653\" data-end=\"829\"><span style=\"color: #000080;\">B\u0119dzie ciekawie, weso\u0142o, momentami wzruszaj\u0105co \u2014 a na pewno tak, \u017ce nikt nie wyjdzie oboj\u0119tny. Obiecujemy: stres zostawiamy za drzwiami, a dobr\u0105 energi\u0119 serwujemy bez limitu!<\/span><\/p>\nngg_shortcode_0_placeholder\n<p data-start=\"831\" data-end=\"953\">\ud83d\udc99 <strong data-start=\"834\" data-end=\"859\">Serdecznie zapraszamy<\/strong> \u2014 do zobaczenia w szkole, kt\u00f3ra z rado\u015bci\u0105 m\u00f3wi: <em data-start=\"909\" data-end=\"951\">\u201eTo tu zaczyna si\u0119 Wasza nowa przygoda!\u201d<\/em><\/p>\n","protected":false},"excerpt":{"rendered":"<p>Ju\u017c 6 marca w godzinach 15:30\u201317:00 otwieramy dla Was drzwi naszej szko\u0142y \u2014 szeroko, serdecznie i z u\u015bmiechem \ud83d\ude0a Zapraszamy przysz\u0142ych pierwszoklasist\u00f3w oraz ich Rodzic\u00f3w na popo\u0142udnie pe\u0142ne wra\u017ce\u0144, rado\u015bci i szkolnych niespodzianek. Przygotowali\u015bmy wiele atrakcji, kt\u00f3re pozwol\u0105 zajrze\u0107 do szkolnej codzienno\u015bci, pozna\u0107 nauczycieli, poczu\u0107 atmosfer\u0119 miejsca, w kt\u00f3rym nauka \u0142\u0105czy si\u0119 z pasj\u0105, a [&hellip;]<\/p>\n","protected":false},"author":2,"featured_media":0,"parent":5983,"menu_order":0,"comment_status":"closed","ping_status":"closed","template":"","meta":{"ngg_post_thumbnail":0,"footnotes":""},"class_list":["post-29658","page","type-page","status-publish","hentry"],"_links":{"self":[{"href":"https:\/\/sp1hrubieszow.pl\/index.php\/wp-json\/wp\/v2\/pages\/29658","targetHints":{"allow":["GET"]}}],"collection":[{"href":"https:\/\/sp1hrubieszow.pl\/index.php\/wp-json\/wp\/v2\/pages"}],"about":[{"href":"https:\/\/sp1hrubieszow.pl\/index.php\/wp-json\/wp\/v2\/types\/page"}],"author":[{"embeddable":true,"href":"https:\/\/sp1hrubieszow.pl\/index.php\/wp-json\/wp\/v2\/users\/2"}],"replies":[{"embeddable":true,"href":"https:\/\/sp1hrubieszow.pl\/index.php\/wp-json\/wp\/v2\/comments?post=29658"}],"version-history":[{"count":1,"href":"https:\/\/sp1hrubieszow.pl\/index.php\/wp-json\/wp\/v2\/pages\/29658\/revisions"}],"predecessor-version":[{"id":29659,"href":"https:\/\/sp1hrubieszow.pl\/index.php\/wp-json\/wp\/v2\/pages\/29658\/revisions\/29659"}],"up":[{"embeddable":true,"href":"https:\/\/sp1hrubieszow.pl\/index.php\/wp-json\/wp\/v2\/pages\/5983"}],"wp:attachment":[{"href":"https:\/\/sp1hrubieszow.pl\/index.php\/wp-json\/wp\/v2\/media?parent=29658"}],"curies":[{"name":"wp","href":"https:\/\/api.w.org\/{rel}","templated":true}]}}