{"id":29634,"date":"2026-02-04T17:21:14","date_gmt":"2026-02-04T16:21:14","guid":{"rendered":"https:\/\/sp1hrubieszow.pl\/?page_id=29634"},"modified":"2026-02-04T17:23:11","modified_gmt":"2026-02-04T16:23:11","slug":"zakonczenie-realizacji-programu-rekomendowanego-iskra-odpornosci","status":"publish","type":"page","link":"https:\/\/sp1hrubieszow.pl\/index.php\/kronika-2020-2021\/zakonczenie-realizacji-programu-rekomendowanego-iskra-odpornosci\/","title":{"rendered":"Zako\u0144czenie realizacji programu rekomendowanego &#8222;Iskra Odporno\u015bci&#8221;"},"content":{"rendered":"\n\n\n<div class=\"x14z9mp xat24cr x1lziwak x1vvkbs xtlvy1s x126k92a\">\n<div dir=\"auto\"><span style=\"color: #000080;\">W dniu 29.01.2026r. zako\u0144czy\u0142a si\u0119 realizacja rekomendowanego programu profilaktycznego pt. &#8222;Iskra Odporno\u015bci&#8221;, kt\u00f3rego uczestnikami byli uczniowie klasy 6a. Zaj\u0119cia prowadzi\u0142a p. Marta Kuczy\u0144ska, pedagog szkolny we wsp\u00f3\u0142pracy z wychowawc\u0105 klasy, p. Monik\u0105 Anigacz. Program realizowany by\u0142 w I p\u00f3\u0142roczu roku szkolnego 2025\/2026.<\/span><\/div>\n<\/div>\n<div class=\"x14z9mp xat24cr x1lziwak x1vvkbs xtlvy1s x126k92a\">\n<div dir=\"auto\"><span style=\"color: #000080;\">Program ISKRA Odporno\u015bci, kt\u00f3rego koordynatorem jest w Polsce <span class=\"html-span xdj266r x14z9mp xat24cr x1lziwak xexx8yu xyri2b x18d9i69 x1c1uobl x1hl2dhg x16tdsg8 x1vvkbs\"><a class=\"x1i10hfl xjbqb8w x1ejq31n x18oe1m7 x1sy0etr xstzfhl x972fbf x10w94by x1qhh985 x14e42zd x9f619 x1ypdohk xt0psk2 x3ct3a4 xdj266r x14z9mp xat24cr x1lziwak xexx8yu xyri2b x18d9i69 x1c1uobl x16tdsg8 x1hl2dhg xggy1nq x1a2a7pz xkrqix3 x1sur9pj x1fey0fg x1s688f\" style=\"color: #000080;\" tabindex=\"0\" role=\"link\" href=\"https:\/\/www.facebook.com\/PozytywnaEdukacja?__cft__[0]=AZYa10P7_RWWQR3BUfQIYGGVDibfHbbl-vicHyuYPV_NcZLRNBBLPDp2k7N60YvNlKwncPfXbG1hFex5CADkEDR6n_SI8kefYHIVqacCR2YJL6xHtY21wumj7k9IwSJOFtgTB1g5P_BKThvHzSUI1mdadcIwxyEoy_4kEs-yZLnrKmITFa6WZ0Cxo17pq8LTE8g&amp;__tn__=-]K-R\"><span class=\"xt0psk2\"><span class=\"xjp7ctv\">Centrum Pozytywnej Edukacji<\/span><\/span><\/a><\/span>, adresowany jest do m\u0142odzie\u017cy w wieku 11-15 lat i ma na celu wspieranie odporno\u015bci rozumianej jako umiej\u0119tno\u015b\u0107 kontrolowania sposobu reagowania na trudne wydarzenia oraz radzenia sobie z wyzwaniami i przeciwno\u015bciami.<\/span><\/div>\n<div dir=\"auto\"><span style=\"color: #000080;\">W trakcie 11 spotka\u0144 uczniowie poznawali sposoby wzmacniania wewn\u0119trznej si\u0142y poprzez dostrzeganie i rozwijanie swoich mocnych stron. Uczestnicy zaj\u0119\u0107 warsztatowych wykonywali zadania i \u0107wiczenia zwi\u0119kszaj\u0105ce odporno\u015b\u0107 poprzez: nauk\u0119 uwa\u017cnego oddychania, tworzenie Portfolio Odporno\u015bci (dostrzeganie w\u0142asnych zasob\u00f3w i mocnych stron), analiz\u0119 i przekszta\u0142canie nawykowych sposob\u00f3w my\u015blenia i reagowania w trudnych sytuacjach z zastosowaniem modelu I-S-K-R-A.<\/span><\/div>\n<\/div>\n<div class=\"x14z9mp xat24cr x1lziwak x1vvkbs xtlvy1s x126k92a\">\n<div dir=\"auto\"><span style=\"color: #000080;\">Uczestnikom zaj\u0119\u0107, sz\u00f3stoklasistom, \u017cyczymy, aby udzia\u0142 w programie &#8222;Iskra Odporno\u015bci&#8221; przyczyni\u0142 si\u0119 do wzrostu pewno\u015bci siebie i powodzenia w odnajdywaniu swoich mocnych stron. \u017byczymy tak\u017ce, aby umiej\u0119tno\u015bci nabyte w trakcie programu okaza\u0142y si\u0119 pomocne w codziennym \u017cyciu.<\/span><\/div>\n<div dir=\"auto\">\nngg_shortcode_0_placeholder\n<\/div>\n<\/div>\n","protected":false},"excerpt":{"rendered":"<p>W dniu 29.01.2026r. zako\u0144czy\u0142a si\u0119 realizacja rekomendowanego programu profilaktycznego pt. &#8222;Iskra Odporno\u015bci&#8221;, kt\u00f3rego uczestnikami byli uczniowie klasy 6a. Zaj\u0119cia prowadzi\u0142a p. Marta Kuczy\u0144ska, pedagog szkolny we wsp\u00f3\u0142pracy z wychowawc\u0105 klasy, p. Monik\u0105 Anigacz. Program realizowany by\u0142 w I p\u00f3\u0142roczu roku szkolnego 2025\/2026. Program ISKRA Odporno\u015bci, kt\u00f3rego koordynatorem jest w Polsce Centrum Pozytywnej Edukacji, adresowany jest [&hellip;]<\/p>\n","protected":false},"author":2,"featured_media":0,"parent":5983,"menu_order":0,"comment_status":"closed","ping_status":"closed","template":"","meta":{"ngg_post_thumbnail":0,"footnotes":""},"class_list":["post-29634","page","type-page","status-publish","hentry"],"_links":{"self":[{"href":"https:\/\/sp1hrubieszow.pl\/index.php\/wp-json\/wp\/v2\/pages\/29634","targetHints":{"allow":["GET"]}}],"collection":[{"href":"https:\/\/sp1hrubieszow.pl\/index.php\/wp-json\/wp\/v2\/pages"}],"about":[{"href":"https:\/\/sp1hrubieszow.pl\/index.php\/wp-json\/wp\/v2\/types\/page"}],"author":[{"embeddable":true,"href":"https:\/\/sp1hrubieszow.pl\/index.php\/wp-json\/wp\/v2\/users\/2"}],"replies":[{"embeddable":true,"href":"https:\/\/sp1hrubieszow.pl\/index.php\/wp-json\/wp\/v2\/comments?post=29634"}],"version-history":[{"count":1,"href":"https:\/\/sp1hrubieszow.pl\/index.php\/wp-json\/wp\/v2\/pages\/29634\/revisions"}],"predecessor-version":[{"id":29635,"href":"https:\/\/sp1hrubieszow.pl\/index.php\/wp-json\/wp\/v2\/pages\/29634\/revisions\/29635"}],"up":[{"embeddable":true,"href":"https:\/\/sp1hrubieszow.pl\/index.php\/wp-json\/wp\/v2\/pages\/5983"}],"wp:attachment":[{"href":"https:\/\/sp1hrubieszow.pl\/index.php\/wp-json\/wp\/v2\/media?parent=29634"}],"curies":[{"name":"wp","href":"https:\/\/api.w.org\/{rel}","templated":true}]}}