{"id":29621,"date":"2026-02-02T19:40:21","date_gmt":"2026-02-02T18:40:21","guid":{"rendered":"https:\/\/sp1hrubieszow.pl\/?page_id=29621"},"modified":"2026-02-03T20:38:05","modified_gmt":"2026-02-03T19:38:05","slug":"koledowanie-misyjne","status":"publish","type":"page","link":"https:\/\/sp1hrubieszow.pl\/index.php\/kronika-2019-2020\/koledowanie-misyjne\/","title":{"rendered":"Podsumowanie kol\u0119dowania misyjnego"},"content":{"rendered":"\n<p><span style=\"color: #000080;\">31.01.2026r.uczniowie z K\u00f3\u0142ka Misyjnego udali si\u0119 do parafii pw. Matki Bo\u017cej Szkaplerznej i \u015bw. Dominika w \u0141abuniach Diecezji Zamojsko-Lubaczowskiej <br>na podsumowanie kol\u0119dowania misyjnego. Wydarzenie rozpocz\u0119\u0142o si\u0119 Msz\u0105 \u015awi\u0119t\u0105, <br>pod przewodnictwem ks. biskupa Mariana Rojka, w kt\u00f3rej wzi\u0119li\u015bmy czynny udzia\u0142.<br>Po Eucharystii nast\u0105pi\u0142o wr\u0119czenie nagr\u00f3d. Nasi uczniowie otrzymali wyr\u00f3\u017cnienie <br><\/span><span style=\"color: #000080;\">za zebrane ofiary dla r\u00f3wie\u015bnik\u00f3w ze Sri Lanki. Spotkanie zako\u0144czy\u0142o si\u0119 wsp\u00f3ln\u0105 agap\u0105 integracj\u0105 przy ognisku, kuligiem oraz zabaw\u0105 na lodowisku. By\u0142 to mro\u017any dzie\u0144, <br>ale nasza rado\u015b\u0107 niesienia pomocy innym dzieciom radowa\u0142a serca wszystkich kol\u0119dnik\u00f3w.<\/span><\/p>\n\n\n\nngg_shortcode_0_placeholder\n\n\n\n\n","protected":false},"excerpt":{"rendered":"<p>31.01.2026r.uczniowie z K\u00f3\u0142ka Misyjnego udali si\u0119 do parafii pw. Matki Bo\u017cej Szkaplerznej i \u015bw. Dominika w \u0141abuniach Diecezji Zamojsko-Lubaczowskiej na podsumowanie kol\u0119dowania misyjnego. Wydarzenie rozpocz\u0119\u0142o si\u0119 Msz\u0105 \u015awi\u0119t\u0105, pod przewodnictwem ks. biskupa Mariana Rojka, w kt\u00f3rej wzi\u0119li\u015bmy czynny udzia\u0142.Po Eucharystii nast\u0105pi\u0142o wr\u0119czenie nagr\u00f3d. Nasi uczniowie otrzymali wyr\u00f3\u017cnienie za zebrane ofiary dla r\u00f3wie\u015bnik\u00f3w ze Sri Lanki. [&hellip;]<\/p>\n","protected":false},"author":4,"featured_media":0,"parent":2167,"menu_order":0,"comment_status":"closed","ping_status":"closed","template":"","meta":{"ngg_post_thumbnail":0,"footnotes":""},"class_list":["post-29621","page","type-page","status-publish","hentry"],"_links":{"self":[{"href":"https:\/\/sp1hrubieszow.pl\/index.php\/wp-json\/wp\/v2\/pages\/29621","targetHints":{"allow":["GET"]}}],"collection":[{"href":"https:\/\/sp1hrubieszow.pl\/index.php\/wp-json\/wp\/v2\/pages"}],"about":[{"href":"https:\/\/sp1hrubieszow.pl\/index.php\/wp-json\/wp\/v2\/types\/page"}],"author":[{"embeddable":true,"href":"https:\/\/sp1hrubieszow.pl\/index.php\/wp-json\/wp\/v2\/users\/4"}],"replies":[{"embeddable":true,"href":"https:\/\/sp1hrubieszow.pl\/index.php\/wp-json\/wp\/v2\/comments?post=29621"}],"version-history":[{"count":3,"href":"https:\/\/sp1hrubieszow.pl\/index.php\/wp-json\/wp\/v2\/pages\/29621\/revisions"}],"predecessor-version":[{"id":29628,"href":"https:\/\/sp1hrubieszow.pl\/index.php\/wp-json\/wp\/v2\/pages\/29621\/revisions\/29628"}],"up":[{"embeddable":true,"href":"https:\/\/sp1hrubieszow.pl\/index.php\/wp-json\/wp\/v2\/pages\/2167"}],"wp:attachment":[{"href":"https:\/\/sp1hrubieszow.pl\/index.php\/wp-json\/wp\/v2\/media?parent=29621"}],"curies":[{"name":"wp","href":"https:\/\/api.w.org\/{rel}","templated":true}]}}