{"id":29602,"date":"2026-01-28T18:21:32","date_gmt":"2026-01-28T17:21:32","guid":{"rendered":"https:\/\/sp1hrubieszow.pl\/?page_id=29602"},"modified":"2026-01-29T20:28:29","modified_gmt":"2026-01-29T19:28:29","slug":"rekrutacja-2026-2027","status":"publish","type":"page","link":"https:\/\/sp1hrubieszow.pl\/index.php\/rekrutacja-2026-2027\/","title":{"rendered":"Rekrutacja 2026\/2027"},"content":{"rendered":"\n<p style=\"text-align: center;\"><strong>&nbsp;&nbsp; <span style=\"color: #000080;\">Rekrutacja do klasy pierwszej<\/span><\/strong><\/p>\n<p style=\"text-align: center;\"><span style=\"color: #000080;\"><strong>&nbsp;na rok&nbsp; szkolny 2026\/2027<\/strong><\/span><\/p>\n<p style=\"text-align: center;\"><span style=\"color: #000080;\"><strong>Szko\u0142a Podstawowa Nr 1 im. B. Prusa w Hrubieszowie&nbsp; og\u0142asza zapisy do klasy pierwszej<\/strong><\/span><\/p>\n<p><span style=\"color: #000080;\"><strong>Zapisy trwaj\u0105 od<\/strong> <strong>9 lutego&nbsp;do 13 marca 2026 roku<\/strong>&nbsp;&nbsp;<strong>w<\/strong>&nbsp;<strong>godz. od 7.30 do 15.30&nbsp; w&nbsp;sekretariacie szko\u0142y<\/strong>.<\/span><\/p>\n<p><span style=\"color: #000080;\">Zapisu mo\u017ce dokona\u0107 wy\u0142\u0105cznie rodzic\/prawny opiekun dziecka poprzez wype\u0142nienie:<\/span><\/p>\n<ul>\n<li><span style=\"color: #000080;\"><strong>Karty zapisu dziecka <\/strong><\/span><\/li>\n<li><span style=\"color: #000080;\"><strong>Zgody na wykorzystanie wizerunku dziecka <\/strong><\/span><\/li>\n<li><span style=\"color: #000080;\"><strong>Klauzuli informacyjnej <\/strong><\/span><\/li>\n<\/ul>\n<p><span style=\"color: #000080;\"><strong>Druki potrzebne do zapisu mo\u017cna <\/strong><strong>otrzyma\u0107 w sekretariacie szko\u0142y oraz pobra\u0107 ze strony szko\u0142y (link do dokument\u00f3w znajduje si\u0119 poni\u017cej).&nbsp;<\/strong><\/span><\/p>\n<p><span style=\"color: #000080;\">Do zapisu wymagany jest PESEL dziecka.<\/span><\/p>\n<p><span style=\"color: #000080;\">W roku szkolnym 2026\/2027 jeden z oddzia\u0142\u00f3w b\u0119dzie o oddzia\u0142em sportowym o&nbsp;zwi\u0119kszonej liczbie godzin wychowania fizycznego.<\/span><\/p>\n<p><span style=\"color: #000080;\">W przypadku zapisania syna\/c\u00f3rki zameldowanego w obwodzie Szko\u0142y Podstawowej Nr 1 w&nbsp;Hrubieszowie do innej szko\u0142y przypominamy o obowi\u0105zku zg\u0142oszenia tego faktu w szkole obwodowej.<\/span><\/p>\n<p><span style=\"color: #000080;\"><strong><u>Szko\u0142a dysponuje: <\/u><\/strong><\/span><\/p>\n<ol>\n<li><span style=\"color: #000080;\">Do\u015bwiadczon\u0105 kadr\u0105 pedagogiczn\u0105.<\/span><\/li>\n<li><span style=\"color: #000080;\">Salami lekcyjnymi wyposa\u017conymi w tablice interaktywne, sprz\u0119t multimedialny i&nbsp;nowoczesne&nbsp; pomoce dydaktyczne.<\/span><\/li>\n<li><span style=\"color: #000080;\">Innowacyjnym sprz\u0119tem otrzymanym w ramach projektu MEiN \u201eLaboratoria Przysz\u0142o\u015bci\u201d.<\/span><\/li>\n<\/ol>\n<ol start=\"4\">\n<li><span style=\"color: #000080;\">Sal\u0105 korekcyjn\u0105 z pe\u0142nym wyposa\u017ceniem do prowadzenia zaj\u0119\u0107 gimnastyki korekcyjnej, nowoczesn\u0105 hal\u0105 sportow\u0105, ma\u0142\u0105 sal\u0105 gimnastyczn\u0105, sprz\u0119tem sportowym.<\/span><\/li>\n<\/ol>\n<ol>\n<li><span style=\"color: #000080;\">Wyposa\u017con\u0105 w ciekawe nowo\u015bci wydawnicze bibliotek\u0105 szkoln\u0105 z czytelni\u0105 i centrum multimedialnym.<\/span><\/li>\n<li><span style=\"color: #000080;\">\u015awietlic\u0105 i sto\u0142\u00f3wk\u0105 (godziny pracy dostosowane do potrzeb dzieci i ich rodzic\u00f3w).<\/span><\/li>\n<li><span style=\"color: #000080;\">Monitoringiem w szkole i na zewn\u0105trz budynku.<\/span><\/li>\n<li><span style=\"color: #000080;\">Profilaktycznym gabinetem opieki medycznej i gabinetem stomatologicznym.<\/span><\/li>\n<\/ol>\n<p><span style=\"color: #000080;\"><strong><u>Oferujemy mi\u0119dzy innymi: <\/u><\/strong><\/span><\/p>\n<ol>\n<li><span style=\"color: #000080;\">Nauk\u0119, opiek\u0119 i wychowanie dzieci pod kierunkiem wykwalifikowanej kadry.<\/span><\/li>\n<li><span style=\"color: #000080;\">Dostosowanie nauczania do mo\u017cliwo\u015bci i potrzeb dzieci, tak\u017ce dzieci o specjalnych potrzebach edukacyjnych.&nbsp;&nbsp;<\/span><\/li>\n<li><span style=\"color: #000080;\">Klimat szko\u0142y sprzyjaj\u0105cy dobremu samopoczuciu i bezpiecze\u0144stwu dziecka.<\/span><\/li>\n<li><span style=\"color: #000080;\">Wszechstronny rozw\u00f3j zainteresowa\u0144 uczni\u00f3w przez udzia\u0142 w r\u00f3\u017cnorodnych konkursach, turniejach, zawodach i&nbsp;uroczysto\u015bciach.<\/span><\/li>\n<li><span style=\"color: #000080;\">Metody pracy pozwalaj\u0105ce wydobywa\u0107 i rozwija\u0107 dzieci\u0119ce talenty oraz zdolno\u015bci.<\/span><\/li>\n<li><span style=\"color: #000080;\">Zaj\u0119cia sportowe i og\u00f3lnorozwojowe w sali gimnastycznej oraz na boiskach wielofunkcyjnych.<\/span><\/li>\n<li><span style=\"color: #000080;\">Pomoc psychologiczno \u2013 pedagogiczn\u0105, zaj\u0119cia logopedyczne.<\/span><\/li>\n<\/ol>\n<p><span style=\"color: #000080;\"><strong>&nbsp;<\/strong><\/span><\/p>\n<p><span style=\"color: #000080;\"><strong>Wa\u017cne terminy rekrutacji :<\/strong><\/span><\/p>\n<p><span style=\"color: #000080;\"><strong>Na podstawie zarz\u0105dzenia Burmistrza Miasta Hrubieszowa nr 420\/2026 z dnia 13 stycznia 2026 r. w sprawie okre\u015blenia termin\u00f3w przeprowadzenia post\u0119powania rekrutacyjnego i post\u0119powania uzupe\u0142niaj\u0105cego na rok szkolny 2026\/2027 do klas I publicznych szk\u00f3\u0142 podstawowych, dla kt\u00f3rych organem prowadz\u0105cym jest Gmina Miejska Hrubiesz\u00f3w, ustala si\u0119 nast\u0119puj\u0105ce terminy post\u0119powania rekrutacyjnego:<\/strong><\/span><\/p>\n<ol>\n<li><span style=\"color: #000080;\">sk\u0142adanie wniosk\u00f3w o przyj\u0119cie do klasy I szko\u0142y podstawowej wraz z dokumentami potwierdzaj\u0105cymi spe\u0142nianie przez kandydata warunk\u00f3w lub kryteri\u00f3w branych pod uwag\u0119 w post\u0119powaniu rekrutacyjnym \u2013 <strong>od 9 lutego 2026r. do 13 marca 2026r.<\/strong><\/span><\/li>\n<li><span style=\"color: #000080;\">weryfikacja przez komisj\u0119 rekrutacyjn\u0105 z\u0142o\u017conych wniosk\u00f3w i dokument\u00f3w \u2013 <strong>od 16 marca 2026r. do 20 marca 2026r.<\/strong><\/span><\/li>\n<li><span style=\"color: #000080;\">podanie do publicznej wiadomo\u015bci <u>listy kandydat\u00f3w zakwalifikowanych i kandydat\u00f3w niezakwalifikowanych <\/u>\u2013 <strong>23 marca 2026r.<\/strong><\/span><\/li>\n<li><span style=\"color: #000080;\">potwierdzenie przez rodzica lub opiekuna prawnego kandydata woli przyj\u0119cia dziecka do klasy I szko\u0142y podstawowej \u2013 <strong>od 23 marca 2026r. do 27 marca 2026r.<\/strong><\/span><\/li>\n<li><span style=\"color: #000080;\">podanie do publicznej wiadomo\u015bci <u>listy kandydat\u00f3w przyj\u0119tych i kandydat\u00f3w nieprzyj\u0119tych <\/u>\u2013 <strong>31 marca 2026r.<\/strong><\/span><\/li>\n<li><span style=\"color: #000080;\">sk\u0142adanie wniosk\u00f3w o przyj\u0119cie do klasy I szko\u0142y podstawowej wraz z dokumentami potwierdzaj\u0105cymi spe\u0142nianie przez kandydata warunk\u00f3w lub kryteri\u00f3w branych pod uwag\u0119 w post\u0119powaniu uzupe\u0142niaj\u0105cym \u2013 <strong>od 31 marca 2026r. do 24 lipca 2026r.<\/strong><\/span><\/li>\n<li><span style=\"color: #000080;\">weryfikacja przez komisj\u0119 rekrutacyjn\u0105 wniosk\u00f3w i dokument\u00f3w z\u0142o\u017conych <\/span><br><span style=\"color: #000080;\">w post\u0119powaniu uzupe\u0142niaj\u0105cym \u2013 <strong>od 27 lipca 2026r. do 7 sierpnia 2026r.<\/strong><\/span><\/li>\n<li><span style=\"color: #000080;\">podanie do publicznej wiadomo\u015bci <u>listy kandydat\u00f3w zakwalifikowanych i kandydat\u00f3w niezakwalifikowanych<\/u> \u2013 <strong>10 sierpnia 2026r.<\/strong><\/span><\/li>\n<li><span style=\"color: #000080;\">potwierdzenie przez rodzica lub opiekuna prawnego kandydata woli przyj\u0119cia dziecka do klasy I szko\u0142y podstawowej \u2013 <strong>od 14 sierpnia 2026r. do 19 sierpnia 2026r.<\/strong><\/span><\/li>\n<li><span style=\"color: #000080;\">podanie do publicznej wiadomo\u015bci <u>listy kandydat\u00f3w przyj\u0119tych i kandydat\u00f3w nieprzyj\u0119tych<\/u> \u2013 <strong>21 sierpnia 2026r.<\/strong><\/span><\/li>\n<\/ol>\n<p>&nbsp;<\/p>\n<p style=\"text-align: right;\"><span style=\"color: #000080;\"><strong><em>Dyrekcja szko\u0142y<\/em><\/strong><\/span><\/p>\n<p><span style=\"color: #000080;\">Poni\u017cej link do dokument\u00f3w rekrutacyjnych:<\/span><\/p>\n<h1><strong><span style=\"color: #000080;\"><a style=\"color: #000080;\" href=\"https:\/\/jedynkahrubieszow-my.sharepoint.com\/:f:\/g\/personal\/dysk_sp1hrubieszow_pl\/IgA1IKPGdWDvTYTMC4_BvEapAZ9HNL3ayKDg_B9aLlljSkA?e=CmKRXq\">rekrutacja<\/a><\/span><\/strong><\/h1>\n<p>&nbsp;<\/p>\n","protected":false},"excerpt":{"rendered":"<p>&nbsp;&nbsp; Rekrutacja do klasy pierwszej &nbsp;na rok&nbsp; szkolny 2026\/2027 Szko\u0142a Podstawowa Nr 1 im. B. Prusa w Hrubieszowie&nbsp; og\u0142asza zapisy do klasy pierwszej Zapisy trwaj\u0105 od 9 lutego&nbsp;do 13 marca 2026 roku&nbsp;&nbsp;w&nbsp;godz. od 7.30 do 15.30&nbsp; w&nbsp;sekretariacie szko\u0142y. Zapisu mo\u017ce dokona\u0107 wy\u0142\u0105cznie rodzic\/prawny opiekun dziecka poprzez wype\u0142nienie: Karty zapisu dziecka Zgody na wykorzystanie wizerunku dziecka [&hellip;]<\/p>\n","protected":false},"author":2,"featured_media":0,"parent":0,"menu_order":0,"comment_status":"closed","ping_status":"closed","template":"","meta":{"ngg_post_thumbnail":0,"footnotes":""},"class_list":["post-29602","page","type-page","status-publish","hentry"],"_links":{"self":[{"href":"https:\/\/sp1hrubieszow.pl\/index.php\/wp-json\/wp\/v2\/pages\/29602","targetHints":{"allow":["GET"]}}],"collection":[{"href":"https:\/\/sp1hrubieszow.pl\/index.php\/wp-json\/wp\/v2\/pages"}],"about":[{"href":"https:\/\/sp1hrubieszow.pl\/index.php\/wp-json\/wp\/v2\/types\/page"}],"author":[{"embeddable":true,"href":"https:\/\/sp1hrubieszow.pl\/index.php\/wp-json\/wp\/v2\/users\/2"}],"replies":[{"embeddable":true,"href":"https:\/\/sp1hrubieszow.pl\/index.php\/wp-json\/wp\/v2\/comments?post=29602"}],"version-history":[{"count":4,"href":"https:\/\/sp1hrubieszow.pl\/index.php\/wp-json\/wp\/v2\/pages\/29602\/revisions"}],"predecessor-version":[{"id":29609,"href":"https:\/\/sp1hrubieszow.pl\/index.php\/wp-json\/wp\/v2\/pages\/29602\/revisions\/29609"}],"wp:attachment":[{"href":"https:\/\/sp1hrubieszow.pl\/index.php\/wp-json\/wp\/v2\/media?parent=29602"}],"curies":[{"name":"wp","href":"https:\/\/api.w.org\/{rel}","templated":true}]}}