{"id":29592,"date":"2026-01-28T16:55:32","date_gmt":"2026-01-28T15:55:32","guid":{"rendered":"https:\/\/sp1hrubieszow.pl\/?page_id=29592"},"modified":"2026-01-28T16:55:32","modified_gmt":"2026-01-28T15:55:32","slug":"spotkanie-z-podroznikiem-niezwykla-opowiesc-o-kubie","status":"publish","type":"page","link":"https:\/\/sp1hrubieszow.pl\/index.php\/kronika-2019-2020\/spotkanie-z-podroznikiem-niezwykla-opowiesc-o-kubie\/","title":{"rendered":"Spotkanie z podr\u00f3\u017cnikiem \u2013 niezwyk\u0142a opowie\u015b\u0107 o Kubie"},"content":{"rendered":"\n<p><span style=\"color: #000080;\">Uczniowie naszej szko\u0142y wzi\u0119li udzia\u0142 w wyj\u0105tkowym spotkaniu z podr\u00f3\u017cnikiem, kt\u00f3ry zabra\u0142 ich w fascynuj\u0105c\u0105 podr\u00f3\u017c na Kub\u0119. Prelekcja by\u0142a dostosowana do dw\u00f3ch grup wiekowych \u2013 m\u0142odszych uczni\u00f3w z klas 1\u20133 oraz starszych z klas 4\u20136, dzi\u0119ki czemu ka\u017cdy m\u00f3g\u0142 znale\u017a\u0107 co\u015b interesuj\u0105cego dla siebie.<\/span><\/p>\n<p><span style=\"color: #000080;\">Podr\u00f3\u017cnik barwnie opowiada\u0142 o \u017cyciu codziennym mieszka\u0144c\u00f3w Kuby, ich troskach, niskich zarobkach oraz pustych p\u00f3\u0142kach w sklepach. Uczniowie z zaciekawieniem s\u0142uchali historii <\/span><span style=\"color: #000080;\">o kuba\u0144skich cygarach, pizzy, a tak\u017ce o tamtejszej przyrodzie \u2013 krokodylach, krabach <\/span><span style=\"color: #000080;\">i male\u0144kich kolibrach. Starsza grupa uczni\u00f3w pozna\u0142a r\u00f3wnie\u017c posta\u0107 Fidela Castro oraz histori\u0119 rewolucji kuba\u0144skiej.<\/span><\/p>\n<p><span style=\"color: #000080;\">Prezentacja wzbogacona by\u0142a licznymi, ciekawymi zdj\u0119ciami, na kt\u00f3rych uczniowie mogli zobaczy\u0107 zar\u00f3wno pi\u0119kne miejsca i charakterystyczne budynki, jak i dominuj\u0105ce w wielu regionach zniszczenia. Dodatkow\u0105 atrakcj\u0105 by\u0142y pami\u0105tki przywiezione z podr\u00f3\u017cy, kt\u00f3re jeszcze bardziej przybli\u017cy\u0142y dzieciom realia \u017cycia na Kubie.<\/span><\/p>\n<p><span style=\"color: #000080;\">Spotkanie by\u0142o niezwykle interesuj\u0105ce i dostarczy\u0142o uczniom wielu nowych wiadomo\u015bci, inspiruj\u0105c ich do poznawania \u015bwiata i innych kultur.<\/span>&nbsp;<\/p>\nngg_shortcode_0_placeholder\n<p>D\u00f3\u0142 formularza<\/p>\n<p>&nbsp;<\/p>\n","protected":false},"excerpt":{"rendered":"<p>Uczniowie naszej szko\u0142y wzi\u0119li udzia\u0142 w wyj\u0105tkowym spotkaniu z podr\u00f3\u017cnikiem, kt\u00f3ry zabra\u0142 ich w fascynuj\u0105c\u0105 podr\u00f3\u017c na Kub\u0119. Prelekcja by\u0142a dostosowana do dw\u00f3ch grup wiekowych \u2013 m\u0142odszych uczni\u00f3w z klas 1\u20133 oraz starszych z klas 4\u20136, dzi\u0119ki czemu ka\u017cdy m\u00f3g\u0142 znale\u017a\u0107 co\u015b interesuj\u0105cego dla siebie. Podr\u00f3\u017cnik barwnie opowiada\u0142 o \u017cyciu codziennym mieszka\u0144c\u00f3w Kuby, ich troskach, [&hellip;]<\/p>\n","protected":false},"author":4,"featured_media":0,"parent":2167,"menu_order":0,"comment_status":"closed","ping_status":"closed","template":"","meta":{"ngg_post_thumbnail":0,"footnotes":""},"class_list":["post-29592","page","type-page","status-publish","hentry"],"_links":{"self":[{"href":"https:\/\/sp1hrubieszow.pl\/index.php\/wp-json\/wp\/v2\/pages\/29592","targetHints":{"allow":["GET"]}}],"collection":[{"href":"https:\/\/sp1hrubieszow.pl\/index.php\/wp-json\/wp\/v2\/pages"}],"about":[{"href":"https:\/\/sp1hrubieszow.pl\/index.php\/wp-json\/wp\/v2\/types\/page"}],"author":[{"embeddable":true,"href":"https:\/\/sp1hrubieszow.pl\/index.php\/wp-json\/wp\/v2\/users\/4"}],"replies":[{"embeddable":true,"href":"https:\/\/sp1hrubieszow.pl\/index.php\/wp-json\/wp\/v2\/comments?post=29592"}],"version-history":[{"count":6,"href":"https:\/\/sp1hrubieszow.pl\/index.php\/wp-json\/wp\/v2\/pages\/29592\/revisions"}],"predecessor-version":[{"id":29598,"href":"https:\/\/sp1hrubieszow.pl\/index.php\/wp-json\/wp\/v2\/pages\/29592\/revisions\/29598"}],"up":[{"embeddable":true,"href":"https:\/\/sp1hrubieszow.pl\/index.php\/wp-json\/wp\/v2\/pages\/2167"}],"wp:attachment":[{"href":"https:\/\/sp1hrubieszow.pl\/index.php\/wp-json\/wp\/v2\/media?parent=29592"}],"curies":[{"name":"wp","href":"https:\/\/api.w.org\/{rel}","templated":true}]}}