{"id":29557,"date":"2026-01-08T18:50:03","date_gmt":"2026-01-08T17:50:03","guid":{"rendered":"https:\/\/sp1hrubieszow.pl\/?page_id=29557"},"modified":"2026-01-08T18:50:03","modified_gmt":"2026-01-08T17:50:03","slug":"slubowanie-uczniow-klas-pierwszych","status":"publish","type":"page","link":"https:\/\/sp1hrubieszow.pl\/index.php\/kronika-2019-2020\/slubowanie-uczniow-klas-pierwszych\/","title":{"rendered":"\u015alubowanie uczni\u00f3w klas pierwszych"},"content":{"rendered":"\n<p><span style=\"color: #000080;\">24 pa\u017adziernika 2025 r. w Szkole Podstawowej Nr 1 im. Boles\u0142awa Prusa<\/span><br><span style=\"color: #000080;\">w Hrubieszowie odby\u0142o si\u0119 \u015alubowanie uczni\u00f3w klas pierwszych. W uroczysto\u015bci wzi\u0119li udzia\u0142 Dyrektor szko\u0142y, Rodzice, zaproszeni go\u015bcie&nbsp;&nbsp;oraz uczniowie z klasy IA i IB. Pierwszoklasi\u015bci przedstawili cz\u0119\u015b\u0107 artystyczn\u0105, na kt\u00f3r\u0105 sk\u0142ada\u0142y si\u0119 wiersze i piosenki. Po prezentacji umiej\u0119tno\u015bci i wiadomo\u015bci, pierwszoklasi\u015bci w&nbsp;&nbsp;podnios\u0142ej atmosferze przed pocztem sztandarowym \u015blubowali by\u0107 dobrymi Polakami, godnie reprezentowa\u0107 swoj\u0105 szko\u0142\u0119, oraz swym zachowaniem i nauk\u0105 sprawia\u0107 rado\u015b\u0107 rodzicom i nauczycielom. Po z\u0142o\u017ceniu \u015alubowania Pani Dyrektor Edyta Kucharska oraz Zast\u0119pca Burmistrza Miasta Hrubieszowa Pan Pawe\u0142 Wojciechowski kolorowym o\u0142\u00f3wkiem dokonali symbolicznego aktu pasowania na ucznia.&nbsp;Nast\u0119pnie wychowawczynie Panie Joanna Nazar i Renata Pacza\u0142a wr\u0119czy\u0142y uczniom pami\u0105tkowe dyplomy. Dzieci otrzyma\u0142y te\u017c s\u0142odycze ufundowane&nbsp;&nbsp;przez Urz\u0105d Miasta w Hrubieszowie i Rad\u0119 Rodzic\u00f3w. Uroczysto\u015b\u0107&nbsp;&nbsp;zako\u0144czy\u0142y pami\u0105tkowe zdj\u0119cia. Po burzy oklask\u00f3w pierwszoklasi\u015bci wr\u00f3cili do klasy, gdzie czeka\u0142y na nich s\u0142odko\u015bci przygotowane przez rodzic\u00f3w.<\/span><\/p>\nngg_shortcode_0_placeholder\n","protected":false},"excerpt":{"rendered":"<p>24 pa\u017adziernika 2025 r. w Szkole Podstawowej Nr 1 im. Boles\u0142awa Prusaw Hrubieszowie odby\u0142o si\u0119 \u015alubowanie uczni\u00f3w klas pierwszych. W uroczysto\u015bci wzi\u0119li udzia\u0142 Dyrektor szko\u0142y, Rodzice, zaproszeni go\u015bcie&nbsp;&nbsp;oraz uczniowie z klasy IA i IB. Pierwszoklasi\u015bci przedstawili cz\u0119\u015b\u0107 artystyczn\u0105, na kt\u00f3r\u0105 sk\u0142ada\u0142y si\u0119 wiersze i piosenki. Po prezentacji umiej\u0119tno\u015bci i wiadomo\u015bci, pierwszoklasi\u015bci w&nbsp;&nbsp;podnios\u0142ej atmosferze przed pocztem [&hellip;]<\/p>\n","protected":false},"author":4,"featured_media":0,"parent":2167,"menu_order":0,"comment_status":"closed","ping_status":"closed","template":"","meta":{"ngg_post_thumbnail":0,"footnotes":""},"class_list":["post-29557","page","type-page","status-publish","hentry"],"_links":{"self":[{"href":"https:\/\/sp1hrubieszow.pl\/index.php\/wp-json\/wp\/v2\/pages\/29557","targetHints":{"allow":["GET"]}}],"collection":[{"href":"https:\/\/sp1hrubieszow.pl\/index.php\/wp-json\/wp\/v2\/pages"}],"about":[{"href":"https:\/\/sp1hrubieszow.pl\/index.php\/wp-json\/wp\/v2\/types\/page"}],"author":[{"embeddable":true,"href":"https:\/\/sp1hrubieszow.pl\/index.php\/wp-json\/wp\/v2\/users\/4"}],"replies":[{"embeddable":true,"href":"https:\/\/sp1hrubieszow.pl\/index.php\/wp-json\/wp\/v2\/comments?post=29557"}],"version-history":[{"count":1,"href":"https:\/\/sp1hrubieszow.pl\/index.php\/wp-json\/wp\/v2\/pages\/29557\/revisions"}],"predecessor-version":[{"id":29558,"href":"https:\/\/sp1hrubieszow.pl\/index.php\/wp-json\/wp\/v2\/pages\/29557\/revisions\/29558"}],"up":[{"embeddable":true,"href":"https:\/\/sp1hrubieszow.pl\/index.php\/wp-json\/wp\/v2\/pages\/2167"}],"wp:attachment":[{"href":"https:\/\/sp1hrubieszow.pl\/index.php\/wp-json\/wp\/v2\/media?parent=29557"}],"curies":[{"name":"wp","href":"https:\/\/api.w.org\/{rel}","templated":true}]}}