{"id":29524,"date":"2025-12-23T19:40:51","date_gmt":"2025-12-23T18:40:51","guid":{"rendered":"https:\/\/sp1hrubieszow.pl\/?page_id=29524"},"modified":"2025-12-23T19:56:14","modified_gmt":"2025-12-23T18:56:14","slug":"zyczenia-swiateczne-2","status":"publish","type":"page","link":"https:\/\/sp1hrubieszow.pl\/index.php\/kronika-2020-2021\/zyczenia-swiateczne-2\/","title":{"rendered":"\u017byczenia \u015bwi\u0105teczne"},"content":{"rendered":"\n\n\n<p style=\"text-align: center;\"><strong><span style=\"color: #008000;\">Uczniowie, Nauczyciele, Pracownicy Szko\u0142y,<\/span><\/strong><\/p>\n<p style=\"text-align: center;\"><strong><span style=\"color: #008000;\">Drodzy Rodzice, Kochani Dziadkowie, Przyjaciele ,,Jedynki\u2019\u2019<\/span><\/strong><\/p>\n<p style=\"text-align: center;\"><strong><span style=\"color: #008000;\">z okazji zbli\u017caj\u0105cych si\u0119 \u015awi\u0105t Bo\u017cego Narodzenia<\/span><\/strong><\/p>\n<p style=\"text-align: center;\"><strong><span style=\"color: #008000;\">pragn\u0119 z\u0142o\u017cy\u0107 Pa\u0144stwu najserdeczniejsze \u017cyczenia. <\/span><\/strong><\/p>\n<p style=\"text-align: center;\"><strong><span style=\"color: #008000;\">Niech ten wyj\u0105tkowy czas b\u0119dzie pe\u0142en spokoju, rado\u015bci i rodzinnego ciep\u0142a,<\/span><\/strong><\/p>\n<p style=\"text-align: center;\"><strong><span style=\"color: #008000;\">a blask betlejemskiej gwiazdy roz\u015bwietla codzienno\u015b\u0107 <\/span><\/strong><\/p>\n<p style=\"text-align: center;\"><strong><span style=\"color: #008000;\">i przynosi nadziej\u0119.<\/span><\/strong><\/p>\n<p style=\"text-align: center;\"><strong><span style=\"color: #008000;\">\u017bycz\u0119, aby \u015bwi\u0105teczne chwile by\u0142y czasem odpoczynku,<\/span><\/strong><\/p>\n<p style=\"text-align: center;\"><strong><span style=\"color: #008000;\">wzajemnej \u017cyczliwo\u015bci i umacniania wi\u0119zi,<\/span><\/strong><\/p>\n<p style=\"text-align: center;\"><strong><span style=\"color: #008000;\">a Nowy Rok obfitowa\u0142 w zdrowie, pomy\u015blno\u015b\u0107, spe\u0142nienie marze\u0144 oraz sukcesy \u2014 zar\u00f3wno w nauce, pracy, jak i \u017cyciu osobistym.<\/span><\/strong><\/p>\n<p style=\"text-align: center;\"><strong><span style=\"color: #008000;\">Niech dobro, kt\u00f3re nosimy w sercach, towarzyszy nam przez ca\u0142y nadchodz\u0105cy rok.<\/span><\/strong><\/p>\n<p style=\"text-align: center;\"><strong><span style=\"color: #008000;\">Weso\u0142ych \u015awi\u0105t Bo\u017cego Narodzenia oraz Szcz\u0119\u015bliwego Nowego Roku!<\/span><\/strong><\/p>\n<p style=\"text-align: right;\"><strong><span style=\"color: #008000;\">Dyrektor Szko\u0142y<\/span><\/strong><\/p>\n<p style=\"text-align: right;\"><strong><span style=\"color: #008000;\">Edyta Kucharska<\/span><\/strong><\/p>\n\n\n\n\n\nngg_shortcode_0_placeholder\n","protected":false},"excerpt":{"rendered":"<p>Uczniowie, Nauczyciele, Pracownicy Szko\u0142y, Drodzy Rodzice, Kochani Dziadkowie, Przyjaciele ,,Jedynki\u2019\u2019 z okazji zbli\u017caj\u0105cych si\u0119 \u015awi\u0105t Bo\u017cego Narodzenia pragn\u0119 z\u0142o\u017cy\u0107 Pa\u0144stwu najserdeczniejsze \u017cyczenia. Niech ten wyj\u0105tkowy czas b\u0119dzie pe\u0142en spokoju, rado\u015bci i rodzinnego ciep\u0142a, a blask betlejemskiej gwiazdy roz\u015bwietla codzienno\u015b\u0107 i przynosi nadziej\u0119. \u017bycz\u0119, aby \u015bwi\u0105teczne chwile by\u0142y czasem odpoczynku, wzajemnej \u017cyczliwo\u015bci i umacniania wi\u0119zi, a [&hellip;]<\/p>\n","protected":false},"author":2,"featured_media":0,"parent":5983,"menu_order":0,"comment_status":"closed","ping_status":"closed","template":"","meta":{"ngg_post_thumbnail":0,"footnotes":""},"class_list":["post-29524","page","type-page","status-publish","hentry"],"_links":{"self":[{"href":"https:\/\/sp1hrubieszow.pl\/index.php\/wp-json\/wp\/v2\/pages\/29524","targetHints":{"allow":["GET"]}}],"collection":[{"href":"https:\/\/sp1hrubieszow.pl\/index.php\/wp-json\/wp\/v2\/pages"}],"about":[{"href":"https:\/\/sp1hrubieszow.pl\/index.php\/wp-json\/wp\/v2\/types\/page"}],"author":[{"embeddable":true,"href":"https:\/\/sp1hrubieszow.pl\/index.php\/wp-json\/wp\/v2\/users\/2"}],"replies":[{"embeddable":true,"href":"https:\/\/sp1hrubieszow.pl\/index.php\/wp-json\/wp\/v2\/comments?post=29524"}],"version-history":[{"count":4,"href":"https:\/\/sp1hrubieszow.pl\/index.php\/wp-json\/wp\/v2\/pages\/29524\/revisions"}],"predecessor-version":[{"id":29540,"href":"https:\/\/sp1hrubieszow.pl\/index.php\/wp-json\/wp\/v2\/pages\/29524\/revisions\/29540"}],"up":[{"embeddable":true,"href":"https:\/\/sp1hrubieszow.pl\/index.php\/wp-json\/wp\/v2\/pages\/5983"}],"wp:attachment":[{"href":"https:\/\/sp1hrubieszow.pl\/index.php\/wp-json\/wp\/v2\/media?parent=29524"}],"curies":[{"name":"wp","href":"https:\/\/api.w.org\/{rel}","templated":true}]}}