{"id":29520,"date":"2025-12-23T19:29:12","date_gmt":"2025-12-23T18:29:12","guid":{"rendered":"https:\/\/sp1hrubieszow.pl\/?page_id=29520"},"modified":"2025-12-23T19:29:32","modified_gmt":"2025-12-23T18:29:32","slug":"dzien-swiatecznego-sweterka","status":"publish","type":"page","link":"https:\/\/sp1hrubieszow.pl\/index.php\/kronika-2020-2021\/dzien-swiatecznego-sweterka\/","title":{"rendered":"Dzie\u0144 \u015awi\u0105tecznego Sweterka"},"content":{"rendered":"\n<div class=\"xdj266r x14z9mp xat24cr x1lziwak x1vvkbs x126k92a\">\n<div dir=\"auto\"><span style=\"color: #000080;\">To kolejny dzie\u0144 tematyczny w naszej szkole, kt\u00f3ry tym razem wprowadzi\u0142 nas w prawdziwie \u015bwi\u0105teczny nastr\u00f3j!&nbsp;<\/span><\/div>\n<\/div>\n<div class=\"x14z9mp xat24cr x1lziwak x1vvkbs xtlvy1s x126k92a\">\n<div dir=\"auto\"><span style=\"color: #000080;\">Dzi\u0119kujemy wszystkim uczniom i nauczycielom, kt\u00f3rzy w\u0142\u0105czyli si\u0119 w zabaw\u0119 i za\u0142o\u017cyli swoje wyj\u0105tkowe, \u015bwi\u0105teczne sweterki. Ogromne podzi\u0119kowania kierujemy tak\u017ce do nauczycieli, kt\u00f3rzy przes\u0142ali zdj\u0119cia, dzi\u0119ki kt\u00f3rym mo\u017cemy podzieli\u0107 si\u0119 t\u0105 atmosfer\u0105 z innymi&nbsp;<\/span><\/div>\n<\/div>\n<div class=\"x14z9mp xat24cr x1lziwak x1vvkbs xtlvy1s x126k92a\">\n<div dir=\"auto\"><span style=\"color: #000080;\">Dzi\u015b w naszej szkole by\u0142o kolorowo, \u015bwi\u0105tecznie i naprawd\u0119 pi\u0119knie \u2013 po prostu cudny dzie\u0144, kt\u00f3ry na d\u0142ugo zostanie w naszej pami\u0119ci&nbsp;<\/span><\/div>\n<div dir=\"auto\"><span style=\"color: #000080;\">Dzi\u0119kujemy za wsp\u00f3ln\u0105 zabaw\u0119!&nbsp;<\/span><\/div>\n<div dir=\"auto\"><span style=\"color: #000080;\">Marta Lackowska<\/span><\/div>\n<div dir=\"auto\">\nngg_shortcode_0_placeholder\n<\/div>\n<\/div>\n","protected":false},"excerpt":{"rendered":"<p>To kolejny dzie\u0144 tematyczny w naszej szkole, kt\u00f3ry tym razem wprowadzi\u0142 nas w prawdziwie \u015bwi\u0105teczny nastr\u00f3j!&nbsp; Dzi\u0119kujemy wszystkim uczniom i nauczycielom, kt\u00f3rzy w\u0142\u0105czyli si\u0119 w zabaw\u0119 i za\u0142o\u017cyli swoje wyj\u0105tkowe, \u015bwi\u0105teczne sweterki. Ogromne podzi\u0119kowania kierujemy tak\u017ce do nauczycieli, kt\u00f3rzy przes\u0142ali zdj\u0119cia, dzi\u0119ki kt\u00f3rym mo\u017cemy podzieli\u0107 si\u0119 t\u0105 atmosfer\u0105 z innymi&nbsp; Dzi\u015b w naszej szkole by\u0142o [&hellip;]<\/p>\n","protected":false},"author":2,"featured_media":0,"parent":5983,"menu_order":0,"comment_status":"closed","ping_status":"closed","template":"","meta":{"ngg_post_thumbnail":0,"footnotes":""},"class_list":["post-29520","page","type-page","status-publish","hentry"],"_links":{"self":[{"href":"https:\/\/sp1hrubieszow.pl\/index.php\/wp-json\/wp\/v2\/pages\/29520","targetHints":{"allow":["GET"]}}],"collection":[{"href":"https:\/\/sp1hrubieszow.pl\/index.php\/wp-json\/wp\/v2\/pages"}],"about":[{"href":"https:\/\/sp1hrubieszow.pl\/index.php\/wp-json\/wp\/v2\/types\/page"}],"author":[{"embeddable":true,"href":"https:\/\/sp1hrubieszow.pl\/index.php\/wp-json\/wp\/v2\/users\/2"}],"replies":[{"embeddable":true,"href":"https:\/\/sp1hrubieszow.pl\/index.php\/wp-json\/wp\/v2\/comments?post=29520"}],"version-history":[{"count":1,"href":"https:\/\/sp1hrubieszow.pl\/index.php\/wp-json\/wp\/v2\/pages\/29520\/revisions"}],"predecessor-version":[{"id":29521,"href":"https:\/\/sp1hrubieszow.pl\/index.php\/wp-json\/wp\/v2\/pages\/29520\/revisions\/29521"}],"up":[{"embeddable":true,"href":"https:\/\/sp1hrubieszow.pl\/index.php\/wp-json\/wp\/v2\/pages\/5983"}],"wp:attachment":[{"href":"https:\/\/sp1hrubieszow.pl\/index.php\/wp-json\/wp\/v2\/media?parent=29520"}],"curies":[{"name":"wp","href":"https:\/\/api.w.org\/{rel}","templated":true}]}}