{"id":29465,"date":"2025-10-23T20:57:20","date_gmt":"2025-10-23T18:57:20","guid":{"rendered":"https:\/\/sp1hrubieszow.pl\/?page_id=29465"},"modified":"2025-10-23T20:57:53","modified_gmt":"2025-10-23T18:57:53","slug":"konkurs-plastyczny-jan-pawel-ii-prorok-nadziei","status":"publish","type":"page","link":"https:\/\/sp1hrubieszow.pl\/index.php\/kronika-2020-2021\/konkurs-plastyczny-jan-pawel-ii-prorok-nadziei\/","title":{"rendered":"Konkurs plastyczny \u201eJan Pawe\u0142 II \u2013 prorok nadziei\u201d"},"content":{"rendered":"\n\n\n<p><span style=\"color: #000080;\">Z rado\u015bci\u0105 og\u0142aszamy wyniki naszego konkursu plastycznego, w kt\u00f3rym dzieci z klas 1\u20138 wspaniale ukaza\u0142y posta\u0107 \u015bw. Jana Paw\u0142a II jako proroka nadziei.&nbsp;<\/span><\/p>\n<p><span style=\"color: #000080;\">Kategoria klas 1\u20133: <span class=\"html-span xexx8yu xyri2b x18d9i69 x1c1uobl x1hl2dhg x16tdsg8 x1vvkbs x3nfvp2 x1j61x8r x1fcty0u xdj266r xat24cr xm2jcoa x1mpyi22 xxymvpz xlup9mm x1kky2od\"><img loading=\"lazy\" decoding=\"async\" class=\"xz74otr x15mokao x1ga7v0g x16uus16 xbiv7yw\" src=\"https:\/\/static.xx.fbcdn.net\/images\/emoji.php\/v9\/t94\/1\/16\/1f947.png\" alt=\"\ud83e\udd47\" width=\"16\" height=\"16\"><\/span> I miejsce \u2013 Filip Mas\u0142owski <span class=\"html-span xexx8yu xyri2b x18d9i69 x1c1uobl x1hl2dhg x16tdsg8 x1vvkbs x3nfvp2 x1j61x8r x1fcty0u xdj266r xat24cr xm2jcoa x1mpyi22 xxymvpz xlup9mm x1kky2od\"><img loading=\"lazy\" decoding=\"async\" class=\"xz74otr x15mokao x1ga7v0g x16uus16 xbiv7yw\" src=\"https:\/\/static.xx.fbcdn.net\/images\/emoji.php\/v9\/t15\/1\/16\/1f948.png\" alt=\"\ud83e\udd48\" width=\"16\" height=\"16\"><\/span> II miejsce \u2013 Filip Stasiuk <span class=\"html-span xexx8yu xyri2b x18d9i69 x1c1uobl x1hl2dhg x16tdsg8 x1vvkbs x3nfvp2 x1j61x8r x1fcty0u xdj266r xat24cr xm2jcoa x1mpyi22 xxymvpz xlup9mm x1kky2od\"><img loading=\"lazy\" decoding=\"async\" class=\"xz74otr x15mokao x1ga7v0g x16uus16 xbiv7yw\" src=\"https:\/\/static.xx.fbcdn.net\/images\/emoji.php\/v9\/t96\/1\/16\/1f949.png\" alt=\"\ud83e\udd49\" width=\"16\" height=\"16\"><\/span> III miejsce \u2013 Anna Woreczek <\/span><\/p>\n<p><span style=\"color: #000080;\">Wyr\u00f3\u017cnienie: Nikola G\u0142owacz, Karol Senderek, Michalina Lizak&nbsp;<\/span><\/p>\n<p><span style=\"color: #000080;\">Kategoria klas 4\u20138: <span class=\"html-span xexx8yu xyri2b x18d9i69 x1c1uobl x1hl2dhg x16tdsg8 x1vvkbs x3nfvp2 x1j61x8r x1fcty0u xdj266r xat24cr xm2jcoa x1mpyi22 xxymvpz xlup9mm x1kky2od\"><img loading=\"lazy\" decoding=\"async\" class=\"xz74otr x15mokao x1ga7v0g x16uus16 xbiv7yw\" src=\"https:\/\/static.xx.fbcdn.net\/images\/emoji.php\/v9\/t94\/1\/16\/1f947.png\" alt=\"\ud83e\udd47\" width=\"16\" height=\"16\"><\/span> I miejsce \u2013 Maja Tysowecka <span class=\"html-span xexx8yu xyri2b x18d9i69 x1c1uobl x1hl2dhg x16tdsg8 x1vvkbs x3nfvp2 x1j61x8r x1fcty0u xdj266r xat24cr xm2jcoa x1mpyi22 xxymvpz xlup9mm x1kky2od\"><img loading=\"lazy\" decoding=\"async\" class=\"xz74otr x15mokao x1ga7v0g x16uus16 xbiv7yw\" src=\"https:\/\/static.xx.fbcdn.net\/images\/emoji.php\/v9\/t15\/1\/16\/1f948.png\" alt=\"\ud83e\udd48\" width=\"16\" height=\"16\"><\/span> II miejsce \u2013 Lena Kula <span class=\"html-span xexx8yu xyri2b x18d9i69 x1c1uobl x1hl2dhg x16tdsg8 x1vvkbs x3nfvp2 x1j61x8r x1fcty0u xdj266r xat24cr xm2jcoa x1mpyi22 xxymvpz xlup9mm x1kky2od\"><img loading=\"lazy\" decoding=\"async\" class=\"xz74otr x15mokao x1ga7v0g x16uus16 xbiv7yw\" src=\"https:\/\/static.xx.fbcdn.net\/images\/emoji.php\/v9\/t96\/1\/16\/1f949.png\" alt=\"\ud83e\udd49\" width=\"16\" height=\"16\"><\/span> III miejsce \u2013 Julia Woreczek <\/span><\/p>\n<p><span style=\"color: #000080;\">Wyr\u00f3\u017cnienie: Marcel Jankowsk, Mi\u0142osz Raczy\u0144ski <\/span><\/p>\n<p><span style=\"color: #000080;\">Serdecznie gratulujemy wszystkim uczestnikom za pi\u0119kne prace pe\u0142ne wiary, nadziei i mi\u0142o\u015bci.<\/span><\/p>\n<p><span style=\"color: #000080;\"> Dzi\u0119kujemy r\u00f3wnie\u017c rodzicom za wsparcie oraz zaanga\u017cowanie w przygotowanie m\u0142odych artyst\u00f3w.<\/span><\/p>\nngg_shortcode_0_placeholder\n","protected":false},"excerpt":{"rendered":"<p>Z rado\u015bci\u0105 og\u0142aszamy wyniki naszego konkursu plastycznego, w kt\u00f3rym dzieci z klas 1\u20138 wspaniale ukaza\u0142y posta\u0107 \u015bw. Jana Paw\u0142a II jako proroka nadziei.&nbsp; Kategoria klas 1\u20133: I miejsce \u2013 Filip Mas\u0142owski II miejsce \u2013 Filip Stasiuk III miejsce \u2013 Anna Woreczek Wyr\u00f3\u017cnienie: Nikola G\u0142owacz, Karol Senderek, Michalina Lizak&nbsp; Kategoria klas 4\u20138: I miejsce \u2013 Maja [&hellip;]<\/p>\n","protected":false},"author":2,"featured_media":0,"parent":5983,"menu_order":0,"comment_status":"closed","ping_status":"closed","template":"","meta":{"ngg_post_thumbnail":0,"footnotes":""},"class_list":["post-29465","page","type-page","status-publish","hentry"],"_links":{"self":[{"href":"https:\/\/sp1hrubieszow.pl\/index.php\/wp-json\/wp\/v2\/pages\/29465","targetHints":{"allow":["GET"]}}],"collection":[{"href":"https:\/\/sp1hrubieszow.pl\/index.php\/wp-json\/wp\/v2\/pages"}],"about":[{"href":"https:\/\/sp1hrubieszow.pl\/index.php\/wp-json\/wp\/v2\/types\/page"}],"author":[{"embeddable":true,"href":"https:\/\/sp1hrubieszow.pl\/index.php\/wp-json\/wp\/v2\/users\/2"}],"replies":[{"embeddable":true,"href":"https:\/\/sp1hrubieszow.pl\/index.php\/wp-json\/wp\/v2\/comments?post=29465"}],"version-history":[{"count":1,"href":"https:\/\/sp1hrubieszow.pl\/index.php\/wp-json\/wp\/v2\/pages\/29465\/revisions"}],"predecessor-version":[{"id":29466,"href":"https:\/\/sp1hrubieszow.pl\/index.php\/wp-json\/wp\/v2\/pages\/29465\/revisions\/29466"}],"up":[{"embeddable":true,"href":"https:\/\/sp1hrubieszow.pl\/index.php\/wp-json\/wp\/v2\/pages\/5983"}],"wp:attachment":[{"href":"https:\/\/sp1hrubieszow.pl\/index.php\/wp-json\/wp\/v2\/media?parent=29465"}],"curies":[{"name":"wp","href":"https:\/\/api.w.org\/{rel}","templated":true}]}}