{"id":29450,"date":"2025-10-18T19:57:10","date_gmt":"2025-10-18T17:57:10","guid":{"rendered":"https:\/\/sp1hrubieszow.pl\/?page_id=29450"},"modified":"2025-10-18T19:57:35","modified_gmt":"2025-10-18T17:57:35","slug":"tydzien-mediacji-2025","status":"publish","type":"page","link":"https:\/\/sp1hrubieszow.pl\/index.php\/kronika-2020-2021\/tydzien-mediacji-2025\/","title":{"rendered":"Tydzie\u0144 Mediacji 2025"},"content":{"rendered":"\n<p><span style=\"color: #000080;\">W dniu 17.10.2025r. m\u0142odzi mediatorzy ze Szkolnego Klubu Mediatora zorganizowali dla uczni\u00f3w akcj\u0119 promuj\u0105c\u0105 mediacj\u0119 r\u00f3wie\u015bnicz\u0105 jako dobr\u0105 drog\u0119, prowadz\u0105c\u0105 do zgody. Odby\u0142y si\u0119 mini- konkursy oraz wsp\u00f3lne budowanie klock\u00f3w Lego. By\u0142y to chwile pe\u0142ne rado\u015bci i przyja\u017ani. \u017byczymy wszystkim, by by\u0142o ich jak najwi\u0119cej na co dzie\u0144.<span class=\"html-span xexx8yu xyri2b x18d9i69 x1c1uobl x1hl2dhg x16tdsg8 x1vvkbs x3nfvp2 x1j61x8r x1fcty0u xdj266r xat24cr xm2jcoa x1mpyi22 xxymvpz xlup9mm x1kky2od\"><img loading=\"lazy\" decoding=\"async\" class=\"xz74otr x15mokao x1ga7v0g x16uus16 xbiv7yw\" src=\"https:\/\/static.xx.fbcdn.net\/images\/emoji.php\/v9\/t87\/1\/16\/1f340.png\" alt=\"\ud83c\udf40\" width=\"16\" height=\"16\"><\/span> Zach\u0119camy uczni\u00f3w do korzystania z pomocy przeszkolonych mediator\u00f3w r\u00f3wie\u015bniczych przy rozwi\u0105zywaniu konflikt\u00f3w z kole\u017cankami i kolegami. <span class=\"html-span xexx8yu xyri2b x18d9i69 x1c1uobl x1hl2dhg x16tdsg8 x1vvkbs x3nfvp2 x1j61x8r x1fcty0u xdj266r xat24cr xm2jcoa x1mpyi22 xxymvpz xlup9mm x1kky2od\"><img loading=\"lazy\" decoding=\"async\" class=\"xz74otr x15mokao x1ga7v0g x16uus16 xbiv7yw\" src=\"https:\/\/static.xx.fbcdn.net\/images\/emoji.php\/v9\/t87\/1\/16\/1f340.png\" alt=\"\ud83c\udf40\" width=\"16\" height=\"16\"><\/span>Razem mo\u017cemy wi\u0119cej!<\/span><\/p>\nngg_shortcode_0_placeholder\n","protected":false},"excerpt":{"rendered":"<p>W dniu 17.10.2025r. m\u0142odzi mediatorzy ze Szkolnego Klubu Mediatora zorganizowali dla uczni\u00f3w akcj\u0119 promuj\u0105c\u0105 mediacj\u0119 r\u00f3wie\u015bnicz\u0105 jako dobr\u0105 drog\u0119, prowadz\u0105c\u0105 do zgody. Odby\u0142y si\u0119 mini- konkursy oraz wsp\u00f3lne budowanie klock\u00f3w Lego. By\u0142y to chwile pe\u0142ne rado\u015bci i przyja\u017ani. \u017byczymy wszystkim, by by\u0142o ich jak najwi\u0119cej na co dzie\u0144. Zach\u0119camy uczni\u00f3w do korzystania z pomocy przeszkolonych [&hellip;]<\/p>\n","protected":false},"author":2,"featured_media":0,"parent":5983,"menu_order":0,"comment_status":"closed","ping_status":"closed","template":"","meta":{"ngg_post_thumbnail":0,"footnotes":""},"class_list":["post-29450","page","type-page","status-publish","hentry"],"_links":{"self":[{"href":"https:\/\/sp1hrubieszow.pl\/index.php\/wp-json\/wp\/v2\/pages\/29450","targetHints":{"allow":["GET"]}}],"collection":[{"href":"https:\/\/sp1hrubieszow.pl\/index.php\/wp-json\/wp\/v2\/pages"}],"about":[{"href":"https:\/\/sp1hrubieszow.pl\/index.php\/wp-json\/wp\/v2\/types\/page"}],"author":[{"embeddable":true,"href":"https:\/\/sp1hrubieszow.pl\/index.php\/wp-json\/wp\/v2\/users\/2"}],"replies":[{"embeddable":true,"href":"https:\/\/sp1hrubieszow.pl\/index.php\/wp-json\/wp\/v2\/comments?post=29450"}],"version-history":[{"count":1,"href":"https:\/\/sp1hrubieszow.pl\/index.php\/wp-json\/wp\/v2\/pages\/29450\/revisions"}],"predecessor-version":[{"id":29451,"href":"https:\/\/sp1hrubieszow.pl\/index.php\/wp-json\/wp\/v2\/pages\/29450\/revisions\/29451"}],"up":[{"embeddable":true,"href":"https:\/\/sp1hrubieszow.pl\/index.php\/wp-json\/wp\/v2\/pages\/5983"}],"wp:attachment":[{"href":"https:\/\/sp1hrubieszow.pl\/index.php\/wp-json\/wp\/v2\/media?parent=29450"}],"curies":[{"name":"wp","href":"https:\/\/api.w.org\/{rel}","templated":true}]}}