{"id":29395,"date":"2025-10-18T19:23:32","date_gmt":"2025-10-18T17:23:32","guid":{"rendered":"https:\/\/sp1hrubieszow.pl\/?page_id=29395"},"modified":"2025-10-18T19:24:01","modified_gmt":"2025-10-18T17:24:01","slug":"zdrowie-w-moich-rekach","status":"publish","type":"page","link":"https:\/\/sp1hrubieszow.pl\/index.php\/kronika-2020-2021\/zdrowie-w-moich-rekach\/","title":{"rendered":"\u201eZdrowie w moich r\u0119kach\u201d"},"content":{"rendered":"\n\n\n<p><span style=\"color: #000080;\">Podczas zaj\u0119\u0107 z edukacji zdrowotnej uczniowie klasy 5a realizowali temat \u201eZdrowie w moich r\u0119kach\u201d. W ramach zaj\u0119\u0107 przekonali\u015bmy si\u0119 jak wa\u017cne dla naszego zdrowia s\u0105 codzienne wybory, mi\u0119dzy innymi odpowiednia dieta.<\/span><\/p>\n<p><span style=\"color: #000080;\">Najwi\u0119cej emocji wzbudzi\u0142a cz\u0119\u015b\u0107 praktyczna zaj\u0119\u0107 \u2013 przygotowywanie zdrowych przek\u0105sek. Uczniowie z zaanga\u017cowaniem tworzyli kolorowe kanapki, owocowe sa\u0142atki, tortille i smoothie. Podczas wsp\u00f3lnego przygotowywania i degustacji nie zabrak\u0142o \u015bmiechu, wsp\u00f3\u0142pracy i pomys\u0142owo\u015bci.<\/span><\/p>\n<p><span style=\"color: #000080;\">Zaj\u0119cia pokaza\u0142y, \u017ce zdrowe jedzenie mo\u017ce by\u0107 nie tylko smaczne, ale i \u015bwietn\u0105 zabaw\u0105! Klasa 5a udowodni\u0142a, \u017ce naprawd\u0119 dba o swoje zdrowie \u2013 bo przecie\u017c zdrowie jest w naszych r\u0119kach.<\/span><\/p>\n<p><span style=\"color: #000080;\">Magdalena S\u0142owik<\/span><\/p>\nngg_shortcode_0_placeholder\n","protected":false},"excerpt":{"rendered":"<p>Podczas zaj\u0119\u0107 z edukacji zdrowotnej uczniowie klasy 5a realizowali temat \u201eZdrowie w moich r\u0119kach\u201d. W ramach zaj\u0119\u0107 przekonali\u015bmy si\u0119 jak wa\u017cne dla naszego zdrowia s\u0105 codzienne wybory, mi\u0119dzy innymi odpowiednia dieta. Najwi\u0119cej emocji wzbudzi\u0142a cz\u0119\u015b\u0107 praktyczna zaj\u0119\u0107 \u2013 przygotowywanie zdrowych przek\u0105sek. Uczniowie z zaanga\u017cowaniem tworzyli kolorowe kanapki, owocowe sa\u0142atki, tortille i smoothie. Podczas wsp\u00f3lnego przygotowywania [&hellip;]<\/p>\n","protected":false},"author":2,"featured_media":0,"parent":5983,"menu_order":0,"comment_status":"closed","ping_status":"closed","template":"","meta":{"ngg_post_thumbnail":0,"footnotes":""},"class_list":["post-29395","page","type-page","status-publish","hentry"],"_links":{"self":[{"href":"https:\/\/sp1hrubieszow.pl\/index.php\/wp-json\/wp\/v2\/pages\/29395","targetHints":{"allow":["GET"]}}],"collection":[{"href":"https:\/\/sp1hrubieszow.pl\/index.php\/wp-json\/wp\/v2\/pages"}],"about":[{"href":"https:\/\/sp1hrubieszow.pl\/index.php\/wp-json\/wp\/v2\/types\/page"}],"author":[{"embeddable":true,"href":"https:\/\/sp1hrubieszow.pl\/index.php\/wp-json\/wp\/v2\/users\/2"}],"replies":[{"embeddable":true,"href":"https:\/\/sp1hrubieszow.pl\/index.php\/wp-json\/wp\/v2\/comments?post=29395"}],"version-history":[{"count":1,"href":"https:\/\/sp1hrubieszow.pl\/index.php\/wp-json\/wp\/v2\/pages\/29395\/revisions"}],"predecessor-version":[{"id":29396,"href":"https:\/\/sp1hrubieszow.pl\/index.php\/wp-json\/wp\/v2\/pages\/29395\/revisions\/29396"}],"up":[{"embeddable":true,"href":"https:\/\/sp1hrubieszow.pl\/index.php\/wp-json\/wp\/v2\/pages\/5983"}],"wp:attachment":[{"href":"https:\/\/sp1hrubieszow.pl\/index.php\/wp-json\/wp\/v2\/media?parent=29395"}],"curies":[{"name":"wp","href":"https:\/\/api.w.org\/{rel}","templated":true}]}}