{"id":29367,"date":"2025-10-18T19:04:44","date_gmt":"2025-10-18T17:04:44","guid":{"rendered":"https:\/\/sp1hrubieszow.pl\/?page_id=29367"},"modified":"2025-10-18T19:05:12","modified_gmt":"2025-10-18T17:05:12","slug":"x-forum-profilaktyczne","status":"publish","type":"page","link":"https:\/\/sp1hrubieszow.pl\/index.php\/kronika-2020-2021\/x-forum-profilaktyczne\/","title":{"rendered":"X Forum Profilaktyczne"},"content":{"rendered":"\n<p><span style=\"color: #000080;\">8 pa\u017adziernika 2025 r. uczniowie klasy 5a z wychowawc\u0105 wzi\u0119li udzia\u0142 w X Forum Profilaktycznym, kt\u00f3re w tym roku odby\u0142o si\u0119 pod has\u0142em \u201eNie daj si\u0119 presji i hejtowi \u2013 b\u0105d\u017a sob\u0105\u201d. Go\u015bciem wydarzenia by\u0142 znany aktor Miko\u0142aj Krawczyk, kt\u00f3ry w szczery i bezpo\u015bredni spos\u00f3b opowiada\u0142 o swoich do\u015bwiadczeniach z hejtem \u2013 zar\u00f3wno jako osoba publiczna, jak i jako cz\u0142owiek, kt\u00f3ry sam w m\u0142odo\u015bci musia\u0142 mierzy\u0107 si\u0119 z ocen\u0105 innych.<\/span><\/p>\n<p><span style=\"color: #000080;\">\u2013 \u201eKa\u017cdy z nas chce by\u0107 akceptowany, ale najwa\u017cniejsze to nie zgubi\u0107 siebie\u201d \u2013 m\u00f3wi\u0142 aktor, a jego s\u0142owa spotka\u0142y si\u0119 z du\u017cym zainteresowaniem i \u017cyw\u0105 reakcj\u0105 uczni\u00f3w.<\/span><\/p>\n<p><span style=\"color: #000080;\">Spotkanie mia\u0142o form\u0119 rozmowy, w kt\u00f3rej m\u0142odzie\u017c ch\u0119tnie uczestniczy\u0142a, zadaj\u0105c pytania i dziel\u0105c si\u0119 swoimi przemy\u015bleniami. Odpowiedzi Miko\u0142aja Krawczyka by\u0142y pe\u0142ne autentyczno\u015bci, zrozumienia i empatii. Podkre\u015bla\u0142, jak wa\u017cne jest wsparcie, rozmowa oraz odwaga w stawianiu granic. Zwr\u00f3ci\u0142 te\u017c uwag\u0119, \u017ce w czasach medi\u00f3w spo\u0142eczno\u015bciowych szczeg\u00f3lnego znaczenia nabiera umiej\u0119tno\u015b\u0107 niepor\u00f3wnywania si\u0119 z innymi i dbania o w\u0142asne poczucie warto\u015bci.<\/span><\/p>\n<p><span style=\"color: #000080;\">By\u0142o to nie tylko spotkanie z popularnym aktorem, ale przede wszystkim cenna lekcja odwagi, autentyczno\u015bci i szacunku do siebie. Forum pokaza\u0142o, \u017ce rozmowa o trudnych tematach mo\u017ce by\u0107 inspiruj\u0105ca, a m\u0142odzi ludzie \u2013 kiedy tylko otrzymaj\u0105 przestrze\u0144 \u2013 potrafi\u0105 zaskakiwa\u0107 dojrza\u0142o\u015bci\u0105 i empati\u0105.<\/span><\/p>\n<p><span style=\"color: #000080;\">Spotkanie zako\u0144czy\u0142o si\u0119 gromkimi brawami i podzi\u0119kowaniami dla go\u015bcia za szczero\u015b\u0107 i inspiruj\u0105ce przes\u0142anie.<\/span><\/p>\nngg_shortcode_0_placeholder\n<p style=\"text-align: right;\">&nbsp;<\/p>\n","protected":false},"excerpt":{"rendered":"<p>8 pa\u017adziernika 2025 r. uczniowie klasy 5a z wychowawc\u0105 wzi\u0119li udzia\u0142 w X Forum Profilaktycznym, kt\u00f3re w tym roku odby\u0142o si\u0119 pod has\u0142em \u201eNie daj si\u0119 presji i hejtowi \u2013 b\u0105d\u017a sob\u0105\u201d. Go\u015bciem wydarzenia by\u0142 znany aktor Miko\u0142aj Krawczyk, kt\u00f3ry w szczery i bezpo\u015bredni spos\u00f3b opowiada\u0142 o swoich do\u015bwiadczeniach z hejtem \u2013 zar\u00f3wno jako osoba [&hellip;]<\/p>\n","protected":false},"author":2,"featured_media":0,"parent":5983,"menu_order":0,"comment_status":"closed","ping_status":"closed","template":"","meta":{"ngg_post_thumbnail":0,"footnotes":""},"class_list":["post-29367","page","type-page","status-publish","hentry"],"_links":{"self":[{"href":"https:\/\/sp1hrubieszow.pl\/index.php\/wp-json\/wp\/v2\/pages\/29367","targetHints":{"allow":["GET"]}}],"collection":[{"href":"https:\/\/sp1hrubieszow.pl\/index.php\/wp-json\/wp\/v2\/pages"}],"about":[{"href":"https:\/\/sp1hrubieszow.pl\/index.php\/wp-json\/wp\/v2\/types\/page"}],"author":[{"embeddable":true,"href":"https:\/\/sp1hrubieszow.pl\/index.php\/wp-json\/wp\/v2\/users\/2"}],"replies":[{"embeddable":true,"href":"https:\/\/sp1hrubieszow.pl\/index.php\/wp-json\/wp\/v2\/comments?post=29367"}],"version-history":[{"count":1,"href":"https:\/\/sp1hrubieszow.pl\/index.php\/wp-json\/wp\/v2\/pages\/29367\/revisions"}],"predecessor-version":[{"id":29368,"href":"https:\/\/sp1hrubieszow.pl\/index.php\/wp-json\/wp\/v2\/pages\/29367\/revisions\/29368"}],"up":[{"embeddable":true,"href":"https:\/\/sp1hrubieszow.pl\/index.php\/wp-json\/wp\/v2\/pages\/5983"}],"wp:attachment":[{"href":"https:\/\/sp1hrubieszow.pl\/index.php\/wp-json\/wp\/v2\/media?parent=29367"}],"curies":[{"name":"wp","href":"https:\/\/api.w.org\/{rel}","templated":true}]}}