{"id":29331,"date":"2025-10-11T21:08:16","date_gmt":"2025-10-11T19:08:16","guid":{"rendered":"https:\/\/sp1hrubieszow.pl\/?page_id=29331"},"modified":"2025-10-11T21:08:49","modified_gmt":"2025-10-11T19:08:49","slug":"szkolne-obchody-dnia-edukacji-narodowej","status":"publish","type":"page","link":"https:\/\/sp1hrubieszow.pl\/index.php\/kronika-2020-2021\/szkolne-obchody-dnia-edukacji-narodowej\/","title":{"rendered":"Szkolne obchody Dnia Edukacji Narodowej"},"content":{"rendered":"\n<div class=\"xdj266r x14z9mp xat24cr x1lziwak x1vvkbs x126k92a\">\n<div dir=\"auto\"><span style=\"color: #000080;\">Nie zawsze m\u00f3wimy to g\u0142o\u015bno,<\/span><\/div>\n<div dir=\"auto\"><span style=\"color: #000080;\">Lecz dzi\u015b powiemy z rado\u015bci\u0105-<\/span><\/div>\n<div dir=\"auto\"><span style=\"color: #000080;\">Dzi\u0119kujemy Wam, Drodzy Nauczyciele i Wszyscy Pracownicy Naszej Szko\u0142y<\/span><\/div>\n<div dir=\"auto\"><span style=\"color: #000080;\">Za trud, za wsparcie, za cierpliwo\u015b\u0107, za po\u015bwi\u0119cony nam czas.<\/span><\/div>\n<\/div>\n<div class=\"x14z9mp xat24cr x1lziwak x1vvkbs xtlvy1s x126k92a\">\n<div dir=\"auto\"><span style=\"color: #000080;\">Za to, \u017ce wierzycie w nasze si\u0142y,<\/span><\/div>\n<div dir=\"auto\"><span style=\"color: #000080;\">za pasj\u0119, serce i ciep\u0142e spojrzenie-<\/span><\/div>\n<div dir=\"auto\"><span style=\"color: #000080;\">Przyjmijcie dzi\u015b nasze podzi\u0119kowanie!<span class=\"html-span xexx8yu xyri2b x18d9i69 x1c1uobl x1hl2dhg x16tdsg8 x1vvkbs x3nfvp2 x1j61x8r x1fcty0u xdj266r xat24cr xm2jcoa x1mpyi22 xxymvpz xlup9mm x1kky2od\"><img loading=\"lazy\" decoding=\"async\" class=\"xz74otr x15mokao x1ga7v0g x16uus16 xbiv7yw\" src=\"https:\/\/static.xx.fbcdn.net\/images\/emoji.php\/v9\/t71\/1\/16\/1f339.png\" alt=\"\ud83c\udf39\" width=\"16\" height=\"16\"><\/span>\u2698\ufe0f<span class=\"html-span xexx8yu xyri2b x18d9i69 x1c1uobl x1hl2dhg x16tdsg8 x1vvkbs x3nfvp2 x1j61x8r x1fcty0u xdj266r xat24cr xm2jcoa x1mpyi22 xxymvpz xlup9mm x1kky2od\"><img loading=\"lazy\" decoding=\"async\" class=\"xz74otr x15mokao x1ga7v0g x16uus16 xbiv7yw\" src=\"https:\/\/static.xx.fbcdn.net\/images\/emoji.php\/v9\/t71\/1\/16\/1f339.png\" alt=\"\ud83c\udf39\" width=\"16\" height=\"16\"><\/span><\/span><\/div>\n<div dir=\"auto\">\nngg_shortcode_0_placeholder\n<\/div>\n<\/div>\n\n\n","protected":false},"excerpt":{"rendered":"<p>Nie zawsze m\u00f3wimy to g\u0142o\u015bno, Lecz dzi\u015b powiemy z rado\u015bci\u0105- Dzi\u0119kujemy Wam, Drodzy Nauczyciele i Wszyscy Pracownicy Naszej Szko\u0142y Za trud, za wsparcie, za cierpliwo\u015b\u0107, za po\u015bwi\u0119cony nam czas. Za to, \u017ce wierzycie w nasze si\u0142y, za pasj\u0119, serce i ciep\u0142e spojrzenie- Przyjmijcie dzi\u015b nasze podzi\u0119kowanie!\u2698\ufe0f<\/p>\n","protected":false},"author":2,"featured_media":0,"parent":5983,"menu_order":0,"comment_status":"closed","ping_status":"closed","template":"","meta":{"ngg_post_thumbnail":0,"footnotes":""},"class_list":["post-29331","page","type-page","status-publish","hentry"],"_links":{"self":[{"href":"https:\/\/sp1hrubieszow.pl\/index.php\/wp-json\/wp\/v2\/pages\/29331","targetHints":{"allow":["GET"]}}],"collection":[{"href":"https:\/\/sp1hrubieszow.pl\/index.php\/wp-json\/wp\/v2\/pages"}],"about":[{"href":"https:\/\/sp1hrubieszow.pl\/index.php\/wp-json\/wp\/v2\/types\/page"}],"author":[{"embeddable":true,"href":"https:\/\/sp1hrubieszow.pl\/index.php\/wp-json\/wp\/v2\/users\/2"}],"replies":[{"embeddable":true,"href":"https:\/\/sp1hrubieszow.pl\/index.php\/wp-json\/wp\/v2\/comments?post=29331"}],"version-history":[{"count":1,"href":"https:\/\/sp1hrubieszow.pl\/index.php\/wp-json\/wp\/v2\/pages\/29331\/revisions"}],"predecessor-version":[{"id":29332,"href":"https:\/\/sp1hrubieszow.pl\/index.php\/wp-json\/wp\/v2\/pages\/29331\/revisions\/29332"}],"up":[{"embeddable":true,"href":"https:\/\/sp1hrubieszow.pl\/index.php\/wp-json\/wp\/v2\/pages\/5983"}],"wp:attachment":[{"href":"https:\/\/sp1hrubieszow.pl\/index.php\/wp-json\/wp\/v2\/media?parent=29331"}],"curies":[{"name":"wp","href":"https:\/\/api.w.org\/{rel}","templated":true}]}}