{"id":29265,"date":"2025-10-11T20:17:46","date_gmt":"2025-10-11T18:17:46","guid":{"rendered":"https:\/\/sp1hrubieszow.pl\/?page_id=29265"},"modified":"2025-10-11T20:18:14","modified_gmt":"2025-10-11T18:18:14","slug":"dab-aleksander","status":"publish","type":"page","link":"https:\/\/sp1hrubieszow.pl\/index.php\/kronika-2020-2021\/dab-aleksander\/","title":{"rendered":"D\u0105b Aleksander"},"content":{"rendered":"\n<p><span style=\"color: #000080;\">W pa\u017adzierniku&nbsp; uczniowie z klasy 3a, w obecno\u015bci dyrektora szko\u0142y E.Kucharskiej i Pana Marka Lackowskiego dokonali zasadzenia d\u0119bu, otrzymanego w prezencie z okazji Jubileuszu 60 lecia szko\u0142y od Pana Marka Pozna\u0144skiego, absolwenta Jedynki, Etatowego Radnego Rady Powiatu Hrubiesz\u00f3w. Tym razem uczniowie nazwali D\u0105b imieniem: Aleksander. Niech ro\u015bnie razem z nami&#8230;<\/span><\/p>\nngg_shortcode_0_placeholder\n\n\n","protected":false},"excerpt":{"rendered":"<p>W pa\u017adzierniku&nbsp; uczniowie z klasy 3a, w obecno\u015bci dyrektora szko\u0142y E.Kucharskiej i Pana Marka Lackowskiego dokonali zasadzenia d\u0119bu, otrzymanego w prezencie z okazji Jubileuszu 60 lecia szko\u0142y od Pana Marka Pozna\u0144skiego, absolwenta Jedynki, Etatowego Radnego Rady Powiatu Hrubiesz\u00f3w. Tym razem uczniowie nazwali D\u0105b imieniem: Aleksander. Niech ro\u015bnie razem z nami&#8230;<\/p>\n","protected":false},"author":2,"featured_media":0,"parent":5983,"menu_order":0,"comment_status":"closed","ping_status":"closed","template":"","meta":{"ngg_post_thumbnail":0,"footnotes":""},"class_list":["post-29265","page","type-page","status-publish","hentry"],"_links":{"self":[{"href":"https:\/\/sp1hrubieszow.pl\/index.php\/wp-json\/wp\/v2\/pages\/29265","targetHints":{"allow":["GET"]}}],"collection":[{"href":"https:\/\/sp1hrubieszow.pl\/index.php\/wp-json\/wp\/v2\/pages"}],"about":[{"href":"https:\/\/sp1hrubieszow.pl\/index.php\/wp-json\/wp\/v2\/types\/page"}],"author":[{"embeddable":true,"href":"https:\/\/sp1hrubieszow.pl\/index.php\/wp-json\/wp\/v2\/users\/2"}],"replies":[{"embeddable":true,"href":"https:\/\/sp1hrubieszow.pl\/index.php\/wp-json\/wp\/v2\/comments?post=29265"}],"version-history":[{"count":1,"href":"https:\/\/sp1hrubieszow.pl\/index.php\/wp-json\/wp\/v2\/pages\/29265\/revisions"}],"predecessor-version":[{"id":29266,"href":"https:\/\/sp1hrubieszow.pl\/index.php\/wp-json\/wp\/v2\/pages\/29265\/revisions\/29266"}],"up":[{"embeddable":true,"href":"https:\/\/sp1hrubieszow.pl\/index.php\/wp-json\/wp\/v2\/pages\/5983"}],"wp:attachment":[{"href":"https:\/\/sp1hrubieszow.pl\/index.php\/wp-json\/wp\/v2\/media?parent=29265"}],"curies":[{"name":"wp","href":"https:\/\/api.w.org\/{rel}","templated":true}]}}