{"id":29244,"date":"2025-10-11T19:58:03","date_gmt":"2025-10-11T17:58:03","guid":{"rendered":"https:\/\/sp1hrubieszow.pl\/?page_id=29244"},"modified":"2025-10-11T19:59:03","modified_gmt":"2025-10-11T17:59:03","slug":"szkola-myslenia-pozytywnego-2-0-zadanie-certyfikacyjne-na-miesiac-wrzesien-2025r-temat-przewodni-czas-dla-siebie-czas-na-nauke","status":"publish","type":"page","link":"https:\/\/sp1hrubieszow.pl\/index.php\/kronika-2020-2021\/szkola-myslenia-pozytywnego-2-0-zadanie-certyfikacyjne-na-miesiac-wrzesien-2025r-temat-przewodni-czas-dla-siebie-czas-na-nauke\/","title":{"rendered":"Szko\u0142a My\u015blenia Pozytywnego 2.0. Zadanie certyfikacyjne na miesi\u0105c wrzesie\u0144 2025r. Temat przewodni: Czas dla siebie, czas na nauk\u0119"},"content":{"rendered":"\n<div class=\"x14z9mp xat24cr x1lziwak x1vvkbs xtlvy1s x126k92a\">\n<div dir=\"auto\"><span style=\"color: #000080;\">Wrzesie\u0144, to czas rozpoczynania nowych wyzwa\u0144 i odnajdywania si\u0119 w rytmie szko\u0142y. Dla uczni\u00f3w, rodzic\u00f3w i nauczycieli, jest to moment, w kt\u00f3rym szczeg\u00f3lnie potrzebne staje si\u0119 znalezienie r\u00f3wnowagi pomi\u0119dzy czasem na nauk\u0119 a czasem dla siebie.<\/span><\/div>\n<div dir=\"auto\"><span style=\"color: #000080;\">W tym miesi\u0105cu podczas zaj\u0119\u0107 wsp\u00f3lnie analizowali\u015bmy, jak organizacja dnia wp\u0142ywa na poczucie spokoju, koncentracji i dobrego samopoczucia. Podejmowali\u015bmy rozmow\u0119 na temat:<\/span><\/div>\n<div dir=\"auto\"><span style=\"color: #000080;\">-czym jest czas dla siebie i dlaczego jest wa\u017cny,<\/span><\/div>\n<div dir=\"auto\"><span style=\"color: #000080;\">&#8211; jak planowa\u0107 czas na nauk\u0119, by by\u0142 efektywny i nie zabiera\u0142<\/span><\/div>\n<div dir=\"auto\"><span style=\"color: #000080;\">przestrzeni na odpoczynek,<\/span><\/div>\n<div dir=\"auto\"><span style=\"color: #000080;\">-w jaki spos\u00f3b uwa\u017cno\u015b\u0107 pomaga zauwa\u017ca\u0107 w\u0142asne potrzeby<\/span><\/div>\n<div dir=\"auto\"><span style=\"color: #000080;\">i sygna\u0142y p\u0142yn\u0105ce z cia\u0142a i umys\u0142u.<\/span><\/div>\n<div dir=\"auto\"><span style=\"color: #000080;\">Dzi\u0119ki pi\u0119knym klockom lego, przes\u0142anym przez <span class=\"html-span xdj266r x14z9mp xat24cr x1lziwak xexx8yu xyri2b x18d9i69 x1c1uobl x1hl2dhg x16tdsg8 x1vvkbs\"><a class=\"x1i10hfl xjbqb8w x1ejq31n x18oe1m7 x1sy0etr xstzfhl x972fbf x10w94by x1qhh985 x14e42zd x9f619 x1ypdohk xt0psk2 x3ct3a4 xdj266r x14z9mp xat24cr x1lziwak xexx8yu xyri2b x18d9i69 x1c1uobl x16tdsg8 x1hl2dhg xggy1nq x1a2a7pz xkrqix3 x1sur9pj x1fey0fg x1s688f\" style=\"color: #000080;\" tabindex=\"0\" role=\"link\" href=\"https:\/\/www.facebook.com\/instytutep?__cft__[0]=AZXnDc1Y9owsZym1Gc1QH20T2NZUuISI7j_olFdjil20D0TF00s9JF9w61KpfG5rnb1FVHLKpuolS_wbhgj_lP5aU06PvSx2vT1jQ0OtQzNNXLrStVNpVqAf_5j8SjadOeGpqPvEJA3RCtfYT7tXjj9aWcCpNRqnUC6xi6eTod0iGy82KQDg1jVJF1MUJ9z7Kf0&amp;__tn__=-]K-R\"><span class=\"xt0psk2\"><span class=\"xjp7ctv\">Instytut Edukacji Pozytywnej<\/span><\/span><\/a><\/span> mogli\u015bmy wykonywa\u0107 ciekawe zadania, kt\u00f3re rozwijaj\u0105 kreatywno\u015b\u0107 i wsp\u00f3\u0142prac\u0119 w grupie.<\/span><\/div>\n<div dir=\"auto\"><span style=\"color: #000080;\">W zadanie wrze\u015bniowe w spos\u00f3b szczeg\u00f3lny zaanga\u017cowa\u0142y si\u0119 klasy\/grupy:<\/span><\/div>\n<div dir=\"auto\"><span style=\"color: #000080;\">Klasa 1b, wych. p. Renata Pacza\u0142a<\/span><\/div>\n<div dir=\"auto\"><span style=\"color: #000080;\">Klasa 2a, wych. p. Ma\u0142gorzata Serafin<\/span><\/div>\n<div dir=\"auto\"><span style=\"color: #000080;\">Klasa 2c, wych. p. Joanna Sawicka<\/span><\/div>\n<div dir=\"auto\"><span style=\"color: #000080;\">Klasa 3a, wych. p. Katarzyna Sztuk i p. Anna Lewandowska<\/span><\/div>\n<div dir=\"auto\"><span style=\"color: #000080;\">Klasa 6a, wych. p. Monika Anigacz<\/span><\/div>\n<div dir=\"auto\"><span style=\"color: #000080;\">Grupy \u015bwietlicowe: p. Paulina Seweryn<\/span><\/div>\n<div dir=\"auto\"><span style=\"color: #000080;\">Grupy terapeutyczne: p. Marta Kuczy\u0144ska<\/span><\/div>\n<\/div>\n<div class=\"x14z9mp xat24cr x1lziwak x1vvkbs xtlvy1s x126k92a\">\n<div dir=\"auto\"><span style=\"color: #000080;\">Przed nami zadanie na miesi\u0105c pa\u017adziernik. Zapraszamy wszystkich do w\u0142\u0105czenia si\u0119 w nasze pozytywne dzia\u0142ania<span class=\"html-span xexx8yu xyri2b x18d9i69 x1c1uobl x1hl2dhg x16tdsg8 x1vvkbs x3nfvp2 x1j61x8r x1fcty0u xdj266r xat24cr xm2jcoa x1mpyi22 xxymvpz xlup9mm x1kky2od\"><img loading=\"lazy\" decoding=\"async\" class=\"xz74otr x15mokao x1ga7v0g x16uus16 xbiv7yw\" src=\"https:\/\/static.xx.fbcdn.net\/images\/emoji.php\/v9\/t4c\/1\/16\/1f642.png\" alt=\"\ud83d\ude42\" width=\"16\" height=\"16\"><\/span><\/span><\/div>\n<div dir=\"auto\">\nngg_shortcode_0_placeholder\n<\/div>\n<\/div>\n","protected":false},"excerpt":{"rendered":"<p>Wrzesie\u0144, to czas rozpoczynania nowych wyzwa\u0144 i odnajdywania si\u0119 w rytmie szko\u0142y. Dla uczni\u00f3w, rodzic\u00f3w i nauczycieli, jest to moment, w kt\u00f3rym szczeg\u00f3lnie potrzebne staje si\u0119 znalezienie r\u00f3wnowagi pomi\u0119dzy czasem na nauk\u0119 a czasem dla siebie. W tym miesi\u0105cu podczas zaj\u0119\u0107 wsp\u00f3lnie analizowali\u015bmy, jak organizacja dnia wp\u0142ywa na poczucie spokoju, koncentracji i dobrego samopoczucia. Podejmowali\u015bmy [&hellip;]<\/p>\n","protected":false},"author":2,"featured_media":0,"parent":5983,"menu_order":0,"comment_status":"closed","ping_status":"closed","template":"","meta":{"ngg_post_thumbnail":0,"footnotes":""},"class_list":["post-29244","page","type-page","status-publish","hentry"],"_links":{"self":[{"href":"https:\/\/sp1hrubieszow.pl\/index.php\/wp-json\/wp\/v2\/pages\/29244","targetHints":{"allow":["GET"]}}],"collection":[{"href":"https:\/\/sp1hrubieszow.pl\/index.php\/wp-json\/wp\/v2\/pages"}],"about":[{"href":"https:\/\/sp1hrubieszow.pl\/index.php\/wp-json\/wp\/v2\/types\/page"}],"author":[{"embeddable":true,"href":"https:\/\/sp1hrubieszow.pl\/index.php\/wp-json\/wp\/v2\/users\/2"}],"replies":[{"embeddable":true,"href":"https:\/\/sp1hrubieszow.pl\/index.php\/wp-json\/wp\/v2\/comments?post=29244"}],"version-history":[{"count":1,"href":"https:\/\/sp1hrubieszow.pl\/index.php\/wp-json\/wp\/v2\/pages\/29244\/revisions"}],"predecessor-version":[{"id":29245,"href":"https:\/\/sp1hrubieszow.pl\/index.php\/wp-json\/wp\/v2\/pages\/29244\/revisions\/29245"}],"up":[{"embeddable":true,"href":"https:\/\/sp1hrubieszow.pl\/index.php\/wp-json\/wp\/v2\/pages\/5983"}],"wp:attachment":[{"href":"https:\/\/sp1hrubieszow.pl\/index.php\/wp-json\/wp\/v2\/media?parent=29244"}],"curies":[{"name":"wp","href":"https:\/\/api.w.org\/{rel}","templated":true}]}}