{"id":29210,"date":"2025-10-07T18:58:02","date_gmt":"2025-10-07T16:58:02","guid":{"rendered":"https:\/\/sp1hrubieszow.pl\/?page_id=29210"},"modified":"2025-10-07T18:58:19","modified_gmt":"2025-10-07T16:58:19","slug":"chelmskie-podziemia-kredowe","status":"publish","type":"page","link":"https:\/\/sp1hrubieszow.pl\/index.php\/kronika-2020-2021\/chelmskie-podziemia-kredowe\/","title":{"rendered":"Che\u0142mskie Podziemia Kredowe"},"content":{"rendered":"\n<p><span style=\"color: #000080;\">W dniu 06.10. 2025r. uczniowie klasy III c wraz z wychowawcami wybrali si\u0119 na wycieczk\u0119 do Che\u0142ma. G\u0142\u00f3wnym punktem programu by\u0142o zwiedzanie Che\u0142mskich Podziemi Kredowych \u2013 wyj\u0105tkowego labiryntu korytarzy wykutych w kredzie pod miastem. Dzieci z wielkim zainteresowaniem s\u0142ucha\u0142y opowie\u015bci przewodnika, poznaj\u0105c histori\u0119 wydobycia kredy oraz legend\u0119 o Duchu Bieluchu, kt\u00f3ry wed\u0142ug poda\u0144 strze\u017ce podziemi. Spacer podziemnymi tunelami by\u0142 nie tylko ciekawy, ale te\u017c pe\u0142en emocji i \u015bmiechu! Po zako\u0144czeniu zwiedzania uczestnicy wycieczki udali si\u0119 do McDonald\u2019sa, gdzie czeka\u0142 na nich ma\u0142y posi\u0142ek i chwila odpoczynku. <span class=\"html-span xexx8yu xyri2b x18d9i69 x1c1uobl x1hl2dhg x16tdsg8 x1vvkbs x3nfvp2 x1j61x8r x1fcty0u xdj266r xat24cr xm2jcoa x1mpyi22 xxymvpz xlup9mm x1kky2od\"><img loading=\"lazy\" decoding=\"async\" class=\"xz74otr x15mokao x1ga7v0g x16uus16 xbiv7yw\" src=\"https:\/\/static.xx.fbcdn.net\/images\/emoji.php\/v9\/t5c\/1\/16\/1f35f.png\" alt=\"\ud83c\udf5f\" width=\"16\" height=\"16\"><\/span><span class=\"html-span xexx8yu xyri2b x18d9i69 x1c1uobl x1hl2dhg x16tdsg8 x1vvkbs x3nfvp2 x1j61x8r x1fcty0u xdj266r xat24cr xm2jcoa x1mpyi22 xxymvpz xlup9mm x1kky2od\"><img loading=\"lazy\" decoding=\"async\" class=\"xz74otr x15mokao x1ga7v0g x16uus16 xbiv7yw\" src=\"https:\/\/static.xx.fbcdn.net\/images\/emoji.php\/v9\/t2a\/1\/16\/1f354.png\" alt=\"\ud83c\udf54\" width=\"16\" height=\"16\"><\/span> <\/span><\/p>\n<p><span style=\"color: #000080;\">Wycieczka by\u0142a pe\u0142na wra\u017ce\u0144, a dzieci wr\u00f3ci\u0142y do szko\u0142y zadowolone, u\u015bmiechni\u0119te i bogatsze o now\u0105 wiedz\u0119 oraz wspomnienia.<\/span><\/p>\n<p style=\"text-align: right;\"><span style=\"color: #000080;\">Marta Rutkowska<\/span><\/p>\nngg_shortcode_0_placeholder\n","protected":false},"excerpt":{"rendered":"<p>W dniu 06.10. 2025r. uczniowie klasy III c wraz z wychowawcami wybrali si\u0119 na wycieczk\u0119 do Che\u0142ma. G\u0142\u00f3wnym punktem programu by\u0142o zwiedzanie Che\u0142mskich Podziemi Kredowych \u2013 wyj\u0105tkowego labiryntu korytarzy wykutych w kredzie pod miastem. Dzieci z wielkim zainteresowaniem s\u0142ucha\u0142y opowie\u015bci przewodnika, poznaj\u0105c histori\u0119 wydobycia kredy oraz legend\u0119 o Duchu Bieluchu, kt\u00f3ry wed\u0142ug poda\u0144 strze\u017ce podziemi. [&hellip;]<\/p>\n","protected":false},"author":2,"featured_media":0,"parent":5983,"menu_order":0,"comment_status":"closed","ping_status":"closed","template":"","meta":{"ngg_post_thumbnail":0,"footnotes":""},"class_list":["post-29210","page","type-page","status-publish","hentry"],"_links":{"self":[{"href":"https:\/\/sp1hrubieszow.pl\/index.php\/wp-json\/wp\/v2\/pages\/29210","targetHints":{"allow":["GET"]}}],"collection":[{"href":"https:\/\/sp1hrubieszow.pl\/index.php\/wp-json\/wp\/v2\/pages"}],"about":[{"href":"https:\/\/sp1hrubieszow.pl\/index.php\/wp-json\/wp\/v2\/types\/page"}],"author":[{"embeddable":true,"href":"https:\/\/sp1hrubieszow.pl\/index.php\/wp-json\/wp\/v2\/users\/2"}],"replies":[{"embeddable":true,"href":"https:\/\/sp1hrubieszow.pl\/index.php\/wp-json\/wp\/v2\/comments?post=29210"}],"version-history":[{"count":1,"href":"https:\/\/sp1hrubieszow.pl\/index.php\/wp-json\/wp\/v2\/pages\/29210\/revisions"}],"predecessor-version":[{"id":29211,"href":"https:\/\/sp1hrubieszow.pl\/index.php\/wp-json\/wp\/v2\/pages\/29210\/revisions\/29211"}],"up":[{"embeddable":true,"href":"https:\/\/sp1hrubieszow.pl\/index.php\/wp-json\/wp\/v2\/pages\/5983"}],"wp:attachment":[{"href":"https:\/\/sp1hrubieszow.pl\/index.php\/wp-json\/wp\/v2\/media?parent=29210"}],"curies":[{"name":"wp","href":"https:\/\/api.w.org\/{rel}","templated":true}]}}