{"id":29196,"date":"2025-10-07T18:43:56","date_gmt":"2025-10-07T16:43:56","guid":{"rendered":"https:\/\/sp1hrubieszow.pl\/?page_id=29196"},"modified":"2025-10-07T18:45:24","modified_gmt":"2025-10-07T16:45:24","slug":"wybory-do-malego-samorzadu-uczniowskiego-klas-1-3","status":"publish","type":"page","link":"https:\/\/sp1hrubieszow.pl\/index.php\/kronika-2020-2021\/wybory-do-malego-samorzadu-uczniowskiego-klas-1-3\/","title":{"rendered":"Wybory do Ma\u0142ego Samorz\u0105du Uczniowskiego klas 1\u20133"},"content":{"rendered":"\n<p style=\"text-align: left;\"><span style=\"color: #000080;\">W dniu 03.10. 2025 r. w naszej szkole odby\u0142y si\u0119 wybory do Ma\u0142ego Samorz\u0105du Uczniowskiego. W g\u0142osowaniu brali udzia\u0142 uczniowie klas 2-3, kt\u00f3rzy z du\u017cym zaanga\u017cowaniem wybierali swoich przedstawicieli.<\/span><br><span style=\"color: #000080;\">Po podliczeniu g\u0142os\u00f3w wybrano nowy sk\u0142ad Ma\u0142ego Samorz\u0105du:<\/span><br><br><span style=\"color: #000080;\"><span class=\"x1xsqp64 xiy17q3 x1o6pynw x19co3pv xdj266r xjn30re xat24cr x1hb08if x2b8uid\" data-testid=\"emoji\"><span class=\"xexx8yu xcaqkgz x18d9i69 xbwkkl7 x3jgonx x1bhl96m\">\ud83c\udf89<\/span><\/span> Przewodnicz\u0105ca: Julia Bogucka z klasy 3b<\/span><br><span style=\"color: #000080;\"><span class=\"x1xsqp64 xiy17q3 x1o6pynw x19co3pv xdj266r xjn30re xat24cr x1hb08if x2b8uid\" data-testid=\"emoji\"><span class=\"xexx8yu xcaqkgz x18d9i69 xbwkkl7 x3jgonx x1bhl96m\">\ud83c\udf89<\/span><\/span> Cz\u0142onkowie Samorz\u0105du: <\/span><br><span style=\"color: #000080;\">Emilia Wysocka kl. 2a<\/span><br><span style=\"color: #000080;\">Hanna Teterycz kl. 2a<\/span><br><span style=\"color: #000080;\">Hanna Jasi\u0144ska kl. 2b<\/span><br><span style=\"color: #000080;\">Hanna Brz\u00f3ska kl. 2b<\/span><br><span style=\"color: #000080;\">Hanna Stecko kl. 2c<\/span><br><span style=\"color: #000080;\">Maja S\u0142oniec kl. 2c<\/span><br><span style=\"color: #000080;\">Pola Tor kl. 3a<\/span><br><span style=\"color: #000080;\">Patrycja Pawlos kl. 3a<\/span><br><span style=\"color: #000080;\">Eryk Kr\u00f3l kl. 3b<\/span><br><span style=\"color: #000080;\">Aleksandra Mielniczuk kl. 3c<\/span><br><span style=\"color: #000080;\">Micha\u0142 Zaj\u0105c kl. 3c<\/span><br><span style=\"color: #000080;\">Nowym przedstawicielom gratulujemy i \u017cyczymy wielu wspania\u0142ych dzia\u0142a\u0144!<\/span><br><span style=\"color: #000080;\">Dzi\u0119kujemy wszystkim kandydatom za udzia\u0142, a uczniom \u2013 za oddane g\u0142osy.<\/span><br><br><span style=\"color: #000080;\">To by\u0142a prawdziwa lekcja demokracji w m\u0142odszych klasach! <span class=\"x1xsqp64 xiy17q3 x1o6pynw x19co3pv xdj266r xjn30re xat24cr x1hb08if x2b8uid\" data-testid=\"emoji\"><span class=\"xexx8yu xcaqkgz x18d9i69 xbwkkl7 x3jgonx x1bhl96m\">\ud83d\uddf3\ufe0f<\/span><\/span><span class=\"x1xsqp64 xiy17q3 x1o6pynw x19co3pv xdj266r xjn30re xat24cr x1hb08if x2b8uid\" data-testid=\"emoji\"><span class=\"xexx8yu xcaqkgz x18d9i69 xbwkkl7 x3jgonx x1bhl96m\">\ud83d\ude0a<\/span><\/span><\/span><\/p>\n<p style=\"text-align: right;\"><br><span style=\"color: #000080;\">Marta Rutkowska<\/span><\/p>\nngg_shortcode_0_placeholder\n\n\n","protected":false},"excerpt":{"rendered":"<p>W dniu 03.10. 2025 r. w naszej szkole odby\u0142y si\u0119 wybory do Ma\u0142ego Samorz\u0105du Uczniowskiego. W g\u0142osowaniu brali udzia\u0142 uczniowie klas 2-3, kt\u00f3rzy z du\u017cym zaanga\u017cowaniem wybierali swoich przedstawicieli.Po podliczeniu g\u0142os\u00f3w wybrano nowy sk\u0142ad Ma\u0142ego Samorz\u0105du: \ud83c\udf89 Przewodnicz\u0105ca: Julia Bogucka z klasy 3b\ud83c\udf89 Cz\u0142onkowie Samorz\u0105du: Emilia Wysocka kl. 2aHanna Teterycz kl. 2aHanna Jasi\u0144ska kl. 2bHanna [&hellip;]<\/p>\n","protected":false},"author":2,"featured_media":0,"parent":5983,"menu_order":0,"comment_status":"closed","ping_status":"closed","template":"","meta":{"ngg_post_thumbnail":0,"footnotes":""},"class_list":["post-29196","page","type-page","status-publish","hentry"],"_links":{"self":[{"href":"https:\/\/sp1hrubieszow.pl\/index.php\/wp-json\/wp\/v2\/pages\/29196","targetHints":{"allow":["GET"]}}],"collection":[{"href":"https:\/\/sp1hrubieszow.pl\/index.php\/wp-json\/wp\/v2\/pages"}],"about":[{"href":"https:\/\/sp1hrubieszow.pl\/index.php\/wp-json\/wp\/v2\/types\/page"}],"author":[{"embeddable":true,"href":"https:\/\/sp1hrubieszow.pl\/index.php\/wp-json\/wp\/v2\/users\/2"}],"replies":[{"embeddable":true,"href":"https:\/\/sp1hrubieszow.pl\/index.php\/wp-json\/wp\/v2\/comments?post=29196"}],"version-history":[{"count":1,"href":"https:\/\/sp1hrubieszow.pl\/index.php\/wp-json\/wp\/v2\/pages\/29196\/revisions"}],"predecessor-version":[{"id":29197,"href":"https:\/\/sp1hrubieszow.pl\/index.php\/wp-json\/wp\/v2\/pages\/29196\/revisions\/29197"}],"up":[{"embeddable":true,"href":"https:\/\/sp1hrubieszow.pl\/index.php\/wp-json\/wp\/v2\/pages\/5983"}],"wp:attachment":[{"href":"https:\/\/sp1hrubieszow.pl\/index.php\/wp-json\/wp\/v2\/media?parent=29196"}],"curies":[{"name":"wp","href":"https:\/\/api.w.org\/{rel}","templated":true}]}}