{"id":29188,"date":"2025-10-07T17:11:40","date_gmt":"2025-10-07T15:11:40","guid":{"rendered":"https:\/\/sp1hrubieszow.pl\/?page_id=29188"},"modified":"2025-10-07T17:12:16","modified_gmt":"2025-10-07T15:12:16","slug":"pozegnanie","status":"publish","type":"page","link":"https:\/\/sp1hrubieszow.pl\/index.php\/kronika-2020-2021\/pozegnanie\/","title":{"rendered":"Po\u017cegnanie"},"content":{"rendered":"\n<p><img loading=\"lazy\" decoding=\"async\" class=\"alignnone size-medium wp-image-29187 aligncenter\" src=\"https:\/\/sp1hrubieszow.pl\/wp-content\/uploads\/2025\/10\/roza-300x168.jpg\" alt=\"\" width=\"300\" height=\"168\" srcset=\"https:\/\/sp1hrubieszow.pl\/wp-content\/uploads\/2025\/10\/roza-300x168.jpg 300w, https:\/\/sp1hrubieszow.pl\/wp-content\/uploads\/2025\/10\/roza-624x350.jpg 624w, https:\/\/sp1hrubieszow.pl\/wp-content\/uploads\/2025\/10\/roza.jpg 626w\" sizes=\"auto, (max-width: 300px) 100vw, 300px\" \/><\/p>\n<div class=\"xdj266r x14z9mp xat24cr x1lziwak x1vvkbs x126k92a\">\n<div dir=\"auto\" style=\"text-align: right;\"><strong>&#8222;Odesz\u0142a\u015b cicho, bez s\u0142\u00f3w po\u017cegnania.<\/strong><\/div>\n<\/div>\n<div class=\"x14z9mp xat24cr x1lziwak x1vvkbs xtlvy1s x126k92a\" style=\"text-align: right;\">\n<div dir=\"auto\"><strong>(&#8230;)jakby\u015b nie chcia\u0142a, swym odej\u015bciem smuci\u0107&#8230;<\/strong><\/div>\n<\/div>\n<div class=\"x14z9mp xat24cr x1lziwak x1vvkbs xtlvy1s x126k92a\" style=\"text-align: right;\">\n<div dir=\"auto\"><strong>(&#8230;)jakby\u015b wierzy\u0142a w godzin\u0119 rozstania,<\/strong><\/div>\n<\/div>\n<div class=\"x14z9mp xat24cr x1lziwak x1vvkbs xtlvy1s x126k92a\" style=\"text-align: right;\">\n<div dir=\"auto\"><strong>\u017ce masz niebawem z dobr\u0105 wie\u015bci\u0105 wr\u00f3ci\u0107&#8221;<\/strong><\/div>\n<\/div>\n<div class=\"x14z9mp xat24cr x1lziwak x1vvkbs xtlvy1s x126k92a\">\n<div dir=\"auto\" style=\"text-align: right;\"><strong>Ks. J. Twardowski<\/strong><\/div>\n<div dir=\"auto\">&nbsp;<\/div>\n<\/div>\n<div class=\"x14z9mp xat24cr x1lziwak x1vvkbs xtlvy1s x126k92a\">\n<div dir=\"auto\"><strong>Z g\u0142\u0119bokim \u017calem zawiadamiamy, \u017ce w wieku 84 lat zmar\u0142a \u015bp. Pani J\u00f3zefa Iwanicka emerytowana nauczycielka j\u0119zyka polskiego oraz wieloletni opiekun dru\u017cyn harcerskich, kt\u00f3rej ca\u0142e \u017cycie zawodowe zwi\u0105zane by\u0142o ze Szko\u0142\u0105 Podstawow\u0105 Nr 1 w Hrubieszowie.<\/strong><\/div>\n<\/div>\n<div class=\"x14z9mp xat24cr x1lziwak x1vvkbs xtlvy1s x126k92a\">\n<div dir=\"auto\"><strong>\u017begnamy wspania\u0142ego cz\u0142owieka, Pani\u0105 J\u00f3zef\u0119, kt\u00f3ra \u017cy\u0142a i pracowa\u0142a w\u015br\u00f3d nas i z nami. Pozostanie na zawsze w pami\u0119ci przyjaci\u00f3\u0142 , wdzi\u0119cznych uczni\u00f3w, rodzic\u00f3w i nauczycieli.<\/strong><\/div>\n<div dir=\"auto\">&nbsp;<\/div>\n<\/div>\n<div class=\"x14z9mp xat24cr x1lziwak x1vvkbs xtlvy1s x126k92a\">\n<div dir=\"auto\"><strong>Uroczysto\u015bci pogrzebowe odb\u0119d\u0105 si\u0119 13.10. 2025r.<\/strong><\/div>\n<div dir=\"auto\"><strong>Masza \u015awi\u0119ta godzina 14.00 w Ko\u015bciele pw. Ducha \u015awi\u0119tego w Hrubieszowie.<\/strong><\/div>\n<div dir=\"auto\">&nbsp;<\/div>\n<\/div>\n<div class=\"x14z9mp xat24cr x1lziwak x1vvkbs xtlvy1s x126k92a\">\n<div dir=\"auto\" style=\"text-align: right;\"><strong>Pogr\u0105\u017ceni w g\u0142\u0119bokim smutku &#8211; dyrekcja, nauczyciele, pracownicy obs\u0142ugi i administracji Szko\u0142y Podstawowej Nr 1 w Hrubieszowie<\/strong><\/div>\n<\/div>\n\n\n","protected":false},"excerpt":{"rendered":"<p>&#8222;Odesz\u0142a\u015b cicho, bez s\u0142\u00f3w po\u017cegnania. (&#8230;)jakby\u015b nie chcia\u0142a, swym odej\u015bciem smuci\u0107&#8230; (&#8230;)jakby\u015b wierzy\u0142a w godzin\u0119 rozstania, \u017ce masz niebawem z dobr\u0105 wie\u015bci\u0105 wr\u00f3ci\u0107&#8221; Ks. J. Twardowski &nbsp; Z g\u0142\u0119bokim \u017calem zawiadamiamy, \u017ce w wieku 84 lat zmar\u0142a \u015bp. Pani J\u00f3zefa Iwanicka emerytowana nauczycielka j\u0119zyka polskiego oraz wieloletni opiekun dru\u017cyn harcerskich, kt\u00f3rej ca\u0142e \u017cycie zawodowe zwi\u0105zane [&hellip;]<\/p>\n","protected":false},"author":2,"featured_media":0,"parent":5983,"menu_order":0,"comment_status":"closed","ping_status":"closed","template":"","meta":{"ngg_post_thumbnail":0,"footnotes":""},"class_list":["post-29188","page","type-page","status-publish","hentry"],"_links":{"self":[{"href":"https:\/\/sp1hrubieszow.pl\/index.php\/wp-json\/wp\/v2\/pages\/29188","targetHints":{"allow":["GET"]}}],"collection":[{"href":"https:\/\/sp1hrubieszow.pl\/index.php\/wp-json\/wp\/v2\/pages"}],"about":[{"href":"https:\/\/sp1hrubieszow.pl\/index.php\/wp-json\/wp\/v2\/types\/page"}],"author":[{"embeddable":true,"href":"https:\/\/sp1hrubieszow.pl\/index.php\/wp-json\/wp\/v2\/users\/2"}],"replies":[{"embeddable":true,"href":"https:\/\/sp1hrubieszow.pl\/index.php\/wp-json\/wp\/v2\/comments?post=29188"}],"version-history":[{"count":1,"href":"https:\/\/sp1hrubieszow.pl\/index.php\/wp-json\/wp\/v2\/pages\/29188\/revisions"}],"predecessor-version":[{"id":29189,"href":"https:\/\/sp1hrubieszow.pl\/index.php\/wp-json\/wp\/v2\/pages\/29188\/revisions\/29189"}],"up":[{"embeddable":true,"href":"https:\/\/sp1hrubieszow.pl\/index.php\/wp-json\/wp\/v2\/pages\/5983"}],"wp:attachment":[{"href":"https:\/\/sp1hrubieszow.pl\/index.php\/wp-json\/wp\/v2\/media?parent=29188"}],"curies":[{"name":"wp","href":"https:\/\/api.w.org\/{rel}","templated":true}]}}