{"id":29160,"date":"2025-09-25T18:18:06","date_gmt":"2025-09-25T16:18:06","guid":{"rendered":"https:\/\/sp1hrubieszow.pl\/?page_id=29160"},"modified":"2025-09-25T18:18:40","modified_gmt":"2025-09-25T16:18:40","slug":"warsztaty-loesje-2","status":"publish","type":"page","link":"https:\/\/sp1hrubieszow.pl\/index.php\/kronika-2020-2021\/warsztaty-loesje-2\/","title":{"rendered":"Warsztaty Loesje"},"content":{"rendered":"\n<div class=\"xdj266r x14z9mp xat24cr x1lziwak x1vvkbs x126k92a\">\n<div dir=\"auto\"><span style=\"color: #000080;\">Warsztaty Loesje nie s\u0105 typow\u0105 lekcj\u0105 pisania \u2013 to raczej laboratorium tw\u00f3rczej wolno\u015bci, gdzie liczy si\u0119 spontaniczno\u015b\u0107, zabawa i wsp\u00f3lne tworzenie. W\u0142a\u015bnie dzi\u0119ki tym warsztatom klasa 8c odkry\u0142a nowe sposoby patrzenia na \u015bwiat i nauczy\u0142a si\u0119, jak zamienia\u0107 obserwacje w kr\u00f3tkie, mocne komunikaty.<\/span><\/div>\n<div dir=\"auto\">&nbsp;<\/div>\n<\/div>\n<div class=\"x14z9mp xat24cr x1lziwak x1vvkbs xtlvy1s x126k92a\">\n<div dir=\"auto\" style=\"text-align: right;\"><span style=\"color: #000080;\">Monika Jako\u015b-W\u00f3r<\/span><\/div>\n<div dir=\"auto\">\nngg_shortcode_0_placeholder\n<\/div>\n<\/div>\n\n\n","protected":false},"excerpt":{"rendered":"<p>Warsztaty Loesje nie s\u0105 typow\u0105 lekcj\u0105 pisania \u2013 to raczej laboratorium tw\u00f3rczej wolno\u015bci, gdzie liczy si\u0119 spontaniczno\u015b\u0107, zabawa i wsp\u00f3lne tworzenie. W\u0142a\u015bnie dzi\u0119ki tym warsztatom klasa 8c odkry\u0142a nowe sposoby patrzenia na \u015bwiat i nauczy\u0142a si\u0119, jak zamienia\u0107 obserwacje w kr\u00f3tkie, mocne komunikaty. &nbsp; Monika Jako\u015b-W\u00f3r<\/p>\n","protected":false},"author":2,"featured_media":0,"parent":5983,"menu_order":0,"comment_status":"closed","ping_status":"closed","template":"","meta":{"ngg_post_thumbnail":0,"footnotes":""},"class_list":["post-29160","page","type-page","status-publish","hentry"],"_links":{"self":[{"href":"https:\/\/sp1hrubieszow.pl\/index.php\/wp-json\/wp\/v2\/pages\/29160","targetHints":{"allow":["GET"]}}],"collection":[{"href":"https:\/\/sp1hrubieszow.pl\/index.php\/wp-json\/wp\/v2\/pages"}],"about":[{"href":"https:\/\/sp1hrubieszow.pl\/index.php\/wp-json\/wp\/v2\/types\/page"}],"author":[{"embeddable":true,"href":"https:\/\/sp1hrubieszow.pl\/index.php\/wp-json\/wp\/v2\/users\/2"}],"replies":[{"embeddable":true,"href":"https:\/\/sp1hrubieszow.pl\/index.php\/wp-json\/wp\/v2\/comments?post=29160"}],"version-history":[{"count":1,"href":"https:\/\/sp1hrubieszow.pl\/index.php\/wp-json\/wp\/v2\/pages\/29160\/revisions"}],"predecessor-version":[{"id":29161,"href":"https:\/\/sp1hrubieszow.pl\/index.php\/wp-json\/wp\/v2\/pages\/29160\/revisions\/29161"}],"up":[{"embeddable":true,"href":"https:\/\/sp1hrubieszow.pl\/index.php\/wp-json\/wp\/v2\/pages\/5983"}],"wp:attachment":[{"href":"https:\/\/sp1hrubieszow.pl\/index.php\/wp-json\/wp\/v2\/media?parent=29160"}],"curies":[{"name":"wp","href":"https:\/\/api.w.org\/{rel}","templated":true}]}}