{"id":29107,"date":"2025-09-22T19:08:53","date_gmt":"2025-09-22T17:08:53","guid":{"rendered":"https:\/\/sp1hrubieszow.pl\/?page_id=29107"},"modified":"2025-09-22T21:02:14","modified_gmt":"2025-09-22T19:02:14","slug":"jubileusz-60-lecia-szkoly-podstawowej-nr-1-im-boleslawa-prusa-w-hrubieszowie","status":"publish","type":"page","link":"https:\/\/sp1hrubieszow.pl\/index.php\/kronika-2020-2021\/jubileusz-60-lecia-szkoly-podstawowej-nr-1-im-boleslawa-prusa-w-hrubieszowie\/","title":{"rendered":"Jubileusz 60-lecia Szko\u0142y Podstawowej nr 1 im. Boles\u0142awa Prusa w Hrubieszowie"},"content":{"rendered":"\n<div class=\"x14z9mp xat24cr x1lziwak x1vvkbs xtlvy1s x126k92a\">\n<div dir=\"auto\"><span style=\"color: #000080;\"><img loading=\"lazy\" decoding=\"async\" class=\"alignnone  wp-image-29113\" src=\"https:\/\/sp1hrubieszow.pl\/wp-content\/uploads\/2025\/09\/625-lecie-asd-granatowe-tlo-szary-napis-300x298.png\" alt=\"\" width=\"202\" height=\"201\" srcset=\"https:\/\/sp1hrubieszow.pl\/wp-content\/uploads\/2025\/09\/625-lecie-asd-granatowe-tlo-szary-napis-300x298.png 300w, https:\/\/sp1hrubieszow.pl\/wp-content\/uploads\/2025\/09\/625-lecie-asd-granatowe-tlo-szary-napis-1024x1016.png 1024w, https:\/\/sp1hrubieszow.pl\/wp-content\/uploads\/2025\/09\/625-lecie-asd-granatowe-tlo-szary-napis-768x762.png 768w, https:\/\/sp1hrubieszow.pl\/wp-content\/uploads\/2025\/09\/625-lecie-asd-granatowe-tlo-szary-napis-624x619.png 624w\" sizes=\"auto, (max-width: 202px) 100vw, 202px\" \/>&nbsp; <img loading=\"lazy\" decoding=\"async\" class=\"alignnone  wp-image-28802\" src=\"https:\/\/sp1hrubieszow.pl\/wp-content\/uploads\/2025\/08\/bp.jpg\" alt=\"\" width=\"202\" height=\"202\" srcset=\"https:\/\/sp1hrubieszow.pl\/wp-content\/uploads\/2025\/08\/bp.jpg 200w, https:\/\/sp1hrubieszow.pl\/wp-content\/uploads\/2025\/08\/bp-150x150.jpg 150w\" sizes=\"auto, (max-width: 202px) 100vw, 202px\" \/><img loading=\"lazy\" decoding=\"async\" class=\"alignnone size-medium wp-image-29125\" src=\"https:\/\/sp1hrubieszow.pl\/wp-content\/uploads\/2025\/09\/logo_patronat_honorowy-300x100.png\" alt=\"\" width=\"300\" height=\"100\" srcset=\"https:\/\/sp1hrubieszow.pl\/wp-content\/uploads\/2025\/09\/logo_patronat_honorowy-300x100.png 300w, https:\/\/sp1hrubieszow.pl\/wp-content\/uploads\/2025\/09\/logo_patronat_honorowy-1024x341.png 1024w, https:\/\/sp1hrubieszow.pl\/wp-content\/uploads\/2025\/09\/logo_patronat_honorowy-768x256.png 768w, https:\/\/sp1hrubieszow.pl\/wp-content\/uploads\/2025\/09\/logo_patronat_honorowy-624x208.png 624w, https:\/\/sp1hrubieszow.pl\/wp-content\/uploads\/2025\/09\/logo_patronat_honorowy.png 1200w\" sizes=\"auto, (max-width: 300px) 100vw, 300px\" \/><\/span><\/div>\n<div dir=\"auto\"><span style=\"color: #000080;\">19 wrze\u015bnia 2025 roku zapisa\u0142 si\u0119 z\u0142otymi zg\u0142oskami w dziejach naszej szko\u0142y. W tym dniu ca\u0142a spo\u0142eczno\u015b\u0107 Szko\u0142y Podstawowej nr 1 im. Boles\u0142awa Prusa w Hrubieszowie, wraz z licznie przyby\u0142ymi go\u015b\u0107mi, prze\u017cywa\u0142a wyj\u0105tkowe \u015bwi\u0119to \u2013 Jubileusz 60-lecia istnienia plac\u00f3wki.<\/span><\/div>\n<div dir=\"auto\">&nbsp;<\/div>\n<\/div>\n<div class=\"x14z9mp xat24cr x1lziwak x1vvkbs xtlvy1s x126k92a\">\n<div dir=\"auto\"><span style=\"color: #000080;\">Obchody rozpocz\u0119\u0142y si\u0119 uroczystym przemarszem uczni\u00f3w, nauczycieli, pracownik\u00f3w i rodzic\u00f3w do ko\u015bcio\u0142a pw. Ducha \u015awi\u0119tego, gdzie o godzinie 9.00 odprawiona zosta\u0142a Msza \u015awi\u0119ta w intencji szko\u0142y, jej za\u0142o\u017cycieli, pracownik\u00f3w, uczni\u00f3w oraz absolwent\u00f3w. Nabo\u017ce\u0144stwo, pe\u0142ne refleksji i wdzi\u0119czno\u015bci, sta\u0142o si\u0119 duchowym fundamentem ca\u0142ego Jubileuszu.<\/span><\/div>\n<div dir=\"auto\">&nbsp;<\/div>\n<\/div>\n<div class=\"x14z9mp xat24cr x1lziwak x1vvkbs xtlvy1s x126k92a\">\n<div dir=\"auto\"><span style=\"color: #000080;\">Po powrocie do szko\u0142y na wszystkich czeka\u0142a przepi\u0119knie udekorowana sala gimnastyczna, kt\u00f3ra sta\u0142a si\u0119 miejscem dalszych uroczysto\u015bci. By\u0142o to mo\u017cliwe dzi\u0119ki ogromnemu zaanga\u017cowaniu i zdolno\u015bciom artystycznym naszych pa\u0144 nauczycielek oraz ci\u0119\u017ckiej pracy Pana Andrzeja Sadowskiego i Pana Marka Lackowskiego, pracownik\u00f3w szko\u0142y, kt\u00f3rzy przygotowali imponuj\u0105c\u0105 makiet\u0119 szko\u0142y i sali gimnastycznej.<\/span><\/div>\n<div dir=\"auto\">&nbsp;<\/div>\n<div dir=\"auto\"><span style=\"color: #000080;\">Oficjalna cz\u0119\u015b\u0107 obchod\u00f3w, kt\u00f3ra odby\u0142a si\u0119 pod honorowym patronatem Pani <span class=\"xv78j7m\" spellcheck=\"false\">Marty Majewskiej &#8211; Burmistrz Miasta Hrubieszowa,<\/span> mia\u0142a wyj\u0105tkowo podnios\u0142y charakter. Co wi\u0119cej, uroczysto\u015b\u0107 wpisa\u0142a si\u0119 w obchody 625-lecia <span class=\"xv78j7m\" spellcheck=\"false\">naszego miasta<\/span>, co nada\u0142o jej dodatkowego symbolicznego znaczenia i jeszcze mocniej podkre\u015bli\u0142o wi\u0119\u017a szko\u0142y z lokaln\u0105 spo\u0142eczno\u015bci\u0105.<\/span><\/div>\n<div dir=\"auto\">&nbsp;<\/div>\n<div dir=\"auto\"><span style=\"color: #000080;\">Wzruszaj\u0105cy program artystyczny przygotowany zosta\u0142 przez wielu nauczycieli, kt\u00f3rym serdeczne podzi\u0119kowania z\u0142o\u017cy\u0142a Pani Dyrektor. Ca\u0142o\u015b\u0107 przebiega\u0142a jednak pod przewodnictwem Pani Ma\u0142gorzaty Greszety i wed\u0142ug jej orginalnego pomys\u0142u, dzi\u0119ki czemu wyst\u0119p by\u0142 sp\u00f3jny, pe\u0142en emocji i pi\u0119knie oddawa\u0142 histori\u0119 szko\u0142y.<\/span><\/div>\n<div dir=\"auto\">&nbsp;<\/div>\n<\/div>\n<div class=\"x14z9mp xat24cr x1lziwak x1vvkbs xtlvy1s x126k92a\">\n<div dir=\"auto\"><span style=\"color: #000080;\">Szczeg\u00f3lnym momentem by\u0142y przem\u00f3wienia zaproszonych go\u015bci. G\u0142os zabra\u0142 Pan Przemys\u0142aw Cieszkowski, przedstawiciel Delegatury Urz\u0119du Wojew\u00f3dzkiego w Zamo\u015bciu, kt\u00f3ry w imieniu Wojewody Lubelskiego, pana Krzysztofa Komorskiego, z\u0142o\u017cy\u0142 gratulacje i wyrazy uznania. Pani Marzena Po\u017adzik, starszy wizytator, reprezentuj\u0105ca Lubelskiego Kuratora O\u015bwiaty, Pana Tomasza Szab\u0142owskiego, podkre\u015bli\u0142a rol\u0119 szko\u0142y w wychowaniu kolejnych pokole\u0144. Pani <span class=\"html-span xdj266r x14z9mp xat24cr x1lziwak xexx8yu xyri2b x18d9i69 x1c1uobl x1hl2dhg x16tdsg8 x1vvkbs\"><span class=\"xt0psk2\"><span class=\"xjp7ctv\">Marta Majewska &#8211; Burmistrz Miasta Hrubieszowa<\/span><\/span><\/span> w swoim pe\u0142nym ciep\u0142a przem\u00f3wieniu m\u00f3wi\u0142a o szkole jak o drugim domu \u2013 miejscu, kt\u00f3re kszta\u0142tuje serca i charaktery, i w kt\u00f3rym ka\u017cdy mo\u017ce czu\u0107 si\u0119 bezpiecznie. Pani Dyrektor Edyta Kucharska odczyta\u0142a histori\u0119 szko\u0142y, przypominaj\u0105c najwa\u017cniejsze wydarzenia i osoby, kt\u00f3re przez sze\u015b\u0107 dekad tworzy\u0142y jej to\u017csamo\u015b\u0107.<\/span><\/div>\n<div dir=\"auto\">&nbsp;<\/div>\n<\/div>\n<div class=\"x14z9mp xat24cr x1lziwak x1vvkbs xtlvy1s x126k92a\">\n<div dir=\"auto\"><span style=\"color: #000080;\">Nie zabrak\u0142o gratulacji, \u017cycze\u0144 i symbolicznych upomink\u00f3w. Du\u017cym zainteresowaniem cieszy\u0142a si\u0119 wystawa kroniki szkolnych, kt\u00f3ra pozwoli\u0142a cofn\u0105\u0107 si\u0119 w czasie i zobaczy\u0107, jak zmienia\u0142a si\u0119 nasza szko\u0142a.<\/span><\/div>\n<div dir=\"auto\"><span style=\"color: #000080;\">Ten dzie\u0144 by\u0142 r\u00f3wnie\u017c wyj\u0105tkowym \u015bwiadectwem ogromnego zaanga\u017cowania du\u017cej grupy os\u00f3b z grona pedagogicznego i pracownik\u00f3w szko\u0142y. Przygotowania wymaga\u0142y wiele pracy i po\u015bwi\u0119cenia, ale widz\u0105c rado\u015b\u0107 i wzruszenie naszych go\u015bci, nie czuli\u015bmy zm\u0119czenia \u2013 czuli\u015bmy dum\u0119 i satysfakcj\u0119, \u017ce mogli\u015bmy to zrobi\u0107 dla naszej \u201eJedynki\u201d.<\/span><\/div>\n<\/div>\n<div class=\"x14z9mp xat24cr x1lziwak x1vvkbs xtlvy1s x126k92a\">\n<div dir=\"auto\"><span style=\"color: #000080;\">Spotkania przy fili\u017cance herbaty i pocz\u0119stunku sta\u0142y si\u0119 okazj\u0105 do rozm\u00f3w, odnawiania dawnych wi\u0119zi i wsp\u00f3lnego wspominania szkolnych lat. W atmosferze serdeczno\u015bci i rado\u015bci Jubileusz 60-lecia nabra\u0142 wyj\u0105tkowego charakteru \u2013 \u0142\u0105cz\u0105c pokolenia i podkre\u015blaj\u0105c ci\u0105g\u0142o\u015b\u0107 tradycji.<\/span><\/div>\n<div dir=\"auto\">&nbsp;<\/div>\n<\/div>\n<div class=\"x14z9mp xat24cr x1lziwak x1vvkbs xtlvy1s x126k92a\">\n<div dir=\"auto\"><span style=\"color: #000080;\">\u015awi\u0119to to by\u0142o nie tylko okazj\u0105 do refleksji nad minionymi latami, lecz tak\u017ce do spojrzenia w przysz\u0142o\u015b\u0107. Z dum\u0105 i entuzjazmem patrzymy na kolejne wyzwania i plany, kt\u00f3re podejmujemy, aby nasza szko\u0142a \u2013 \u201eJedynka\u201d \u2013 nadal by\u0142a miejscem, gdzie nauka, wychowanie i tradycja id\u0105 w parze z nowoczesno\u015bci\u0105 i otwarto\u015bci\u0105 na \u015bwiat.<\/span><\/div>\n<div dir=\"auto\">&nbsp;<\/div>\n<div dir=\"auto\" style=\"text-align: right;\"><span style=\"color: #000080;\">Ma\u0142gorzata Szumiata<\/span><\/div>\n<div dir=\"auto\" style=\"text-align: right;\"><span style=\"color: #000080;\">Marta Lackowska<\/span><\/div>\n<div dir=\"auto\">\nngg_shortcode_0_placeholder\n<\/div>\n<\/div>\n","protected":false},"excerpt":{"rendered":"<p>&nbsp; 19 wrze\u015bnia 2025 roku zapisa\u0142 si\u0119 z\u0142otymi zg\u0142oskami w dziejach naszej szko\u0142y. W tym dniu ca\u0142a spo\u0142eczno\u015b\u0107 Szko\u0142y Podstawowej nr 1 im. Boles\u0142awa Prusa w Hrubieszowie, wraz z licznie przyby\u0142ymi go\u015b\u0107mi, prze\u017cywa\u0142a wyj\u0105tkowe \u015bwi\u0119to \u2013 Jubileusz 60-lecia istnienia plac\u00f3wki. &nbsp; Obchody rozpocz\u0119\u0142y si\u0119 uroczystym przemarszem uczni\u00f3w, nauczycieli, pracownik\u00f3w i rodzic\u00f3w do ko\u015bcio\u0142a pw. Ducha [&hellip;]<\/p>\n","protected":false},"author":2,"featured_media":0,"parent":5983,"menu_order":0,"comment_status":"closed","ping_status":"closed","template":"","meta":{"ngg_post_thumbnail":0,"footnotes":""},"class_list":["post-29107","page","type-page","status-publish","hentry"],"_links":{"self":[{"href":"https:\/\/sp1hrubieszow.pl\/index.php\/wp-json\/wp\/v2\/pages\/29107","targetHints":{"allow":["GET"]}}],"collection":[{"href":"https:\/\/sp1hrubieszow.pl\/index.php\/wp-json\/wp\/v2\/pages"}],"about":[{"href":"https:\/\/sp1hrubieszow.pl\/index.php\/wp-json\/wp\/v2\/types\/page"}],"author":[{"embeddable":true,"href":"https:\/\/sp1hrubieszow.pl\/index.php\/wp-json\/wp\/v2\/users\/2"}],"replies":[{"embeddable":true,"href":"https:\/\/sp1hrubieszow.pl\/index.php\/wp-json\/wp\/v2\/comments?post=29107"}],"version-history":[{"count":6,"href":"https:\/\/sp1hrubieszow.pl\/index.php\/wp-json\/wp\/v2\/pages\/29107\/revisions"}],"predecessor-version":[{"id":29128,"href":"https:\/\/sp1hrubieszow.pl\/index.php\/wp-json\/wp\/v2\/pages\/29107\/revisions\/29128"}],"up":[{"embeddable":true,"href":"https:\/\/sp1hrubieszow.pl\/index.php\/wp-json\/wp\/v2\/pages\/5983"}],"wp:attachment":[{"href":"https:\/\/sp1hrubieszow.pl\/index.php\/wp-json\/wp\/v2\/media?parent=29107"}],"curies":[{"name":"wp","href":"https:\/\/api.w.org\/{rel}","templated":true}]}}