{"id":2910,"date":"2019-11-12T21:09:27","date_gmt":"2019-11-12T20:09:27","guid":{"rendered":"http:\/\/sp1.hrubieszow.info\/?page_id=2910"},"modified":"2019-11-13T20:33:41","modified_gmt":"2019-11-13T19:33:41","slug":"mikolajkowy-zawrot-glowy","status":"publish","type":"page","link":"https:\/\/sp1hrubieszow.pl\/index.php\/kronika-2019-2020\/mikolajkowy-zawrot-glowy\/","title":{"rendered":"&#8222;MIKO\u0141AJKOWY ZAWR\u00d3T G\u0141OWY&#8221;"},"content":{"rendered":"\n<p>Uwaga! Zbi\u00f3rka dar\u00f3w na rzecz chorych dzieci z Hrubieszowa i Lublina!<br><span style=\"color: #000080;\">Nasza szko\u0142a w\u0142\u0105czy\u0142a si\u0119 w akcj\u0119 pomocy dzieciom z Oddzia\u0142u Onkologicznego Szpitala Dzieci\u0119cego w Lublinie a tak\u017ce Oddzia\u0142u Dzieci\u0119cego w Hrubieszowie. Zbieramy zabawki, gry,ksi\u0105\u017cki, gad\u017cety elektroniczne, materia\u0142y papiernicze i wszystkie inne przedmioty, kt\u00f3re umil\u0105 pobyt w szpitalu chorym dzieciom. Warunkiem pomocy dzieciom z Oddzia\u0142u Onkologicznego w Lublinie jest oddanie na zbi\u00f3rk\u0119 rzeczy nowych, co j<span class=\"text_exposed_show\">est podyktowane trosk\u0105 o zdrowie dzieci z obni\u017con\u0105 odporno\u015bci\u0105. Na zbi\u00f3rk\u0119 dla Oddzia\u0142u Dzieci\u0119cego w Hrubieszowie mo\u017cliwe jest przekazanie rzeczy u\u017cywanych w dobrym stanie, tu zale\u017cy nam przede wszystkim na ksi\u0105\u017ceczkach, puzzlach, kredkach, kolorowankach oraz blokach rysunkowych. Zach\u0119camy Was do ofiarowania czego\u015b na ten szczytny cel. Mamy nadziej\u0119, \u017ce uda nam si\u0119 dostarczy\u0107 mi\u0142e upominki podopiecznym szpitali w Hrubieszowie i Lublinie jeszcze przed grudniowymi \u015bwi\u0119tami. W akcj\u0119 w\u0142\u0105czyli si\u0119 wolontariusze z naszej szko\u0142y, zw\u0142aszcza uczniowie klas \u00f3smych.Wolontariusze b\u0119d\u0105 odwiedza\u0107 uczni\u00f3w poszczeg\u00f3lnych klas w pi\u0105tki podczas zaj\u0119\u0107 z wychowawc\u0105, wtedy mo\u017cecie przekaza\u0107 co\u015b na zbi\u00f3rk\u0119 dar\u00f3w. Informacji udzielaj\u0105 oraz s\u0142u\u017c\u0105 pomoc\u0105 nast\u0119puj\u0105cy nauczyciele SP nr 1 w Hrubieszowie :pani Paulina Seweryn, pani Justyna Przybik, Ks. Witold Bednarz, pani Marta Lackowska, pani Marta Kuczy\u0144ska, pani Agnieszka Kolano. Zapraszamy do udzia\u0142u w akcji!<\/span><\/span><\/p>\nngg_shortcode_0_placeholder\nngg_shortcode_1_placeholder\n","protected":false},"excerpt":{"rendered":"<p>Uwaga! Zbi\u00f3rka dar\u00f3w na rzecz chorych dzieci z Hrubieszowa i Lublina!Nasza szko\u0142a w\u0142\u0105czy\u0142a si\u0119 w akcj\u0119 pomocy dzieciom z Oddzia\u0142u Onkologicznego Szpitala Dzieci\u0119cego w Lublinie a tak\u017ce Oddzia\u0142u Dzieci\u0119cego w Hrubieszowie. Zbieramy zabawki, gry,ksi\u0105\u017cki, gad\u017cety elektroniczne, materia\u0142y papiernicze i wszystkie inne przedmioty, kt\u00f3re umil\u0105 pobyt w szpitalu chorym dzieciom. Warunkiem pomocy dzieciom z Oddzia\u0142u Onkologicznego [&hellip;]<\/p>\n","protected":false},"author":2,"featured_media":0,"parent":2167,"menu_order":0,"comment_status":"closed","ping_status":"closed","template":"","meta":{"ngg_post_thumbnail":0,"footnotes":""},"class_list":["post-2910","page","type-page","status-publish","hentry"],"_links":{"self":[{"href":"https:\/\/sp1hrubieszow.pl\/index.php\/wp-json\/wp\/v2\/pages\/2910","targetHints":{"allow":["GET"]}}],"collection":[{"href":"https:\/\/sp1hrubieszow.pl\/index.php\/wp-json\/wp\/v2\/pages"}],"about":[{"href":"https:\/\/sp1hrubieszow.pl\/index.php\/wp-json\/wp\/v2\/types\/page"}],"author":[{"embeddable":true,"href":"https:\/\/sp1hrubieszow.pl\/index.php\/wp-json\/wp\/v2\/users\/2"}],"replies":[{"embeddable":true,"href":"https:\/\/sp1hrubieszow.pl\/index.php\/wp-json\/wp\/v2\/comments?post=2910"}],"version-history":[{"count":3,"href":"https:\/\/sp1hrubieszow.pl\/index.php\/wp-json\/wp\/v2\/pages\/2910\/revisions"}],"predecessor-version":[{"id":2968,"href":"https:\/\/sp1hrubieszow.pl\/index.php\/wp-json\/wp\/v2\/pages\/2910\/revisions\/2968"}],"up":[{"embeddable":true,"href":"https:\/\/sp1hrubieszow.pl\/index.php\/wp-json\/wp\/v2\/pages\/2167"}],"wp:attachment":[{"href":"https:\/\/sp1hrubieszow.pl\/index.php\/wp-json\/wp\/v2\/media?parent=2910"}],"curies":[{"name":"wp","href":"https:\/\/api.w.org\/{rel}","templated":true}]}}